{"id":97613,"date":"2025-04-11T13:52:54","date_gmt":"2025-04-11T12:52:54","guid":{"rendered":"https:\/\/barnes-portugal.com\/escolas-internacionais-porto\/"},"modified":"2025-04-11T14:12:09","modified_gmt":"2025-04-11T13:12:09","slug":"international-schools-porto","status":"publish","type":"page","link":"https:\/\/barnes-portugal.com\/en\/international-schools-porto\/","title":{"rendered":"International Schools &#8211; Porto"},"content":{"rendered":"<div class=\"text-wrapper\"><p class=\"p1\"><strong>Oporto British School\u00a0<\/strong> \u2013 British education | 3-18 years | 500 students<\/p>\n<p class=\"p1\">British Curriculum (IGCSE and A-Levels) or International Baccalaureate Diploma Programme (IBDP) in the last 2 years.<\/p>\n<p class=\"p1\">Address: Rua da Cerca, 326, 4150-201 Porto<\/p>\n<p class=\"p1\">Website: <a href=\"http:\/\/www.obs.edu.pt\/\"><span class=\"s1\">www.obs.edu.pt\/<\/span><\/a> | Email: <a href=\"mailto:admissions@obs.edu.pt\"><span class=\"s1\">admissions@obs.edu.pt<\/span><\/a><\/p>\n<p>&nbsp;<\/p>\n<p class=\"p1\"><strong>CLIP &#8211; The Oporto International School<\/strong> \u2013 British Education | 3-18 years | 1000 students<\/p>\n<p class=\"p1\">Cambridge curriculum (IGCSE and A-Levels) with an international approach and a focus on students&#8217; global development.<\/p>\n<p class=\"p1\">Address: Rua de Vila Nova, 1071, 4100-506 Porto<\/p>\n<p class=\"p1\">Website: <a href=\"http:\/\/www.clip.pt\/\"><span class=\"s1\">www.clip.pt\/<\/span><\/a> | Email: <a href=\"mailto:info@clip.pt\"><span class=\"s1\">info@clip.pt<\/span><\/a><\/p>\n<p>&nbsp;<\/p>\n<p class=\"p1\"><strong>Lyc\u00e9e Fran\u00e7ais International de Porto<\/strong> \u2013 French teaching | 3-18 years | 900 students<\/p>\n<p class=\"p1\">Curriculum of the French Education System, culminating in the Baccalaur\u00e9at Fran\u00e7ais with the possibility of multilingual teaching.<\/p>\n<p class=\"p1\">Address: Rua Gil Eanes, 20, 4150-348 Porto<\/p>\n<p class=\"p1\">Website: <a href=\"https:\/\/www.lfip.pt\/fr\"><span class=\"s1\">www.lfip.pt\/fr<\/span><\/a> | Email: <a href=\"mailto:secretariat@lfip.pt\"><span class=\"s1\">secretariat@lfip.pt<\/span><\/a><\/p>\n<p>&nbsp;<\/p>\n<p class=\"p1\"><strong>German School of Porto (Deutsche Schule zu Porto)<\/strong> \u2013 German education | 3-18 years | 700 students<\/p>\n<p class=\"p1\">Curriculum of the German education system, culminating in the Abitur, which allows access to international universities. Bilingual German-Portuguese teaching with English reinforcement.<\/p>\n<p class=\"p1\">Address: Rua Guerra Junqueiro, 162, 4150-386 Porto<\/p>\n<p class=\"p1\">Website: <a href=\"https:\/\/www.dsporto.de\/\"><span class=\"s1\">www.dsporto.de\/<\/span><\/a> | Email: <a href=\"mailto:info@dsporto.de\"><span class=\"s1\">info@dsporto.de<\/span><\/a><\/p>\n<p>&nbsp;<\/p>\n<\/div>","protected":false},"excerpt":{"rendered":"<p class=\"post-excerpt\">Oporto British School\u00a0 \u2013 British education | 3-18 years | 500 students British Curriculum (IGCSE and A-Levels) or International Baccalaureate Diploma Programme (IBDP) in the&#8230;\n<\/p>","protected":false},"author":1,"featured_media":62706,"parent":0,"menu_order":0,"comment_status":"closed","ping_status":"closed","template":"","meta":{"_acf_changed":false,"footnotes":""},"class_list":["page","has-post-thumbnail"],"acf":[],"yoast_head":"<!-- This site is optimized with the Yoast SEO plugin v24.6 - https:\/\/yoast.com\/wordpress\/plugins\/seo\/ -->\n<title>Escolas Internacionais em Lisboa | BARNES Realty | Portugal<\/title>\n<meta name=\"description\" content=\"Lisboa, como tamb\u00e9m outras regi\u00f5es do pa\u00eds, disp\u00f5em de m\u00faltiplas escolas internacionais de modo acolher estudantes de diversos pa\u00edses.\" \/>\n<meta name=\"robots\" content=\"index, follow, max-snippet:-1, max-image-preview:large, max-video-preview:-1\" \/>\n<link rel=\"canonical\" href=\"https:\/\/barnes-portugal.com\/en\/international-schools-porto\/\" \/>\n<meta property=\"og:locale\" content=\"en_US\" \/>\n<meta property=\"og:type\" content=\"article\" \/>\n<meta property=\"og:title\" content=\"Escolas Internacionais em Lisboa | BARNES Realty | Portugal\" \/>\n<meta property=\"og:description\" content=\"Lisboa, como tamb\u00e9m outras regi\u00f5es do pa\u00eds, disp\u00f5em de m\u00faltiplas escolas internacionais de modo acolher estudantes de diversos pa\u00edses.\" \/>\n<meta property=\"og:url\" content=\"https:\/\/barnes-portugal.com\/en\/international-schools-porto\/\" \/>\n<meta property=\"og:site_name\" content=\"BARNES Realty | Portugal\" \/>\n<meta property=\"article:publisher\" content=\"https:\/\/www.facebook.com\/barnesportugal\" \/>\n<meta property=\"article:modified_time\" content=\"2025-04-11T13:12:09+00:00\" \/>\n<meta property=\"og:image\" content=\"https:\/\/barnes-portugal.com\/wp-content\/uploads\/banner-escolas-internacionais-lisboa-min.jpg\" \/>\n\t<meta property=\"og:image:width\" content=\"1370\" \/>\n\t<meta property=\"og:image:height\" content=\"500\" \/>\n\t<meta property=\"og:image:type\" content=\"image\/jpeg\" \/>\n<meta name=\"twitter:card\" content=\"summary_large_image\" \/>\n<meta name=\"twitter:label1\" content=\"Est. reading time\" \/>\n\t<meta name=\"twitter:data1\" content=\"1 minute\" \/>\n<script type=\"application\/ld+json\" class=\"yoast-schema-graph\">{\"@context\":\"https:\/\/schema.org\",\"@graph\":[{\"@type\":\"WebPage\",\"@id\":\"https:\/\/barnes-portugal.com\/en\/international-schools-porto\/\",\"url\":\"https:\/\/barnes-portugal.com\/en\/international-schools-porto\/\",\"name\":\"Escolas Internacionais em Lisboa | BARNES Realty | Portugal\",\"isPartOf\":{\"@id\":\"https:\/\/barnes-portugal.com\/en\/#website\"},\"primaryImageOfPage\":{\"@id\":\"https:\/\/barnes-portugal.com\/en\/international-schools-porto\/#primaryimage\"},\"image\":{\"@id\":\"https:\/\/barnes-portugal.com\/en\/international-schools-porto\/#primaryimage\"},\"thumbnailUrl\":\"https:\/\/barnes-portugal.com\/wp-content\/uploads\/banner-escolas-internacionais-lisboa-min.jpg\",\"datePublished\":\"2025-04-11T12:52:54+00:00\",\"dateModified\":\"2025-04-11T13:12:09+00:00\",\"description\":\"Lisboa, como tamb\u00e9m outras regi\u00f5es do pa\u00eds, disp\u00f5em de m\u00faltiplas escolas internacionais de modo acolher estudantes de diversos pa\u00edses.\",\"breadcrumb\":{\"@id\":\"https:\/\/barnes-portugal.com\/en\/international-schools-porto\/#breadcrumb\"},\"inLanguage\":\"en-US\",\"potentialAction\":[{\"@type\":\"ReadAction\",\"target\":[\"https:\/\/barnes-portugal.com\/en\/international-schools-porto\/\"]}]},{\"@type\":\"ImageObject\",\"inLanguage\":\"en-US\",\"@id\":\"https:\/\/barnes-portugal.com\/en\/international-schools-porto\/#primaryimage\",\"url\":\"https:\/\/barnes-portugal.com\/wp-content\/uploads\/banner-escolas-internacionais-lisboa-min.jpg\",\"contentUrl\":\"https:\/\/barnes-portugal.com\/wp-content\/uploads\/banner-escolas-internacionais-lisboa-min.jpg\",\"width\":1370,\"height\":500,\"caption\":\"International Schools\"},{\"@type\":\"BreadcrumbList\",\"@id\":\"https:\/\/barnes-portugal.com\/en\/international-schools-porto\/#breadcrumb\",\"itemListElement\":[{\"@type\":\"ListItem\",\"position\":1,\"name\":\"In\u00edcio\",\"item\":\"https:\/\/barnes-portugal.com\/en\/\"},{\"@type\":\"ListItem\",\"position\":2,\"name\":\"International Schools &#8211; Porto\"}]},{\"@type\":\"WebSite\",\"@id\":\"https:\/\/barnes-portugal.com\/en\/#website\",\"url\":\"https:\/\/barnes-portugal.com\/en\/\",\"name\":\"BARNES Realty | Portugal\",\"description\":\"International Luxury Real Estate\",\"publisher\":{\"@id\":\"https:\/\/barnes-portugal.com\/en\/#organization\"},\"potentialAction\":[{\"@type\":\"SearchAction\",\"target\":{\"@type\":\"EntryPoint\",\"urlTemplate\":\"https:\/\/barnes-portugal.com\/en\/?s={search_term_string}\"},\"query-input\":{\"@type\":\"PropertyValueSpecification\",\"valueRequired\":true,\"valueName\":\"search_term_string\"}}],\"inLanguage\":\"en-US\"},{\"@type\":\"Organization\",\"@id\":\"https:\/\/barnes-portugal.com\/en\/#organization\",\"name\":\"BARNES Realty | Portugal\",\"url\":\"https:\/\/barnes-portugal.com\/en\/\",\"logo\":{\"@type\":\"ImageObject\",\"inLanguage\":\"en-US\",\"@id\":\"https:\/\/barnes-portugal.com\/en\/#\/schema\/logo\/image\/\",\"url\":\"https:\/\/barnes-portugal.com\/wp-content\/uploads\/barnes-logo-inverse.png\",\"contentUrl\":\"https:\/\/barnes-portugal.com\/wp-content\/uploads\/barnes-logo-inverse.png\",\"width\":145,\"height\":39,\"caption\":\"BARNES Realty | Portugal\"},\"image\":{\"@id\":\"https:\/\/barnes-portugal.com\/en\/#\/schema\/logo\/image\/\"},\"sameAs\":[\"https:\/\/www.facebook.com\/barnesportugal\",\"https:\/\/www.instagram.com\/barnes_portugal\/\",\"https:\/\/www.linkedin.com\/company\/729926\/\"]}]}<\/script>\n<!-- \/ Yoast SEO plugin. -->","yoast_head_json":{"title":"Escolas Internacionais em Lisboa | BARNES Realty | Portugal","description":"Lisboa, como tamb\u00e9m outras regi\u00f5es do pa\u00eds, disp\u00f5em de m\u00faltiplas escolas internacionais de modo acolher estudantes de diversos pa\u00edses.","robots":{"index":"index","follow":"follow","max-snippet":"max-snippet:-1","max-image-preview":"max-image-preview:large","max-video-preview":"max-video-preview:-1"},"canonical":"https:\/\/barnes-portugal.com\/en\/international-schools-porto\/","og_locale":"en_US","og_type":"article","og_title":"Escolas Internacionais em Lisboa | BARNES Realty | Portugal","og_description":"Lisboa, como tamb\u00e9m outras regi\u00f5es do pa\u00eds, disp\u00f5em de m\u00faltiplas escolas internacionais de modo acolher estudantes de diversos pa\u00edses.","og_url":"https:\/\/barnes-portugal.com\/en\/international-schools-porto\/","og_site_name":"BARNES Realty | Portugal","article_publisher":"https:\/\/www.facebook.com\/barnesportugal","article_modified_time":"2025-04-11T13:12:09+00:00","og_image":[{"width":1370,"height":500,"url":"https:\/\/barnes-portugal.com\/wp-content\/uploads\/banner-escolas-internacionais-lisboa-min.jpg","type":"image\/jpeg"}],"twitter_card":"summary_large_image","twitter_misc":{"Est. reading time":"1 minute"},"schema":{"@context":"https:\/\/schema.org","@graph":[{"@type":"WebPage","@id":"https:\/\/barnes-portugal.com\/en\/international-schools-porto\/","url":"https:\/\/barnes-portugal.com\/en\/international-schools-porto\/","name":"Escolas Internacionais em Lisboa | BARNES Realty | Portugal","isPartOf":{"@id":"https:\/\/barnes-portugal.com\/en\/#website"},"primaryImageOfPage":{"@id":"https:\/\/barnes-portugal.com\/en\/international-schools-porto\/#primaryimage"},"image":{"@id":"https:\/\/barnes-portugal.com\/en\/international-schools-porto\/#primaryimage"},"thumbnailUrl":"https:\/\/barnes-portugal.com\/wp-content\/uploads\/banner-escolas-internacionais-lisboa-min.jpg","datePublished":"2025-04-11T12:52:54+00:00","dateModified":"2025-04-11T13:12:09+00:00","description":"Lisboa, como tamb\u00e9m outras regi\u00f5es do pa\u00eds, disp\u00f5em de m\u00faltiplas escolas internacionais de modo acolher estudantes de diversos pa\u00edses.","breadcrumb":{"@id":"https:\/\/barnes-portugal.com\/en\/international-schools-porto\/#breadcrumb"},"inLanguage":"en-US","potentialAction":[{"@type":"ReadAction","target":["https:\/\/barnes-portugal.com\/en\/international-schools-porto\/"]}]},{"@type":"ImageObject","inLanguage":"en-US","@id":"https:\/\/barnes-portugal.com\/en\/international-schools-porto\/#primaryimage","url":"https:\/\/barnes-portugal.com\/wp-content\/uploads\/banner-escolas-internacionais-lisboa-min.jpg","contentUrl":"https:\/\/barnes-portugal.com\/wp-content\/uploads\/banner-escolas-internacionais-lisboa-min.jpg","width":1370,"height":500,"caption":"International Schools"},{"@type":"BreadcrumbList","@id":"https:\/\/barnes-portugal.com\/en\/international-schools-porto\/#breadcrumb","itemListElement":[{"@type":"ListItem","position":1,"name":"In\u00edcio","item":"https:\/\/barnes-portugal.com\/en\/"},{"@type":"ListItem","position":2,"name":"International Schools &#8211; Porto"}]},{"@type":"WebSite","@id":"https:\/\/barnes-portugal.com\/en\/#website","url":"https:\/\/barnes-portugal.com\/en\/","name":"BARNES Realty | Portugal","description":"International Luxury Real Estate","publisher":{"@id":"https:\/\/barnes-portugal.com\/en\/#organization"},"potentialAction":[{"@type":"SearchAction","target":{"@type":"EntryPoint","urlTemplate":"https:\/\/barnes-portugal.com\/en\/?s={search_term_string}"},"query-input":{"@type":"PropertyValueSpecification","valueRequired":true,"valueName":"search_term_string"}}],"inLanguage":"en-US"},{"@type":"Organization","@id":"https:\/\/barnes-portugal.com\/en\/#organization","name":"BARNES Realty | Portugal","url":"https:\/\/barnes-portugal.com\/en\/","logo":{"@type":"ImageObject","inLanguage":"en-US","@id":"https:\/\/barnes-portugal.com\/en\/#\/schema\/logo\/image\/","url":"https:\/\/barnes-portugal.com\/wp-content\/uploads\/barnes-logo-inverse.png","contentUrl":"https:\/\/barnes-portugal.com\/wp-content\/uploads\/barnes-logo-inverse.png","width":145,"height":39,"caption":"BARNES Realty | Portugal"},"image":{"@id":"https:\/\/barnes-portugal.com\/en\/#\/schema\/logo\/image\/"},"sameAs":["https:\/\/www.facebook.com\/barnesportugal","https:\/\/www.instagram.com\/barnes_portugal\/","https:\/\/www.linkedin.com\/company\/729926\/"]}]}},"_links":{"self":[{"href":"https:\/\/barnes-portugal.com\/en\/wp-json\/wp\/v2\/pages\/97613"}],"collection":[{"href":"https:\/\/barnes-portugal.com\/en\/wp-json\/wp\/v2\/pages"}],"about":[{"href":"https:\/\/barnes-portugal.com\/en\/wp-json\/wp\/v2\/types\/page"}],"author":[{"embeddable":true,"href":"https:\/\/barnes-portugal.com\/en\/wp-json\/wp\/v2\/users\/1"}],"replies":[{"embeddable":true,"href":"https:\/\/barnes-portugal.com\/en\/wp-json\/wp\/v2\/comments?post=97613"}],"version-history":[{"count":5,"href":"https:\/\/barnes-portugal.com\/en\/wp-json\/wp\/v2\/pages\/97613\/revisions"}],"predecessor-version":[{"id":97624,"href":"https:\/\/barnes-portugal.com\/en\/wp-json\/wp\/v2\/pages\/97613\/revisions\/97624"}],"wp:featuredmedia":[{"embeddable":true,"href":"https:\/\/barnes-portugal.com\/en\/wp-json\/wp\/v2\/media\/62706"}],"wp:attachment":[{"href":"https:\/\/barnes-portugal.com\/en\/wp-json\/wp\/v2\/media?parent=97613"}],"curies":[{"name":"wp","href":"https:\/\/api.w.org\/{rel}","templated":true}]}}