{"id":11565,"date":"2018-03-14T17:05:25","date_gmt":"2018-03-14T17:05:25","guid":{"rendered":"http:\/\/barnes-portugal.test:8888\/?page_id=11565"},"modified":"2022-11-04T12:20:44","modified_gmt":"2022-11-04T12:20:44","slug":"nos-contacts","status":"publish","type":"page","link":"https:\/\/barnes-portugal.com\/fr\/nos-contacts\/","title":{"rendered":"Nos Contacts"},"content":{"rendered":"<div class=\"text-wrapper\"><p>Nos Contacts<\/p>\n<p>BARNES International Realty est entr\u00e9 au Portugal en 2014, par la main d&rsquo;un groupe portugais exp\u00e9riment\u00e9 sur le march\u00e9 immobilier. En ce sens, elle est entr\u00e9e dans le but de servir un portefeuille croissant de clients particuliers \u00e0 valeur nette \u00e9lev\u00e9e et ultra \u00e9lev\u00e9e.<\/p>\n<p>De m\u00eame, pour identifier et s\u00e9lectionner les propri\u00e9t\u00e9s les plus exclusives et les meilleures opportunit\u00e9s commerciales.\u00a0Barnes Portugal.<\/p>\n<p>Une marque de luxe sp\u00e9cialis\u00e9e dans l&rsquo;immobilier.\u00a0Barnes International s&rsquo;est distingu\u00e9e en tant que consultant immobilier dans le segment premium au cours des 20 derni\u00e8res ann\u00e9es, devenant l&rsquo;acteur principal du march\u00e9 immobilier franco-suisse.\u00a0Elle est actuellement repr\u00e9sent\u00e9e dans des dizaines de pays, notamment avec des repr\u00e9sentations \u00e0 Paris, Bordeaux, Bruxelles, Corse, Monaco, Gen\u00e8ve, Londres, New York, Miami, Saint Barth, Tel Aviv, Moscou, Singapour, Hong Kong, Madrid, Barcelone, Maroc et <a href=\"https:\/\/barnes-portugal.com\/fr\/\">Lisbonne<\/a>.\u00a0\u00c0 travers le r\u00e9seau du groupe avec une pr\u00e9sence mondiale, et une \u00e9quipe de consultants hautement qualifi\u00e9s, il offre \u00e0 ses clients, ainsi qu&rsquo;\u00e0 ses partenaires, un excellent service, dans le but de trouver une proposition qui correspond, voire d\u00e9passe les attentes des personnes int\u00e9ress\u00e9es. l&rsquo;immobilier dans un segment haut et tr\u00e8s haut.\u00a0Ceci n&rsquo;est possible que gr\u00e2ce \u00e0 une structure solide. Mais aussi \u00e0 la relation \u00e9troite que <a href=\"https:\/\/www.facebook.com\/barnesportugal\">Barnes<\/a> International encourage, \u00e0 la fois avec ses repr\u00e9sentants et avec toutes les parties prenantes. Ce fut sans aucun doute l&rsquo;un des facteurs de succ\u00e8s du Groupe au fil du temps. C&rsquo;est donc cette relation de proximit\u00e9 que nous souhaitons \u00e9galement instaurer avec tous nos partenaires. (Nos Contacts)<\/p>\n<p><a class=\"block-title link-grey-dark\" title=\"Boutique Lisboa\" href=\"https:\/\/barnes-portugal.com\/fr\/nos-contacts\/la-boutique-lisbonne\/\">Boutique Lisboa<\/a><\/p>\n<p class=\"block-info\">Largo de S\u00e3o Carlos, Rua Paiva de Andrada, 3<br \/>\n1200-310 Lisboa<\/p>\n<p><a class=\"block-title link-grey-dark\" title=\"Boutique Cascais\" href=\"https:\/\/barnes-portugal.com\/fr\/nos-contacts\/la-boutique-cascais\/\">Boutique Cascais<\/a><\/p>\n<p class=\"block-info\">Pra\u00e7a Dr. Francisco S\u00e1 Carneiro, 1<br \/>\n2750-350 Cascais<\/p>\n<\/div>","protected":false},"excerpt":{"rendered":"<p class=\"post-excerpt\">Nos Contacts BARNES International Realty est entr\u00e9 au Portugal en 2014, par la main d&rsquo;un groupe portugais exp\u00e9riment\u00e9 sur le march\u00e9 immobilier. En ce sens,&#8230;\n<\/p>","protected":false},"author":3,"featured_media":72576,"parent":0,"menu_order":0,"comment_status":"closed","ping_status":"closed","template":"template-contacts.php","meta":{"_acf_changed":false,"footnotes":""},"class_list":["page","has-post-thumbnail"],"acf":[],"yoast_head":"<!-- This site is optimized with the Yoast SEO plugin v24.6 - https:\/\/yoast.com\/wordpress\/plugins\/seo\/ -->\n<title>Nos Contacts | Immobilier | BARNES Realty | Portugal<\/title>\n<meta name=\"description\" content=\"Vous trouverez ici les contacts de nos boutiques \u00e0 Lisbonne et Cascais. Trouvez la propri\u00e9t\u00e9 de vos r\u00eaves avec l&#039;aide de BARNES Portugal.\" \/>\n<meta name=\"robots\" content=\"index, follow, max-snippet:-1, max-image-preview:large, max-video-preview:-1\" \/>\n<link rel=\"canonical\" href=\"https:\/\/barnes-portugal.com\/fr\/nos-contacts\/\" \/>\n<meta property=\"og:locale\" content=\"fr_FR\" \/>\n<meta property=\"og:type\" content=\"article\" \/>\n<meta property=\"og:title\" content=\"Nos Contacts | Immobilier | BARNES Realty | Portugal\" \/>\n<meta property=\"og:description\" content=\"Vous trouverez ici les contacts de nos boutiques \u00e0 Lisbonne et Cascais. Trouvez la propri\u00e9t\u00e9 de vos r\u00eaves avec l&#039;aide de BARNES Portugal.\" \/>\n<meta property=\"og:url\" content=\"https:\/\/barnes-portugal.com\/fr\/nos-contacts\/\" \/>\n<meta property=\"og:site_name\" content=\"BARNES Realty | Portugal\" \/>\n<meta property=\"article:publisher\" content=\"https:\/\/www.facebook.com\/barnesportugal\" \/>\n<meta property=\"article:modified_time\" content=\"2022-11-04T12:20:44+00:00\" \/>\n<meta property=\"og:image\" content=\"https:\/\/barnes-portugal.com\/wp-content\/uploads\/contactos-banner-min.jpg\" \/>\n\t<meta property=\"og:image:width\" content=\"1370\" \/>\n\t<meta property=\"og:image:height\" content=\"500\" \/>\n\t<meta property=\"og:image:type\" content=\"image\/jpeg\" \/>\n<meta name=\"twitter:card\" content=\"summary_large_image\" \/>\n<meta name=\"twitter:label1\" content=\"Dur\u00e9e de lecture estim\u00e9e\" \/>\n\t<meta name=\"twitter:data1\" content=\"1 minute\" \/>\n<script type=\"application\/ld+json\" class=\"yoast-schema-graph\">{\"@context\":\"https:\/\/schema.org\",\"@graph\":[{\"@type\":\"WebPage\",\"@id\":\"https:\/\/barnes-portugal.com\/fr\/nos-contacts\/\",\"url\":\"https:\/\/barnes-portugal.com\/fr\/nos-contacts\/\",\"name\":\"Nos Contacts | Immobilier | BARNES Realty | Portugal\",\"isPartOf\":{\"@id\":\"https:\/\/barnes-portugal.com\/fr\/#website\"},\"primaryImageOfPage\":{\"@id\":\"https:\/\/barnes-portugal.com\/fr\/nos-contacts\/#primaryimage\"},\"image\":{\"@id\":\"https:\/\/barnes-portugal.com\/fr\/nos-contacts\/#primaryimage\"},\"thumbnailUrl\":\"https:\/\/barnes-portugal.com\/wp-content\/uploads\/contactos-banner-min.jpg\",\"datePublished\":\"2018-03-14T17:05:25+00:00\",\"dateModified\":\"2022-11-04T12:20:44+00:00\",\"description\":\"Vous trouverez ici les contacts de nos boutiques \u00e0 Lisbonne et Cascais. Trouvez la propri\u00e9t\u00e9 de vos r\u00eaves avec l'aide de BARNES Portugal.\",\"breadcrumb\":{\"@id\":\"https:\/\/barnes-portugal.com\/fr\/nos-contacts\/#breadcrumb\"},\"inLanguage\":\"fr-FR\",\"potentialAction\":[{\"@type\":\"ReadAction\",\"target\":[\"https:\/\/barnes-portugal.com\/fr\/nos-contacts\/\"]}]},{\"@type\":\"ImageObject\",\"inLanguage\":\"fr-FR\",\"@id\":\"https:\/\/barnes-portugal.com\/fr\/nos-contacts\/#primaryimage\",\"url\":\"https:\/\/barnes-portugal.com\/wp-content\/uploads\/contactos-banner-min.jpg\",\"contentUrl\":\"https:\/\/barnes-portugal.com\/wp-content\/uploads\/contactos-banner-min.jpg\",\"width\":1370,\"height\":500,\"caption\":\"Contactos\"},{\"@type\":\"BreadcrumbList\",\"@id\":\"https:\/\/barnes-portugal.com\/fr\/nos-contacts\/#breadcrumb\",\"itemListElement\":[{\"@type\":\"ListItem\",\"position\":1,\"name\":\"In\u00edcio\",\"item\":\"https:\/\/barnes-portugal.com\/fr\/\"},{\"@type\":\"ListItem\",\"position\":2,\"name\":\"Nos Contacts\"}]},{\"@type\":\"WebSite\",\"@id\":\"https:\/\/barnes-portugal.com\/fr\/#website\",\"url\":\"https:\/\/barnes-portugal.com\/fr\/\",\"name\":\"BARNES Realty | Portugal\",\"description\":\"International Luxury Real Estate\",\"publisher\":{\"@id\":\"https:\/\/barnes-portugal.com\/fr\/#organization\"},\"potentialAction\":[{\"@type\":\"SearchAction\",\"target\":{\"@type\":\"EntryPoint\",\"urlTemplate\":\"https:\/\/barnes-portugal.com\/fr\/?s={search_term_string}\"},\"query-input\":{\"@type\":\"PropertyValueSpecification\",\"valueRequired\":true,\"valueName\":\"search_term_string\"}}],\"inLanguage\":\"fr-FR\"},{\"@type\":\"Organization\",\"@id\":\"https:\/\/barnes-portugal.com\/fr\/#organization\",\"name\":\"BARNES Realty | Portugal\",\"url\":\"https:\/\/barnes-portugal.com\/fr\/\",\"logo\":{\"@type\":\"ImageObject\",\"inLanguage\":\"fr-FR\",\"@id\":\"https:\/\/barnes-portugal.com\/fr\/#\/schema\/logo\/image\/\",\"url\":\"https:\/\/barnes-portugal.com\/wp-content\/uploads\/barnes-logo-inverse.png\",\"contentUrl\":\"https:\/\/barnes-portugal.com\/wp-content\/uploads\/barnes-logo-inverse.png\",\"width\":145,\"height\":39,\"caption\":\"BARNES Realty | Portugal\"},\"image\":{\"@id\":\"https:\/\/barnes-portugal.com\/fr\/#\/schema\/logo\/image\/\"},\"sameAs\":[\"https:\/\/www.facebook.com\/barnesportugal\",\"https:\/\/www.instagram.com\/barnes_portugal\/\",\"https:\/\/www.linkedin.com\/company\/729926\/\"]}]}<\/script>\n<!-- \/ Yoast SEO plugin. -->","yoast_head_json":{"title":"Nos Contacts | Immobilier | BARNES Realty | Portugal","description":"Vous trouverez ici les contacts de nos boutiques \u00e0 Lisbonne et Cascais. Trouvez la propri\u00e9t\u00e9 de vos r\u00eaves avec l'aide de BARNES Portugal.","robots":{"index":"index","follow":"follow","max-snippet":"max-snippet:-1","max-image-preview":"max-image-preview:large","max-video-preview":"max-video-preview:-1"},"canonical":"https:\/\/barnes-portugal.com\/fr\/nos-contacts\/","og_locale":"fr_FR","og_type":"article","og_title":"Nos Contacts | Immobilier | BARNES Realty | Portugal","og_description":"Vous trouverez ici les contacts de nos boutiques \u00e0 Lisbonne et Cascais. Trouvez la propri\u00e9t\u00e9 de vos r\u00eaves avec l'aide de BARNES Portugal.","og_url":"https:\/\/barnes-portugal.com\/fr\/nos-contacts\/","og_site_name":"BARNES Realty | Portugal","article_publisher":"https:\/\/www.facebook.com\/barnesportugal","article_modified_time":"2022-11-04T12:20:44+00:00","og_image":[{"width":1370,"height":500,"url":"https:\/\/barnes-portugal.com\/wp-content\/uploads\/contactos-banner-min.jpg","type":"image\/jpeg"}],"twitter_card":"summary_large_image","twitter_misc":{"Dur\u00e9e de lecture estim\u00e9e":"1 minute"},"schema":{"@context":"https:\/\/schema.org","@graph":[{"@type":"WebPage","@id":"https:\/\/barnes-portugal.com\/fr\/nos-contacts\/","url":"https:\/\/barnes-portugal.com\/fr\/nos-contacts\/","name":"Nos Contacts | Immobilier | BARNES Realty | Portugal","isPartOf":{"@id":"https:\/\/barnes-portugal.com\/fr\/#website"},"primaryImageOfPage":{"@id":"https:\/\/barnes-portugal.com\/fr\/nos-contacts\/#primaryimage"},"image":{"@id":"https:\/\/barnes-portugal.com\/fr\/nos-contacts\/#primaryimage"},"thumbnailUrl":"https:\/\/barnes-portugal.com\/wp-content\/uploads\/contactos-banner-min.jpg","datePublished":"2018-03-14T17:05:25+00:00","dateModified":"2022-11-04T12:20:44+00:00","description":"Vous trouverez ici les contacts de nos boutiques \u00e0 Lisbonne et Cascais. Trouvez la propri\u00e9t\u00e9 de vos r\u00eaves avec l'aide de BARNES Portugal.","breadcrumb":{"@id":"https:\/\/barnes-portugal.com\/fr\/nos-contacts\/#breadcrumb"},"inLanguage":"fr-FR","potentialAction":[{"@type":"ReadAction","target":["https:\/\/barnes-portugal.com\/fr\/nos-contacts\/"]}]},{"@type":"ImageObject","inLanguage":"fr-FR","@id":"https:\/\/barnes-portugal.com\/fr\/nos-contacts\/#primaryimage","url":"https:\/\/barnes-portugal.com\/wp-content\/uploads\/contactos-banner-min.jpg","contentUrl":"https:\/\/barnes-portugal.com\/wp-content\/uploads\/contactos-banner-min.jpg","width":1370,"height":500,"caption":"Contactos"},{"@type":"BreadcrumbList","@id":"https:\/\/barnes-portugal.com\/fr\/nos-contacts\/#breadcrumb","itemListElement":[{"@type":"ListItem","position":1,"name":"In\u00edcio","item":"https:\/\/barnes-portugal.com\/fr\/"},{"@type":"ListItem","position":2,"name":"Nos Contacts"}]},{"@type":"WebSite","@id":"https:\/\/barnes-portugal.com\/fr\/#website","url":"https:\/\/barnes-portugal.com\/fr\/","name":"BARNES Realty | Portugal","description":"International Luxury Real Estate","publisher":{"@id":"https:\/\/barnes-portugal.com\/fr\/#organization"},"potentialAction":[{"@type":"SearchAction","target":{"@type":"EntryPoint","urlTemplate":"https:\/\/barnes-portugal.com\/fr\/?s={search_term_string}"},"query-input":{"@type":"PropertyValueSpecification","valueRequired":true,"valueName":"search_term_string"}}],"inLanguage":"fr-FR"},{"@type":"Organization","@id":"https:\/\/barnes-portugal.com\/fr\/#organization","name":"BARNES Realty | Portugal","url":"https:\/\/barnes-portugal.com\/fr\/","logo":{"@type":"ImageObject","inLanguage":"fr-FR","@id":"https:\/\/barnes-portugal.com\/fr\/#\/schema\/logo\/image\/","url":"https:\/\/barnes-portugal.com\/wp-content\/uploads\/barnes-logo-inverse.png","contentUrl":"https:\/\/barnes-portugal.com\/wp-content\/uploads\/barnes-logo-inverse.png","width":145,"height":39,"caption":"BARNES Realty | Portugal"},"image":{"@id":"https:\/\/barnes-portugal.com\/fr\/#\/schema\/logo\/image\/"},"sameAs":["https:\/\/www.facebook.com\/barnesportugal","https:\/\/www.instagram.com\/barnes_portugal\/","https:\/\/www.linkedin.com\/company\/729926\/"]}]}},"_links":{"self":[{"href":"https:\/\/barnes-portugal.com\/fr\/wp-json\/wp\/v2\/pages\/11565"}],"collection":[{"href":"https:\/\/barnes-portugal.com\/fr\/wp-json\/wp\/v2\/pages"}],"about":[{"href":"https:\/\/barnes-portugal.com\/fr\/wp-json\/wp\/v2\/types\/page"}],"author":[{"embeddable":true,"href":"https:\/\/barnes-portugal.com\/fr\/wp-json\/wp\/v2\/users\/3"}],"replies":[{"embeddable":true,"href":"https:\/\/barnes-portugal.com\/fr\/wp-json\/wp\/v2\/comments?post=11565"}],"version-history":[{"count":0,"href":"https:\/\/barnes-portugal.com\/fr\/wp-json\/wp\/v2\/pages\/11565\/revisions"}],"wp:featuredmedia":[{"embeddable":true,"href":"https:\/\/barnes-portugal.com\/fr\/wp-json\/wp\/v2\/media\/72576"}],"wp:attachment":[{"href":"https:\/\/barnes-portugal.com\/fr\/wp-json\/wp\/v2\/media?parent=11565"}],"curies":[{"name":"wp","href":"https:\/\/api.w.org\/{rel}","templated":true}]}}