{"id":11570,"date":"2018-03-14T17:12:31","date_gmt":"2018-03-14T17:12:31","guid":{"rendered":"http:\/\/barnes-portugal.test:8888\/?page_id=11570"},"modified":"2024-11-06T11:47:43","modified_gmt":"2024-11-06T11:47:43","slug":"la-boutique-cascais","status":"publish","type":"page","link":"https:\/\/barnes-portugal.com\/fr\/nos-contacts\/la-boutique-cascais\/","title":{"rendered":"BARNES Boutique Cascais"},"content":{"rendered":"<div class=\"text-wrapper\"><p>Lundi au Vendredi: 10h &#8211; 19h<br \/>\nSamedi: 11h &#8211; 18h<\/p>\n<\/div>","protected":false},"excerpt":{"rendered":"<p class=\"post-excerpt\">Lundi au Vendredi: 10h &#8211; 19h Samedi: 11h &#8211; 18h\n<\/p>","protected":false},"author":3,"featured_media":47492,"parent":11565,"menu_order":3,"comment_status":"closed","ping_status":"closed","template":"template-contacts.php","meta":{"_acf_changed":false,"footnotes":""},"class_list":["page","has-post-thumbnail"],"acf":[],"yoast_head":"<!-- This site is optimized with the Yoast SEO plugin v24.6 - https:\/\/yoast.com\/wordpress\/plugins\/seo\/ -->\n<title>BARNES Boutique Cascais | BARNES Realty | Portugal<\/title>\n<meta name=\"description\" content=\"Vous pouvez trouver la boutique Cascais \u00e0 Pra\u00e7a Dr. Francisco S\u00e1 Carneiro, 12750-350 Cascais. Contact: +3512109990 090. Contactez-nous!\" \/>\n<meta name=\"robots\" content=\"index, follow, max-snippet:-1, max-image-preview:large, max-video-preview:-1\" \/>\n<link rel=\"canonical\" href=\"https:\/\/barnes-portugal.com\/fr\/nos-contacts\/la-boutique-cascais\/\" \/>\n<meta property=\"og:locale\" content=\"fr_FR\" \/>\n<meta property=\"og:type\" content=\"article\" \/>\n<meta property=\"og:title\" content=\"BARNES Boutique Cascais | BARNES Realty | Portugal\" \/>\n<meta property=\"og:description\" content=\"Vous pouvez trouver la boutique Cascais \u00e0 Pra\u00e7a Dr. Francisco S\u00e1 Carneiro, 12750-350 Cascais. Contact: +3512109990 090. Contactez-nous!\" \/>\n<meta property=\"og:url\" content=\"https:\/\/barnes-portugal.com\/fr\/nos-contacts\/la-boutique-cascais\/\" \/>\n<meta property=\"og:site_name\" content=\"BARNES Realty | Portugal\" \/>\n<meta property=\"article:publisher\" content=\"https:\/\/www.facebook.com\/barnesportugal\" \/>\n<meta property=\"article:modified_time\" content=\"2024-11-06T11:47:43+00:00\" \/>\n<meta property=\"og:image\" content=\"https:\/\/barnes-portugal.com\/wp-content\/uploads\/contact-barnes-cascais-entrada.jpg\" \/>\n\t<meta property=\"og:image:width\" content=\"300\" \/>\n\t<meta property=\"og:image:height\" content=\"300\" \/>\n\t<meta property=\"og:image:type\" content=\"image\/jpeg\" \/>\n<meta name=\"twitter:card\" content=\"summary_large_image\" \/>\n<script type=\"application\/ld+json\" class=\"yoast-schema-graph\">{\"@context\":\"https:\/\/schema.org\",\"@graph\":[{\"@type\":\"WebPage\",\"@id\":\"https:\/\/barnes-portugal.com\/fr\/nos-contacts\/la-boutique-cascais\/\",\"url\":\"https:\/\/barnes-portugal.com\/fr\/nos-contacts\/la-boutique-cascais\/\",\"name\":\"BARNES Boutique Cascais | BARNES Realty | Portugal\",\"isPartOf\":{\"@id\":\"https:\/\/barnes-portugal.com\/fr\/#website\"},\"primaryImageOfPage\":{\"@id\":\"https:\/\/barnes-portugal.com\/fr\/nos-contacts\/la-boutique-cascais\/#primaryimage\"},\"image\":{\"@id\":\"https:\/\/barnes-portugal.com\/fr\/nos-contacts\/la-boutique-cascais\/#primaryimage\"},\"thumbnailUrl\":\"https:\/\/barnes-portugal.com\/wp-content\/uploads\/contact-barnes-cascais-entrada.jpg\",\"datePublished\":\"2018-03-14T17:12:31+00:00\",\"dateModified\":\"2024-11-06T11:47:43+00:00\",\"description\":\"Vous pouvez trouver la boutique Cascais \u00e0 Pra\u00e7a Dr. Francisco S\u00e1 Carneiro, 12750-350 Cascais. Contact: +3512109990 090. Contactez-nous!\",\"breadcrumb\":{\"@id\":\"https:\/\/barnes-portugal.com\/fr\/nos-contacts\/la-boutique-cascais\/#breadcrumb\"},\"inLanguage\":\"fr-FR\",\"potentialAction\":[{\"@type\":\"ReadAction\",\"target\":[\"https:\/\/barnes-portugal.com\/fr\/nos-contacts\/la-boutique-cascais\/\"]}]},{\"@type\":\"ImageObject\",\"inLanguage\":\"fr-FR\",\"@id\":\"https:\/\/barnes-portugal.com\/fr\/nos-contacts\/la-boutique-cascais\/#primaryimage\",\"url\":\"https:\/\/barnes-portugal.com\/wp-content\/uploads\/contact-barnes-cascais-entrada.jpg\",\"contentUrl\":\"https:\/\/barnes-portugal.com\/wp-content\/uploads\/contact-barnes-cascais-entrada.jpg\",\"width\":300,\"height\":300,\"caption\":\"Boutique Cascais\"},{\"@type\":\"BreadcrumbList\",\"@id\":\"https:\/\/barnes-portugal.com\/fr\/nos-contacts\/la-boutique-cascais\/#breadcrumb\",\"itemListElement\":[{\"@type\":\"ListItem\",\"position\":1,\"name\":\"In\u00edcio\",\"item\":\"https:\/\/barnes-portugal.com\/fr\/\"},{\"@type\":\"ListItem\",\"position\":2,\"name\":\"Nos Contacts\",\"item\":\"https:\/\/barnes-portugal.com\/fr\/nos-contacts\/\"},{\"@type\":\"ListItem\",\"position\":3,\"name\":\"BARNES Boutique Cascais\"}]},{\"@type\":\"WebSite\",\"@id\":\"https:\/\/barnes-portugal.com\/fr\/#website\",\"url\":\"https:\/\/barnes-portugal.com\/fr\/\",\"name\":\"BARNES Realty | Portugal\",\"description\":\"International Luxury Real Estate\",\"publisher\":{\"@id\":\"https:\/\/barnes-portugal.com\/fr\/#organization\"},\"potentialAction\":[{\"@type\":\"SearchAction\",\"target\":{\"@type\":\"EntryPoint\",\"urlTemplate\":\"https:\/\/barnes-portugal.com\/fr\/?s={search_term_string}\"},\"query-input\":{\"@type\":\"PropertyValueSpecification\",\"valueRequired\":true,\"valueName\":\"search_term_string\"}}],\"inLanguage\":\"fr-FR\"},{\"@type\":\"Organization\",\"@id\":\"https:\/\/barnes-portugal.com\/fr\/#organization\",\"name\":\"BARNES Realty | Portugal\",\"url\":\"https:\/\/barnes-portugal.com\/fr\/\",\"logo\":{\"@type\":\"ImageObject\",\"inLanguage\":\"fr-FR\",\"@id\":\"https:\/\/barnes-portugal.com\/fr\/#\/schema\/logo\/image\/\",\"url\":\"https:\/\/barnes-portugal.com\/wp-content\/uploads\/barnes-logo-inverse.png\",\"contentUrl\":\"https:\/\/barnes-portugal.com\/wp-content\/uploads\/barnes-logo-inverse.png\",\"width\":145,\"height\":39,\"caption\":\"BARNES Realty | Portugal\"},\"image\":{\"@id\":\"https:\/\/barnes-portugal.com\/fr\/#\/schema\/logo\/image\/\"},\"sameAs\":[\"https:\/\/www.facebook.com\/barnesportugal\",\"https:\/\/www.instagram.com\/barnes_portugal\/\",\"https:\/\/www.linkedin.com\/company\/729926\/\"]}]}<\/script>\n<!-- \/ Yoast SEO plugin. -->","yoast_head_json":{"title":"BARNES Boutique Cascais | BARNES Realty | Portugal","description":"Vous pouvez trouver la boutique Cascais \u00e0 Pra\u00e7a Dr. Francisco S\u00e1 Carneiro, 12750-350 Cascais. Contact: +3512109990 090. Contactez-nous!","robots":{"index":"index","follow":"follow","max-snippet":"max-snippet:-1","max-image-preview":"max-image-preview:large","max-video-preview":"max-video-preview:-1"},"canonical":"https:\/\/barnes-portugal.com\/fr\/nos-contacts\/la-boutique-cascais\/","og_locale":"fr_FR","og_type":"article","og_title":"BARNES Boutique Cascais | BARNES Realty | Portugal","og_description":"Vous pouvez trouver la boutique Cascais \u00e0 Pra\u00e7a Dr. Francisco S\u00e1 Carneiro, 12750-350 Cascais. Contact: +3512109990 090. Contactez-nous!","og_url":"https:\/\/barnes-portugal.com\/fr\/nos-contacts\/la-boutique-cascais\/","og_site_name":"BARNES Realty | Portugal","article_publisher":"https:\/\/www.facebook.com\/barnesportugal","article_modified_time":"2024-11-06T11:47:43+00:00","og_image":[{"width":300,"height":300,"url":"https:\/\/barnes-portugal.com\/wp-content\/uploads\/contact-barnes-cascais-entrada.jpg","type":"image\/jpeg"}],"twitter_card":"summary_large_image","schema":{"@context":"https:\/\/schema.org","@graph":[{"@type":"WebPage","@id":"https:\/\/barnes-portugal.com\/fr\/nos-contacts\/la-boutique-cascais\/","url":"https:\/\/barnes-portugal.com\/fr\/nos-contacts\/la-boutique-cascais\/","name":"BARNES Boutique Cascais | BARNES Realty | Portugal","isPartOf":{"@id":"https:\/\/barnes-portugal.com\/fr\/#website"},"primaryImageOfPage":{"@id":"https:\/\/barnes-portugal.com\/fr\/nos-contacts\/la-boutique-cascais\/#primaryimage"},"image":{"@id":"https:\/\/barnes-portugal.com\/fr\/nos-contacts\/la-boutique-cascais\/#primaryimage"},"thumbnailUrl":"https:\/\/barnes-portugal.com\/wp-content\/uploads\/contact-barnes-cascais-entrada.jpg","datePublished":"2018-03-14T17:12:31+00:00","dateModified":"2024-11-06T11:47:43+00:00","description":"Vous pouvez trouver la boutique Cascais \u00e0 Pra\u00e7a Dr. Francisco S\u00e1 Carneiro, 12750-350 Cascais. Contact: +3512109990 090. Contactez-nous!","breadcrumb":{"@id":"https:\/\/barnes-portugal.com\/fr\/nos-contacts\/la-boutique-cascais\/#breadcrumb"},"inLanguage":"fr-FR","potentialAction":[{"@type":"ReadAction","target":["https:\/\/barnes-portugal.com\/fr\/nos-contacts\/la-boutique-cascais\/"]}]},{"@type":"ImageObject","inLanguage":"fr-FR","@id":"https:\/\/barnes-portugal.com\/fr\/nos-contacts\/la-boutique-cascais\/#primaryimage","url":"https:\/\/barnes-portugal.com\/wp-content\/uploads\/contact-barnes-cascais-entrada.jpg","contentUrl":"https:\/\/barnes-portugal.com\/wp-content\/uploads\/contact-barnes-cascais-entrada.jpg","width":300,"height":300,"caption":"Boutique Cascais"},{"@type":"BreadcrumbList","@id":"https:\/\/barnes-portugal.com\/fr\/nos-contacts\/la-boutique-cascais\/#breadcrumb","itemListElement":[{"@type":"ListItem","position":1,"name":"In\u00edcio","item":"https:\/\/barnes-portugal.com\/fr\/"},{"@type":"ListItem","position":2,"name":"Nos Contacts","item":"https:\/\/barnes-portugal.com\/fr\/nos-contacts\/"},{"@type":"ListItem","position":3,"name":"BARNES Boutique Cascais"}]},{"@type":"WebSite","@id":"https:\/\/barnes-portugal.com\/fr\/#website","url":"https:\/\/barnes-portugal.com\/fr\/","name":"BARNES Realty | Portugal","description":"International Luxury Real Estate","publisher":{"@id":"https:\/\/barnes-portugal.com\/fr\/#organization"},"potentialAction":[{"@type":"SearchAction","target":{"@type":"EntryPoint","urlTemplate":"https:\/\/barnes-portugal.com\/fr\/?s={search_term_string}"},"query-input":{"@type":"PropertyValueSpecification","valueRequired":true,"valueName":"search_term_string"}}],"inLanguage":"fr-FR"},{"@type":"Organization","@id":"https:\/\/barnes-portugal.com\/fr\/#organization","name":"BARNES Realty | Portugal","url":"https:\/\/barnes-portugal.com\/fr\/","logo":{"@type":"ImageObject","inLanguage":"fr-FR","@id":"https:\/\/barnes-portugal.com\/fr\/#\/schema\/logo\/image\/","url":"https:\/\/barnes-portugal.com\/wp-content\/uploads\/barnes-logo-inverse.png","contentUrl":"https:\/\/barnes-portugal.com\/wp-content\/uploads\/barnes-logo-inverse.png","width":145,"height":39,"caption":"BARNES Realty | Portugal"},"image":{"@id":"https:\/\/barnes-portugal.com\/fr\/#\/schema\/logo\/image\/"},"sameAs":["https:\/\/www.facebook.com\/barnesportugal","https:\/\/www.instagram.com\/barnes_portugal\/","https:\/\/www.linkedin.com\/company\/729926\/"]}]}},"_links":{"self":[{"href":"https:\/\/barnes-portugal.com\/fr\/wp-json\/wp\/v2\/pages\/11570"}],"collection":[{"href":"https:\/\/barnes-portugal.com\/fr\/wp-json\/wp\/v2\/pages"}],"about":[{"href":"https:\/\/barnes-portugal.com\/fr\/wp-json\/wp\/v2\/types\/page"}],"author":[{"embeddable":true,"href":"https:\/\/barnes-portugal.com\/fr\/wp-json\/wp\/v2\/users\/3"}],"replies":[{"embeddable":true,"href":"https:\/\/barnes-portugal.com\/fr\/wp-json\/wp\/v2\/comments?post=11570"}],"version-history":[{"count":1,"href":"https:\/\/barnes-portugal.com\/fr\/wp-json\/wp\/v2\/pages\/11570\/revisions"}],"predecessor-version":[{"id":94800,"href":"https:\/\/barnes-portugal.com\/fr\/wp-json\/wp\/v2\/pages\/11570\/revisions\/94800"}],"up":[{"embeddable":true,"href":"https:\/\/barnes-portugal.com\/fr\/wp-json\/wp\/v2\/pages\/11565"}],"wp:featuredmedia":[{"embeddable":true,"href":"https:\/\/barnes-portugal.com\/fr\/wp-json\/wp\/v2\/media\/47492"}],"wp:attachment":[{"href":"https:\/\/barnes-portugal.com\/fr\/wp-json\/wp\/v2\/media?parent=11570"}],"curies":[{"name":"wp","href":"https:\/\/api.w.org\/{rel}","templated":true}]}}