{"id":11641,"date":"2018-03-15T09:40:43","date_gmt":"2018-03-15T09:40:43","guid":{"rendered":"http:\/\/barnes-portugal.test:8888\/?page_id=11641"},"modified":"2024-11-01T18:25:39","modified_gmt":"2024-11-01T18:25:39","slug":"barnes-portugal-immobilier","status":"publish","type":"page","link":"https:\/\/barnes-portugal.com\/fr\/barnes-portugal-immobilier\/","title":{"rendered":"BARNES Portugal"},"content":{"rendered":"<div class=\"text-wrapper\"><p>BARNES Portugal Immobilier est entr\u00e9 dans le march\u00e9 national en 2014, par la main d&rsquo;un groupe portugais avec une forte exp\u00e9rience dans l&rsquo;immobilier, afin de servir un portefeuille, en \u00e9volution positive, de clients High et Ultra High Net Worth Individuals; tout en faisant l\u2019identification et la s\u00e9lection des propri\u00e9t\u00e9s les plus exclusives et les meilleures opportunit\u00e9s d&rsquo;affaires.<\/p>\n<blockquote><p>BARNES Portugal. Une marque de Luxe sp\u00e9cialis\u00e9e en Immobilier.<\/p><\/blockquote>\n<p><img loading=\"lazy\" decoding=\"async\" class=\"aligncenter size-full wp-image-47480\" src=\"https:\/\/barnes-portugal.com\/wp-content\/uploads\/barnes-cascais-fachada.jpg\" alt=\"Fa\u00e7ade BARNES Cascais\" width=\"800\" height=\"350\" srcset=\"https:\/\/barnes-portugal.com\/wp-content\/uploads\/barnes-cascais-fachada.jpg 800w, https:\/\/barnes-portugal.com\/wp-content\/uploads\/barnes-cascais-fachada-300x131.jpg 300w, https:\/\/barnes-portugal.com\/wp-content\/uploads\/barnes-cascais-fachada-768x336.jpg 768w\" sizes=\"(max-width: 800px) 100vw, 800px\" \/><\/p>\n<p>BARNES International se distingue en tant que consultant immobilier dans le segment haut de gamme au cours des 25 derni\u00e8res ann\u00e9es, devenant le principal acteur sur le march\u00e9 immobilier fran\u00e7ais-suisse.<\/p>\n<p>Actuellement, avec <a href=\"https:\/\/www.barnes-international.com\/en\/group\/the-world-of-barnes.html\">repr\u00e9sentation<\/a> dans des dizaines de pays et des bureaux \u00e0 Paris, Bordeaux, Bruxelles, Corse, Monaco, Gen\u00e8ve, Londres, New York, Miami, Saint Barth, Tel Aviv, Moscou, Singapour, Hong Kong, Madrid, Barcelone, le Maroc et <a href=\"https:\/\/barnes-portugal.com\/fr\/\">Lisbonne<\/a>.<\/p>\n<p><img loading=\"lazy\" decoding=\"async\" class=\"aligncenter size-full wp-image-74649\" src=\"https:\/\/barnes-portugal.com\/wp-content\/uploads\/sala-barnes-principe-real-2023.jpg\" alt=\"BARNES Boutique Lisboa\" width=\"800\" height=\"350\" srcset=\"https:\/\/barnes-portugal.com\/wp-content\/uploads\/sala-barnes-principe-real-2023.jpg 800w, https:\/\/barnes-portugal.com\/wp-content\/uploads\/sala-barnes-principe-real-2023-300x131.jpg 300w, https:\/\/barnes-portugal.com\/wp-content\/uploads\/sala-barnes-principe-real-2023-768x336.jpg 768w\" sizes=\"(max-width: 800px) 100vw, 800px\" \/><\/p>\n<p>Gr\u00e2ce au r\u00e9seau de pr\u00e9sence mondiale du groupe, et d\u2019une \u00e9quipe de consultants hautement qualifi\u00e9s, BARNES dispose d\u2019un excellent service \u00e0 ses clients et partenaires, dans le but de trouver une proposition qui corresponde aux attentes des int\u00e9ress\u00e9s sur nos produits immobiliers du segment haut.<\/p>\n<p><img loading=\"lazy\" decoding=\"async\" class=\"aligncenter size-full wp-image-59559\" src=\"https:\/\/barnes-portugal.com\/wp-content\/uploads\/exterior-barnes-principe-real.png\" alt=\"Vue Ext\u00e9rieure du Boutique BARNES \u00e0 Pr\u00edncipe Real\" width=\"800\" height=\"350\" srcset=\"https:\/\/barnes-portugal.com\/wp-content\/uploads\/exterior-barnes-principe-real.png 800w, https:\/\/barnes-portugal.com\/wp-content\/uploads\/exterior-barnes-principe-real-300x131.png 300w, https:\/\/barnes-portugal.com\/wp-content\/uploads\/exterior-barnes-principe-real-768x336.png 768w\" sizes=\"(max-width: 800px) 100vw, 800px\" \/><\/p>\n<div class=\"row\" style=\"margin-top: -30px;\">\n<div class=\"col-lg-6\"><img loading=\"lazy\" decoding=\"async\" class=\"aligncenter size-full wp-image-74652\" src=\"https:\/\/barnes-portugal.com\/wp-content\/uploads\/entrada-barnes-principe-real-2023.jpg\" alt=\"Entrada da BARNES Boutique Lisboa\" width=\"385\" height=\"350\" srcset=\"https:\/\/barnes-portugal.com\/wp-content\/uploads\/entrada-barnes-principe-real-2023.jpg 385w, https:\/\/barnes-portugal.com\/wp-content\/uploads\/entrada-barnes-principe-real-2023-300x273.jpg 300w\" sizes=\"(max-width: 385px) 100vw, 385px\" \/><\/div>\n<div class=\"col-lg-6\"><img loading=\"lazy\" decoding=\"async\" class=\"aligncenter size-full wp-image-74655\" src=\"https:\/\/barnes-portugal.com\/wp-content\/uploads\/multiplas-salas-barnes-principe-real-2023.jpg\" alt=\"M\u00faltiplas Salas da BARNES Boutique Lisboa\" width=\"385\" height=\"350\" srcset=\"https:\/\/barnes-portugal.com\/wp-content\/uploads\/multiplas-salas-barnes-principe-real-2023.jpg 385w, https:\/\/barnes-portugal.com\/wp-content\/uploads\/multiplas-salas-barnes-principe-real-2023-300x273.jpg 300w\" sizes=\"(max-width: 385px) 100vw, 385px\" \/><\/div>\n<\/div>\n<\/div>","protected":false},"excerpt":{"rendered":"<p class=\"post-excerpt\">BARNES Portugal Immobilier est entr\u00e9 dans le march\u00e9 national en 2014, par la main d&rsquo;un groupe portugais avec une forte exp\u00e9rience dans l&rsquo;immobilier, afin de&#8230;\n<\/p>","protected":false},"author":3,"featured_media":47479,"parent":0,"menu_order":0,"comment_status":"closed","ping_status":"closed","template":"","meta":{"_acf_changed":false,"footnotes":""},"class_list":["page","has-post-thumbnail"],"acf":[],"yoast_head":"<!-- This site is optimized with the Yoast SEO plugin v24.6 - https:\/\/yoast.com\/wordpress\/plugins\/seo\/ -->\n<title>A Propos de Nous | Immobilier | BARNES Realty | Portugal<\/title>\n<meta name=\"description\" content=\"Barnes Portugal Immobilier - est entr\u00e9 au Portugal en 2014. Une marque de luxe sp\u00e9cialis\u00e9e dans l&#039;immobilier. En savoir plus sur nous ici!\" \/>\n<meta name=\"robots\" content=\"index, follow, max-snippet:-1, max-image-preview:large, max-video-preview:-1\" \/>\n<link rel=\"canonical\" href=\"https:\/\/barnes-portugal.com\/fr\/barnes-portugal-immobilier\/\" \/>\n<meta property=\"og:locale\" content=\"fr_FR\" \/>\n<meta property=\"og:type\" content=\"article\" \/>\n<meta property=\"og:title\" content=\"A Propos de Nous | Immobilier | BARNES Realty | Portugal\" \/>\n<meta property=\"og:description\" content=\"Barnes Portugal Immobilier - est entr\u00e9 au Portugal en 2014. Une marque de luxe sp\u00e9cialis\u00e9e dans l&#039;immobilier. En savoir plus sur nous ici!\" \/>\n<meta property=\"og:url\" content=\"https:\/\/barnes-portugal.com\/fr\/barnes-portugal-immobilier\/\" \/>\n<meta property=\"og:site_name\" content=\"BARNES Realty | Portugal\" \/>\n<meta property=\"article:publisher\" content=\"https:\/\/www.facebook.com\/barnesportugal\" \/>\n<meta property=\"article:modified_time\" content=\"2024-11-01T18:25:39+00:00\" \/>\n<meta property=\"og:image\" content=\"https:\/\/barnes-portugal.com\/wp-content\/uploads\/barnes-cascais-interior.jpg\" \/>\n\t<meta property=\"og:image:width\" content=\"1370\" \/>\n\t<meta property=\"og:image:height\" content=\"500\" \/>\n\t<meta property=\"og:image:type\" content=\"image\/jpeg\" \/>\n<meta name=\"twitter:card\" content=\"summary_large_image\" \/>\n<meta name=\"twitter:label1\" content=\"Dur\u00e9e de lecture estim\u00e9e\" \/>\n\t<meta name=\"twitter:data1\" content=\"1 minute\" \/>\n<script type=\"application\/ld+json\" class=\"yoast-schema-graph\">{\"@context\":\"https:\/\/schema.org\",\"@graph\":[{\"@type\":\"WebPage\",\"@id\":\"https:\/\/barnes-portugal.com\/fr\/barnes-portugal-immobilier\/\",\"url\":\"https:\/\/barnes-portugal.com\/fr\/barnes-portugal-immobilier\/\",\"name\":\"A Propos de Nous | Immobilier | BARNES Realty | Portugal\",\"isPartOf\":{\"@id\":\"https:\/\/barnes-portugal.com\/fr\/#website\"},\"primaryImageOfPage\":{\"@id\":\"https:\/\/barnes-portugal.com\/fr\/barnes-portugal-immobilier\/#primaryimage\"},\"image\":{\"@id\":\"https:\/\/barnes-portugal.com\/fr\/barnes-portugal-immobilier\/#primaryimage\"},\"thumbnailUrl\":\"https:\/\/barnes-portugal.com\/wp-content\/uploads\/barnes-cascais-interior.jpg\",\"datePublished\":\"2018-03-15T09:40:43+00:00\",\"dateModified\":\"2024-11-01T18:25:39+00:00\",\"description\":\"Barnes Portugal Immobilier - est entr\u00e9 au Portugal en 2014. Une marque de luxe sp\u00e9cialis\u00e9e dans l'immobilier. En savoir plus sur nous ici!\",\"breadcrumb\":{\"@id\":\"https:\/\/barnes-portugal.com\/fr\/barnes-portugal-immobilier\/#breadcrumb\"},\"inLanguage\":\"fr-FR\",\"potentialAction\":[{\"@type\":\"ReadAction\",\"target\":[\"https:\/\/barnes-portugal.com\/fr\/barnes-portugal-immobilier\/\"]}]},{\"@type\":\"ImageObject\",\"inLanguage\":\"fr-FR\",\"@id\":\"https:\/\/barnes-portugal.com\/fr\/barnes-portugal-immobilier\/#primaryimage\",\"url\":\"https:\/\/barnes-portugal.com\/wp-content\/uploads\/barnes-cascais-interior.jpg\",\"contentUrl\":\"https:\/\/barnes-portugal.com\/wp-content\/uploads\/barnes-cascais-interior.jpg\",\"width\":1370,\"height\":500,\"caption\":\"Barnes Portugal\"},{\"@type\":\"BreadcrumbList\",\"@id\":\"https:\/\/barnes-portugal.com\/fr\/barnes-portugal-immobilier\/#breadcrumb\",\"itemListElement\":[{\"@type\":\"ListItem\",\"position\":1,\"name\":\"In\u00edcio\",\"item\":\"https:\/\/barnes-portugal.com\/fr\/\"},{\"@type\":\"ListItem\",\"position\":2,\"name\":\"BARNES Portugal\"}]},{\"@type\":\"WebSite\",\"@id\":\"https:\/\/barnes-portugal.com\/fr\/#website\",\"url\":\"https:\/\/barnes-portugal.com\/fr\/\",\"name\":\"BARNES Realty | Portugal\",\"description\":\"International Luxury Real Estate\",\"publisher\":{\"@id\":\"https:\/\/barnes-portugal.com\/fr\/#organization\"},\"potentialAction\":[{\"@type\":\"SearchAction\",\"target\":{\"@type\":\"EntryPoint\",\"urlTemplate\":\"https:\/\/barnes-portugal.com\/fr\/?s={search_term_string}\"},\"query-input\":{\"@type\":\"PropertyValueSpecification\",\"valueRequired\":true,\"valueName\":\"search_term_string\"}}],\"inLanguage\":\"fr-FR\"},{\"@type\":\"Organization\",\"@id\":\"https:\/\/barnes-portugal.com\/fr\/#organization\",\"name\":\"BARNES Realty | Portugal\",\"url\":\"https:\/\/barnes-portugal.com\/fr\/\",\"logo\":{\"@type\":\"ImageObject\",\"inLanguage\":\"fr-FR\",\"@id\":\"https:\/\/barnes-portugal.com\/fr\/#\/schema\/logo\/image\/\",\"url\":\"https:\/\/barnes-portugal.com\/wp-content\/uploads\/barnes-logo-inverse.png\",\"contentUrl\":\"https:\/\/barnes-portugal.com\/wp-content\/uploads\/barnes-logo-inverse.png\",\"width\":145,\"height\":39,\"caption\":\"BARNES Realty | Portugal\"},\"image\":{\"@id\":\"https:\/\/barnes-portugal.com\/fr\/#\/schema\/logo\/image\/\"},\"sameAs\":[\"https:\/\/www.facebook.com\/barnesportugal\",\"https:\/\/www.instagram.com\/barnes_portugal\/\",\"https:\/\/www.linkedin.com\/company\/729926\/\"]}]}<\/script>\n<!-- \/ Yoast SEO plugin. -->","yoast_head_json":{"title":"A Propos de Nous | Immobilier | BARNES Realty | Portugal","description":"Barnes Portugal Immobilier - est entr\u00e9 au Portugal en 2014. Une marque de luxe sp\u00e9cialis\u00e9e dans l'immobilier. En savoir plus sur nous ici!","robots":{"index":"index","follow":"follow","max-snippet":"max-snippet:-1","max-image-preview":"max-image-preview:large","max-video-preview":"max-video-preview:-1"},"canonical":"https:\/\/barnes-portugal.com\/fr\/barnes-portugal-immobilier\/","og_locale":"fr_FR","og_type":"article","og_title":"A Propos de Nous | Immobilier | BARNES Realty | Portugal","og_description":"Barnes Portugal Immobilier - est entr\u00e9 au Portugal en 2014. Une marque de luxe sp\u00e9cialis\u00e9e dans l'immobilier. En savoir plus sur nous ici!","og_url":"https:\/\/barnes-portugal.com\/fr\/barnes-portugal-immobilier\/","og_site_name":"BARNES Realty | Portugal","article_publisher":"https:\/\/www.facebook.com\/barnesportugal","article_modified_time":"2024-11-01T18:25:39+00:00","og_image":[{"width":1370,"height":500,"url":"https:\/\/barnes-portugal.com\/wp-content\/uploads\/barnes-cascais-interior.jpg","type":"image\/jpeg"}],"twitter_card":"summary_large_image","twitter_misc":{"Dur\u00e9e de lecture estim\u00e9e":"1 minute"},"schema":{"@context":"https:\/\/schema.org","@graph":[{"@type":"WebPage","@id":"https:\/\/barnes-portugal.com\/fr\/barnes-portugal-immobilier\/","url":"https:\/\/barnes-portugal.com\/fr\/barnes-portugal-immobilier\/","name":"A Propos de Nous | Immobilier | BARNES Realty | Portugal","isPartOf":{"@id":"https:\/\/barnes-portugal.com\/fr\/#website"},"primaryImageOfPage":{"@id":"https:\/\/barnes-portugal.com\/fr\/barnes-portugal-immobilier\/#primaryimage"},"image":{"@id":"https:\/\/barnes-portugal.com\/fr\/barnes-portugal-immobilier\/#primaryimage"},"thumbnailUrl":"https:\/\/barnes-portugal.com\/wp-content\/uploads\/barnes-cascais-interior.jpg","datePublished":"2018-03-15T09:40:43+00:00","dateModified":"2024-11-01T18:25:39+00:00","description":"Barnes Portugal Immobilier - est entr\u00e9 au Portugal en 2014. Une marque de luxe sp\u00e9cialis\u00e9e dans l'immobilier. En savoir plus sur nous ici!","breadcrumb":{"@id":"https:\/\/barnes-portugal.com\/fr\/barnes-portugal-immobilier\/#breadcrumb"},"inLanguage":"fr-FR","potentialAction":[{"@type":"ReadAction","target":["https:\/\/barnes-portugal.com\/fr\/barnes-portugal-immobilier\/"]}]},{"@type":"ImageObject","inLanguage":"fr-FR","@id":"https:\/\/barnes-portugal.com\/fr\/barnes-portugal-immobilier\/#primaryimage","url":"https:\/\/barnes-portugal.com\/wp-content\/uploads\/barnes-cascais-interior.jpg","contentUrl":"https:\/\/barnes-portugal.com\/wp-content\/uploads\/barnes-cascais-interior.jpg","width":1370,"height":500,"caption":"Barnes Portugal"},{"@type":"BreadcrumbList","@id":"https:\/\/barnes-portugal.com\/fr\/barnes-portugal-immobilier\/#breadcrumb","itemListElement":[{"@type":"ListItem","position":1,"name":"In\u00edcio","item":"https:\/\/barnes-portugal.com\/fr\/"},{"@type":"ListItem","position":2,"name":"BARNES Portugal"}]},{"@type":"WebSite","@id":"https:\/\/barnes-portugal.com\/fr\/#website","url":"https:\/\/barnes-portugal.com\/fr\/","name":"BARNES Realty | Portugal","description":"International Luxury Real Estate","publisher":{"@id":"https:\/\/barnes-portugal.com\/fr\/#organization"},"potentialAction":[{"@type":"SearchAction","target":{"@type":"EntryPoint","urlTemplate":"https:\/\/barnes-portugal.com\/fr\/?s={search_term_string}"},"query-input":{"@type":"PropertyValueSpecification","valueRequired":true,"valueName":"search_term_string"}}],"inLanguage":"fr-FR"},{"@type":"Organization","@id":"https:\/\/barnes-portugal.com\/fr\/#organization","name":"BARNES Realty | Portugal","url":"https:\/\/barnes-portugal.com\/fr\/","logo":{"@type":"ImageObject","inLanguage":"fr-FR","@id":"https:\/\/barnes-portugal.com\/fr\/#\/schema\/logo\/image\/","url":"https:\/\/barnes-portugal.com\/wp-content\/uploads\/barnes-logo-inverse.png","contentUrl":"https:\/\/barnes-portugal.com\/wp-content\/uploads\/barnes-logo-inverse.png","width":145,"height":39,"caption":"BARNES Realty | Portugal"},"image":{"@id":"https:\/\/barnes-portugal.com\/fr\/#\/schema\/logo\/image\/"},"sameAs":["https:\/\/www.facebook.com\/barnesportugal","https:\/\/www.instagram.com\/barnes_portugal\/","https:\/\/www.linkedin.com\/company\/729926\/"]}]}},"_links":{"self":[{"href":"https:\/\/barnes-portugal.com\/fr\/wp-json\/wp\/v2\/pages\/11641"}],"collection":[{"href":"https:\/\/barnes-portugal.com\/fr\/wp-json\/wp\/v2\/pages"}],"about":[{"href":"https:\/\/barnes-portugal.com\/fr\/wp-json\/wp\/v2\/types\/page"}],"author":[{"embeddable":true,"href":"https:\/\/barnes-portugal.com\/fr\/wp-json\/wp\/v2\/users\/3"}],"replies":[{"embeddable":true,"href":"https:\/\/barnes-portugal.com\/fr\/wp-json\/wp\/v2\/comments?post=11641"}],"version-history":[{"count":1,"href":"https:\/\/barnes-portugal.com\/fr\/wp-json\/wp\/v2\/pages\/11641\/revisions"}],"predecessor-version":[{"id":94569,"href":"https:\/\/barnes-portugal.com\/fr\/wp-json\/wp\/v2\/pages\/11641\/revisions\/94569"}],"wp:featuredmedia":[{"embeddable":true,"href":"https:\/\/barnes-portugal.com\/fr\/wp-json\/wp\/v2\/media\/47479"}],"wp:attachment":[{"href":"https:\/\/barnes-portugal.com\/fr\/wp-json\/wp\/v2\/media?parent=11641"}],"curies":[{"name":"wp","href":"https:\/\/api.w.org\/{rel}","templated":true}]}}