{"id":11645,"date":"2018-03-15T09:42:29","date_gmt":"2018-03-15T09:42:29","guid":{"rendered":"http:\/\/barnes-portugal.test:8888\/?page_id=11645"},"modified":"2022-10-04T12:55:37","modified_gmt":"2022-10-04T11:55:37","slug":"page-daccueil","status":"publish","type":"page","link":"https:\/\/barnes-portugal.com\/fr\/","title":{"rendered":"Page d&rsquo;Accueil"},"content":{"rendered":"","protected":false},"excerpt":{"rendered":"<p class=\"post-excerpt\"><\/p>","protected":false},"author":3,"featured_media":28901,"parent":0,"menu_order":0,"comment_status":"closed","ping_status":"closed","template":"","meta":{"_acf_changed":false,"footnotes":""},"class_list":["page","has-post-thumbnail"],"acf":[],"yoast_head":"<!-- This site is optimized with the Yoast SEO plugin v24.6 - https:\/\/yoast.com\/wordpress\/plugins\/seo\/ -->\n<title>Page d&#039;Accueil | Immobilier de Luxe | BARNES Realty | Portugal<\/title>\n<meta name=\"description\" content=\"BARNES International Realty est entr\u00e9 au Portugal en 2014, par la main d&#039;un groupe portugais exp\u00e9riment\u00e9 dans l&#039;immobilier.\" \/>\n<meta name=\"robots\" content=\"index, follow, max-snippet:-1, max-image-preview:large, max-video-preview:-1\" \/>\n<link rel=\"canonical\" href=\"https:\/\/barnes-portugal.com\/fr\/\" \/>\n<meta property=\"og:locale\" content=\"fr_FR\" \/>\n<meta property=\"og:type\" content=\"article\" \/>\n<meta property=\"og:title\" content=\"Page d&#039;Accueil | Immobilier de Luxe | BARNES Realty | Portugal\" \/>\n<meta property=\"og:description\" content=\"BARNES International Realty est entr\u00e9 au Portugal en 2014, par la main d&#039;un groupe portugais exp\u00e9riment\u00e9 dans l&#039;immobilier.\" \/>\n<meta property=\"og:url\" content=\"https:\/\/barnes-portugal.com\/fr\/\" \/>\n<meta property=\"og:site_name\" content=\"BARNES Realty | Portugal\" \/>\n<meta property=\"article:publisher\" content=\"https:\/\/www.facebook.com\/barnesportugal\" \/>\n<meta property=\"article:modified_time\" content=\"2022-10-04T11:55:37+00:00\" \/>\n<meta property=\"og:image\" content=\"https:\/\/barnes-portugal.com\/wp-content\/uploads\/barnes-2865691-chiado.jpg\" \/>\n\t<meta property=\"og:image:width\" content=\"1500\" \/>\n\t<meta property=\"og:image:height\" content=\"960\" \/>\n\t<meta property=\"og:image:type\" content=\"image\/jpeg\" \/>\n<meta name=\"twitter:card\" content=\"summary_large_image\" \/>\n<script type=\"application\/ld+json\" class=\"yoast-schema-graph\">{\"@context\":\"https:\/\/schema.org\",\"@graph\":[{\"@type\":\"WebPage\",\"@id\":\"https:\/\/barnes-portugal.com\/fr\/\",\"url\":\"https:\/\/barnes-portugal.com\/fr\/\",\"name\":\"Page d'Accueil | Immobilier de Luxe | BARNES Realty | Portugal\",\"isPartOf\":{\"@id\":\"https:\/\/barnes-portugal.com\/fr\/#website\"},\"primaryImageOfPage\":{\"@id\":\"https:\/\/barnes-portugal.com\/fr\/#primaryimage\"},\"image\":{\"@id\":\"https:\/\/barnes-portugal.com\/fr\/#primaryimage\"},\"thumbnailUrl\":\"https:\/\/barnes-portugal.com\/wp-content\/uploads\/barnes-2865691-chiado.jpg\",\"datePublished\":\"2018-03-15T09:42:29+00:00\",\"dateModified\":\"2022-10-04T11:55:37+00:00\",\"description\":\"BARNES International Realty est entr\u00e9 au Portugal en 2014, par la main d'un groupe portugais exp\u00e9riment\u00e9 dans l'immobilier.\",\"breadcrumb\":{\"@id\":\"https:\/\/barnes-portugal.com\/fr\/#breadcrumb\"},\"inLanguage\":\"fr-FR\",\"potentialAction\":[{\"@type\":\"ReadAction\",\"target\":[\"https:\/\/barnes-portugal.com\/fr\/\"]}]},{\"@type\":\"ImageObject\",\"inLanguage\":\"fr-FR\",\"@id\":\"https:\/\/barnes-portugal.com\/fr\/#primaryimage\",\"url\":\"https:\/\/barnes-portugal.com\/wp-content\/uploads\/barnes-2865691-chiado.jpg\",\"contentUrl\":\"https:\/\/barnes-portugal.com\/wp-content\/uploads\/barnes-2865691-chiado.jpg\",\"width\":1500,\"height\":960,\"caption\":\"T2 Chiado\"},{\"@type\":\"BreadcrumbList\",\"@id\":\"https:\/\/barnes-portugal.com\/fr\/#breadcrumb\",\"itemListElement\":[{\"@type\":\"ListItem\",\"position\":1,\"name\":\"In\u00edcio\",\"item\":\"https:\/\/barnes-portugal.com\/fr\/\"},{\"@type\":\"ListItem\",\"position\":2,\"name\":\"Page d&rsquo;Accueil\"}]},{\"@type\":\"WebSite\",\"@id\":\"https:\/\/barnes-portugal.com\/fr\/#website\",\"url\":\"https:\/\/barnes-portugal.com\/fr\/\",\"name\":\"BARNES Realty | Portugal\",\"description\":\"International Luxury Real Estate\",\"publisher\":{\"@id\":\"https:\/\/barnes-portugal.com\/fr\/#organization\"},\"potentialAction\":[{\"@type\":\"SearchAction\",\"target\":{\"@type\":\"EntryPoint\",\"urlTemplate\":\"https:\/\/barnes-portugal.com\/fr\/?s={search_term_string}\"},\"query-input\":{\"@type\":\"PropertyValueSpecification\",\"valueRequired\":true,\"valueName\":\"search_term_string\"}}],\"inLanguage\":\"fr-FR\"},{\"@type\":\"Organization\",\"@id\":\"https:\/\/barnes-portugal.com\/fr\/#organization\",\"name\":\"BARNES Realty | Portugal\",\"url\":\"https:\/\/barnes-portugal.com\/fr\/\",\"logo\":{\"@type\":\"ImageObject\",\"inLanguage\":\"fr-FR\",\"@id\":\"https:\/\/barnes-portugal.com\/fr\/#\/schema\/logo\/image\/\",\"url\":\"https:\/\/barnes-portugal.com\/wp-content\/uploads\/barnes-logo-inverse.png\",\"contentUrl\":\"https:\/\/barnes-portugal.com\/wp-content\/uploads\/barnes-logo-inverse.png\",\"width\":145,\"height\":39,\"caption\":\"BARNES Realty | Portugal\"},\"image\":{\"@id\":\"https:\/\/barnes-portugal.com\/fr\/#\/schema\/logo\/image\/\"},\"sameAs\":[\"https:\/\/www.facebook.com\/barnesportugal\",\"https:\/\/www.instagram.com\/barnes_portugal\/\",\"https:\/\/www.linkedin.com\/company\/729926\/\"]}]}<\/script>\n<!-- \/ Yoast SEO plugin. -->","yoast_head_json":{"title":"Page d'Accueil | Immobilier de Luxe | BARNES Realty | Portugal","description":"BARNES International Realty est entr\u00e9 au Portugal en 2014, par la main d'un groupe portugais exp\u00e9riment\u00e9 dans l'immobilier.","robots":{"index":"index","follow":"follow","max-snippet":"max-snippet:-1","max-image-preview":"max-image-preview:large","max-video-preview":"max-video-preview:-1"},"canonical":"https:\/\/barnes-portugal.com\/fr\/","og_locale":"fr_FR","og_type":"article","og_title":"Page d'Accueil | Immobilier de Luxe | BARNES Realty | Portugal","og_description":"BARNES International Realty est entr\u00e9 au Portugal en 2014, par la main d'un groupe portugais exp\u00e9riment\u00e9 dans l'immobilier.","og_url":"https:\/\/barnes-portugal.com\/fr\/","og_site_name":"BARNES Realty | Portugal","article_publisher":"https:\/\/www.facebook.com\/barnesportugal","article_modified_time":"2022-10-04T11:55:37+00:00","og_image":[{"width":1500,"height":960,"url":"https:\/\/barnes-portugal.com\/wp-content\/uploads\/barnes-2865691-chiado.jpg","type":"image\/jpeg"}],"twitter_card":"summary_large_image","schema":{"@context":"https:\/\/schema.org","@graph":[{"@type":"WebPage","@id":"https:\/\/barnes-portugal.com\/fr\/","url":"https:\/\/barnes-portugal.com\/fr\/","name":"Page d'Accueil | Immobilier de Luxe | BARNES Realty | Portugal","isPartOf":{"@id":"https:\/\/barnes-portugal.com\/fr\/#website"},"primaryImageOfPage":{"@id":"https:\/\/barnes-portugal.com\/fr\/#primaryimage"},"image":{"@id":"https:\/\/barnes-portugal.com\/fr\/#primaryimage"},"thumbnailUrl":"https:\/\/barnes-portugal.com\/wp-content\/uploads\/barnes-2865691-chiado.jpg","datePublished":"2018-03-15T09:42:29+00:00","dateModified":"2022-10-04T11:55:37+00:00","description":"BARNES International Realty est entr\u00e9 au Portugal en 2014, par la main d'un groupe portugais exp\u00e9riment\u00e9 dans l'immobilier.","breadcrumb":{"@id":"https:\/\/barnes-portugal.com\/fr\/#breadcrumb"},"inLanguage":"fr-FR","potentialAction":[{"@type":"ReadAction","target":["https:\/\/barnes-portugal.com\/fr\/"]}]},{"@type":"ImageObject","inLanguage":"fr-FR","@id":"https:\/\/barnes-portugal.com\/fr\/#primaryimage","url":"https:\/\/barnes-portugal.com\/wp-content\/uploads\/barnes-2865691-chiado.jpg","contentUrl":"https:\/\/barnes-portugal.com\/wp-content\/uploads\/barnes-2865691-chiado.jpg","width":1500,"height":960,"caption":"T2 Chiado"},{"@type":"BreadcrumbList","@id":"https:\/\/barnes-portugal.com\/fr\/#breadcrumb","itemListElement":[{"@type":"ListItem","position":1,"name":"In\u00edcio","item":"https:\/\/barnes-portugal.com\/fr\/"},{"@type":"ListItem","position":2,"name":"Page d&rsquo;Accueil"}]},{"@type":"WebSite","@id":"https:\/\/barnes-portugal.com\/fr\/#website","url":"https:\/\/barnes-portugal.com\/fr\/","name":"BARNES Realty | Portugal","description":"International Luxury Real Estate","publisher":{"@id":"https:\/\/barnes-portugal.com\/fr\/#organization"},"potentialAction":[{"@type":"SearchAction","target":{"@type":"EntryPoint","urlTemplate":"https:\/\/barnes-portugal.com\/fr\/?s={search_term_string}"},"query-input":{"@type":"PropertyValueSpecification","valueRequired":true,"valueName":"search_term_string"}}],"inLanguage":"fr-FR"},{"@type":"Organization","@id":"https:\/\/barnes-portugal.com\/fr\/#organization","name":"BARNES Realty | Portugal","url":"https:\/\/barnes-portugal.com\/fr\/","logo":{"@type":"ImageObject","inLanguage":"fr-FR","@id":"https:\/\/barnes-portugal.com\/fr\/#\/schema\/logo\/image\/","url":"https:\/\/barnes-portugal.com\/wp-content\/uploads\/barnes-logo-inverse.png","contentUrl":"https:\/\/barnes-portugal.com\/wp-content\/uploads\/barnes-logo-inverse.png","width":145,"height":39,"caption":"BARNES Realty | Portugal"},"image":{"@id":"https:\/\/barnes-portugal.com\/fr\/#\/schema\/logo\/image\/"},"sameAs":["https:\/\/www.facebook.com\/barnesportugal","https:\/\/www.instagram.com\/barnes_portugal\/","https:\/\/www.linkedin.com\/company\/729926\/"]}]}},"_links":{"self":[{"href":"https:\/\/barnes-portugal.com\/fr\/wp-json\/wp\/v2\/pages\/11645"}],"collection":[{"href":"https:\/\/barnes-portugal.com\/fr\/wp-json\/wp\/v2\/pages"}],"about":[{"href":"https:\/\/barnes-portugal.com\/fr\/wp-json\/wp\/v2\/types\/page"}],"author":[{"embeddable":true,"href":"https:\/\/barnes-portugal.com\/fr\/wp-json\/wp\/v2\/users\/3"}],"replies":[{"embeddable":true,"href":"https:\/\/barnes-portugal.com\/fr\/wp-json\/wp\/v2\/comments?post=11645"}],"version-history":[{"count":0,"href":"https:\/\/barnes-portugal.com\/fr\/wp-json\/wp\/v2\/pages\/11645\/revisions"}],"wp:featuredmedia":[{"embeddable":true,"href":"https:\/\/barnes-portugal.com\/fr\/wp-json\/wp\/v2\/media\/28901"}],"wp:attachment":[{"href":"https:\/\/barnes-portugal.com\/fr\/wp-json\/wp\/v2\/media?parent=11645"}],"curies":[{"name":"wp","href":"https:\/\/api.w.org\/{rel}","templated":true}]}}