{"id":11661,"date":"2018-03-15T10:50:16","date_gmt":"2018-03-15T10:50:16","guid":{"rendered":"http:\/\/barnes-portugal.test:8888\/?page_id=11661"},"modified":"2022-10-04T12:04:41","modified_gmt":"2022-10-04T11:04:41","slug":"barnes-international-realty-immobilier","status":"publish","type":"page","link":"https:\/\/barnes-portugal.com\/fr\/barnes-international-realty-immobilier\/","title":{"rendered":"BARNES International Realty"},"content":{"rendered":"<div class=\"text-wrapper\"><h4 style=\"text-align: left;\">Barnes International Realty Immobilier, acteur majeur de l\u2019immobilier de luxe et ambassadeur de l\u2019art de vivre.<\/h4>\n<p>Rencontrez votre agent <a href=\"https:\/\/barnes-portugal.com\/fr\/\">immobilier<\/a> de luxe au sein d\u2019un bureau de Barnes International Realty, agence immobili\u00e8re de luxe \u00e0 Paris et sp\u00e9cialis\u00e9e dans les biens immobiliers haut de gamme dans le monde entier. Que vous cherchiez entre autres un appartement de prestige \u00e0 Paris, un chalet de luxe \u00e0 Courchevel ou Meg\u00e8ve, une villa \u00e0 Monaco Monte-Carlo ou \u00e0 Cannes, les <a href=\"https:\/\/www.barnes-international.com\/en\/group\/the-world-of-barnes.html\">consultants<\/a> de Barnes International Realty vous accompagnent dans votre projet d&rsquo;investissement immobilier.<\/p>\n<p><img loading=\"lazy\" decoding=\"async\" class=\"aligncenter size-full wp-image-47498\" src=\"https:\/\/barnes-portugal.com\/wp-content\/uploads\/barnes-fundadora-ceo-ilustracao.jpg\" alt=\"Heidi Barnes et Thibault de Saint Vincent\" width=\"543\" height=\"391\" srcset=\"https:\/\/barnes-portugal.com\/wp-content\/uploads\/barnes-fundadora-ceo-ilustracao.jpg 543w, https:\/\/barnes-portugal.com\/wp-content\/uploads\/barnes-fundadora-ceo-ilustracao-300x216.jpg 300w\" sizes=\"(max-width: 543px) 100vw, 543px\" \/><\/p>\n<p>Nous proposons aussi \u00e0 nos clients des services compl\u00e9mentaires de family office, conciergerie priv\u00e9e, gestion de propri\u00e9t\u00e9s, et de conseils personnalis\u00e9s en investissement immobilier de luxe.<\/p>\n<p>BARNES Immobilier de Luxe &#8211; Les plus belles demeures et appartements de prestige<\/p>\n<ul id=\"country-list\">\n<li><strong>France (Paris)<\/strong>\n<ul>\n<li>Boulogne Billancourt<\/li>\n<li>Paris (tous les arrondissements)<\/li>\n<li>Paris 6<\/li>\n<li>Paris 7<\/li>\n<li>Paris 8<\/li>\n<li>Paris 16<\/li>\n<li>Paris 17<\/li>\n<li>Neuilly sur Seine<\/li>\n<li>Vaucresson<\/li>\n<li>Versailles<\/li>\n<\/ul>\n<\/li>\n<li><strong>France (Province)<\/strong>\n<ul>\n<li>Aix-En-Provence<\/li>\n<li>Bordeaux<\/li>\n<li>Cannes<\/li>\n<li>Lyon<\/li>\n<li>Lille<\/li>\n<li>Marseille<\/li>\n<li>Meg\u00e8ve<\/li>\n<li>Nantes<\/li>\n<li>St-Tropez<\/li>\n<li>Corse<\/li>\n<\/ul>\n<\/li>\n<li><strong>Suisse<\/strong>\n<ul>\n<li>Cologny<\/li>\n<li>Cran Montana<\/li>\n<li>Cr\u00e9suz<\/li>\n<li>Gen\u00e8ve<\/li>\n<li>Lugano<\/li>\n<li>Lutry<\/li>\n<li>Montreux<\/li>\n<li>Rougemont<\/li>\n<li>Saanen<\/li>\n<li>Verbier<\/li>\n<\/ul>\n<\/li>\n<li><strong>Belgique<\/strong>\n<ul>\n<li>Bruxelles<\/li>\n<li>Ixelles<\/li>\n<\/ul>\n<\/li>\n<li><strong>Espagne<\/strong>\n<ul>\n<li>Barcelona<\/li>\n<li>Madrid<\/li>\n<\/ul>\n<\/li>\n<li><strong>Europe<\/strong>\n<ul>\n<li>Angleterre<\/li>\n<li>Gr\u00e8ce<\/li>\n<li>Hongrie<\/li>\n<li>Italie<\/li>\n<li>Luxembourg<\/li>\n<li>Russie<\/li>\n<li>Portugal<\/li>\n<\/ul>\n<\/li>\n<li><strong>\u00c9tats-Unis<\/strong>\n<ul>\n<li>Miami<\/li>\n<li>Los Angeles<\/li>\n<li>New York<\/li>\n<\/ul>\n<\/li>\n<li><strong>Canada<\/strong>\n<ul>\n<li>Est\u00e9rel<\/li>\n<li>Montreal Ouest<\/li>\n<li>Montreal Outremont<\/li>\n<li>Montreal Sud<\/li>\n<\/ul>\n<\/li>\n<li><strong>Autre<\/strong>\n<ul>\n<li>Ile Maurice<\/li>\n<li>Maroc<\/li>\n<li>Saint-Barthelemy<\/li>\n<\/ul>\n<\/li>\n<\/ul>\n<style type=\"text\/css\">#country-list{ text-align: left; margin-left: 0; column-count: 2; column-gap: 15px; list-style: none; } #country-list ul{ margin-left: 0; list-style: none; } #country-list strong{ color: #b60032; } @media screen and (min-width: 992px){ #country-list{ column-count: 3; } }<\/style>\n<p><img loading=\"lazy\" decoding=\"async\" class=\"aligncenter size-full wp-image-47502\" src=\"https:\/\/barnes-portugal.com\/wp-content\/uploads\/barnes-fachada-ilustracao.jpg\" alt=\"Fachada BARNES\" width=\"804\" height=\"536\" srcset=\"https:\/\/barnes-portugal.com\/wp-content\/uploads\/barnes-fachada-ilustracao.jpg 804w, https:\/\/barnes-portugal.com\/wp-content\/uploads\/barnes-fachada-ilustracao-300x200.jpg 300w, https:\/\/barnes-portugal.com\/wp-content\/uploads\/barnes-fachada-ilustracao-768x512.jpg 768w\" sizes=\"(max-width: 804px) 100vw, 804px\" \/><\/p>\n<\/div>","protected":false},"excerpt":{"rendered":"<p class=\"post-excerpt\">Barnes International Realty Immobilier, acteur majeur de l\u2019immobilier de luxe et ambassadeur de l\u2019art de vivre. Rencontrez votre agent immobilier de luxe au sein d\u2019un&#8230;\n<\/p>","protected":false},"author":3,"featured_media":12070,"parent":0,"menu_order":0,"comment_status":"closed","ping_status":"closed","template":"","meta":{"_acf_changed":false,"footnotes":""},"class_list":["page","has-post-thumbnail"],"acf":[],"yoast_head":"<!-- This site is optimized with the Yoast SEO plugin v24.6 - https:\/\/yoast.com\/wordpress\/plugins\/seo\/ -->\n<title>BARNES International | Immobilier | BARNES Realty | Portugal<\/title>\n<meta name=\"description\" content=\"BARNES International Realty est une agence immobili\u00e8re r\u00e9sidentielle de premier plan proposant de l&#039;immobilier de luxe \u00e0 Paris.\" \/>\n<meta name=\"robots\" content=\"index, follow, max-snippet:-1, max-image-preview:large, max-video-preview:-1\" \/>\n<link rel=\"canonical\" href=\"https:\/\/barnes-portugal.com\/fr\/barnes-international-realty-immobilier\/\" \/>\n<meta property=\"og:locale\" content=\"fr_FR\" \/>\n<meta property=\"og:type\" content=\"article\" \/>\n<meta property=\"og:title\" content=\"BARNES International | Immobilier | BARNES Realty | Portugal\" \/>\n<meta property=\"og:description\" content=\"BARNES International Realty est une agence immobili\u00e8re r\u00e9sidentielle de premier plan proposant de l&#039;immobilier de luxe \u00e0 Paris.\" \/>\n<meta property=\"og:url\" content=\"https:\/\/barnes-portugal.com\/fr\/barnes-international-realty-immobilier\/\" \/>\n<meta property=\"og:site_name\" content=\"BARNES Realty | Portugal\" \/>\n<meta property=\"article:publisher\" content=\"https:\/\/www.facebook.com\/barnesportugal\" \/>\n<meta property=\"article:modified_time\" content=\"2022-10-04T11:04:41+00:00\" \/>\n<meta property=\"og:image\" content=\"https:\/\/barnes-portugal.com\/wp-content\/uploads\/internacional.jpg\" \/>\n\t<meta property=\"og:image:width\" content=\"1370\" \/>\n\t<meta property=\"og:image:height\" content=\"500\" \/>\n\t<meta property=\"og:image:type\" content=\"image\/jpeg\" \/>\n<meta name=\"twitter:card\" content=\"summary_large_image\" \/>\n<meta name=\"twitter:label1\" content=\"Dur\u00e9e de lecture estim\u00e9e\" \/>\n\t<meta name=\"twitter:data1\" content=\"1 minute\" \/>\n<script type=\"application\/ld+json\" class=\"yoast-schema-graph\">{\"@context\":\"https:\/\/schema.org\",\"@graph\":[{\"@type\":\"WebPage\",\"@id\":\"https:\/\/barnes-portugal.com\/fr\/barnes-international-realty-immobilier\/\",\"url\":\"https:\/\/barnes-portugal.com\/fr\/barnes-international-realty-immobilier\/\",\"name\":\"BARNES International | Immobilier | BARNES Realty | Portugal\",\"isPartOf\":{\"@id\":\"https:\/\/barnes-portugal.com\/fr\/#website\"},\"primaryImageOfPage\":{\"@id\":\"https:\/\/barnes-portugal.com\/fr\/barnes-international-realty-immobilier\/#primaryimage\"},\"image\":{\"@id\":\"https:\/\/barnes-portugal.com\/fr\/barnes-international-realty-immobilier\/#primaryimage\"},\"thumbnailUrl\":\"https:\/\/barnes-portugal.com\/wp-content\/uploads\/internacional.jpg\",\"datePublished\":\"2018-03-15T10:50:16+00:00\",\"dateModified\":\"2022-10-04T11:04:41+00:00\",\"description\":\"BARNES International Realty est une agence immobili\u00e8re r\u00e9sidentielle de premier plan proposant de l'immobilier de luxe \u00e0 Paris.\",\"breadcrumb\":{\"@id\":\"https:\/\/barnes-portugal.com\/fr\/barnes-international-realty-immobilier\/#breadcrumb\"},\"inLanguage\":\"fr-FR\",\"potentialAction\":[{\"@type\":\"ReadAction\",\"target\":[\"https:\/\/barnes-portugal.com\/fr\/barnes-international-realty-immobilier\/\"]}]},{\"@type\":\"ImageObject\",\"inLanguage\":\"fr-FR\",\"@id\":\"https:\/\/barnes-portugal.com\/fr\/barnes-international-realty-immobilier\/#primaryimage\",\"url\":\"https:\/\/barnes-portugal.com\/wp-content\/uploads\/internacional.jpg\",\"contentUrl\":\"https:\/\/barnes-portugal.com\/wp-content\/uploads\/internacional.jpg\",\"width\":1370,\"height\":500,\"caption\":\"Internacional\"},{\"@type\":\"BreadcrumbList\",\"@id\":\"https:\/\/barnes-portugal.com\/fr\/barnes-international-realty-immobilier\/#breadcrumb\",\"itemListElement\":[{\"@type\":\"ListItem\",\"position\":1,\"name\":\"In\u00edcio\",\"item\":\"https:\/\/barnes-portugal.com\/fr\/\"},{\"@type\":\"ListItem\",\"position\":2,\"name\":\"BARNES International Realty\"}]},{\"@type\":\"WebSite\",\"@id\":\"https:\/\/barnes-portugal.com\/fr\/#website\",\"url\":\"https:\/\/barnes-portugal.com\/fr\/\",\"name\":\"BARNES Realty | Portugal\",\"description\":\"International Luxury Real Estate\",\"publisher\":{\"@id\":\"https:\/\/barnes-portugal.com\/fr\/#organization\"},\"potentialAction\":[{\"@type\":\"SearchAction\",\"target\":{\"@type\":\"EntryPoint\",\"urlTemplate\":\"https:\/\/barnes-portugal.com\/fr\/?s={search_term_string}\"},\"query-input\":{\"@type\":\"PropertyValueSpecification\",\"valueRequired\":true,\"valueName\":\"search_term_string\"}}],\"inLanguage\":\"fr-FR\"},{\"@type\":\"Organization\",\"@id\":\"https:\/\/barnes-portugal.com\/fr\/#organization\",\"name\":\"BARNES Realty | Portugal\",\"url\":\"https:\/\/barnes-portugal.com\/fr\/\",\"logo\":{\"@type\":\"ImageObject\",\"inLanguage\":\"fr-FR\",\"@id\":\"https:\/\/barnes-portugal.com\/fr\/#\/schema\/logo\/image\/\",\"url\":\"https:\/\/barnes-portugal.com\/wp-content\/uploads\/barnes-logo-inverse.png\",\"contentUrl\":\"https:\/\/barnes-portugal.com\/wp-content\/uploads\/barnes-logo-inverse.png\",\"width\":145,\"height\":39,\"caption\":\"BARNES Realty | Portugal\"},\"image\":{\"@id\":\"https:\/\/barnes-portugal.com\/fr\/#\/schema\/logo\/image\/\"},\"sameAs\":[\"https:\/\/www.facebook.com\/barnesportugal\",\"https:\/\/www.instagram.com\/barnes_portugal\/\",\"https:\/\/www.linkedin.com\/company\/729926\/\"]}]}<\/script>\n<!-- \/ Yoast SEO plugin. -->","yoast_head_json":{"title":"BARNES International | Immobilier | BARNES Realty | Portugal","description":"BARNES International Realty est une agence immobili\u00e8re r\u00e9sidentielle de premier plan proposant de l'immobilier de luxe \u00e0 Paris.","robots":{"index":"index","follow":"follow","max-snippet":"max-snippet:-1","max-image-preview":"max-image-preview:large","max-video-preview":"max-video-preview:-1"},"canonical":"https:\/\/barnes-portugal.com\/fr\/barnes-international-realty-immobilier\/","og_locale":"fr_FR","og_type":"article","og_title":"BARNES International | Immobilier | BARNES Realty | Portugal","og_description":"BARNES International Realty est une agence immobili\u00e8re r\u00e9sidentielle de premier plan proposant de l'immobilier de luxe \u00e0 Paris.","og_url":"https:\/\/barnes-portugal.com\/fr\/barnes-international-realty-immobilier\/","og_site_name":"BARNES Realty | Portugal","article_publisher":"https:\/\/www.facebook.com\/barnesportugal","article_modified_time":"2022-10-04T11:04:41+00:00","og_image":[{"width":1370,"height":500,"url":"https:\/\/barnes-portugal.com\/wp-content\/uploads\/internacional.jpg","type":"image\/jpeg"}],"twitter_card":"summary_large_image","twitter_misc":{"Dur\u00e9e de lecture estim\u00e9e":"1 minute"},"schema":{"@context":"https:\/\/schema.org","@graph":[{"@type":"WebPage","@id":"https:\/\/barnes-portugal.com\/fr\/barnes-international-realty-immobilier\/","url":"https:\/\/barnes-portugal.com\/fr\/barnes-international-realty-immobilier\/","name":"BARNES International | Immobilier | BARNES Realty | Portugal","isPartOf":{"@id":"https:\/\/barnes-portugal.com\/fr\/#website"},"primaryImageOfPage":{"@id":"https:\/\/barnes-portugal.com\/fr\/barnes-international-realty-immobilier\/#primaryimage"},"image":{"@id":"https:\/\/barnes-portugal.com\/fr\/barnes-international-realty-immobilier\/#primaryimage"},"thumbnailUrl":"https:\/\/barnes-portugal.com\/wp-content\/uploads\/internacional.jpg","datePublished":"2018-03-15T10:50:16+00:00","dateModified":"2022-10-04T11:04:41+00:00","description":"BARNES International Realty est une agence immobili\u00e8re r\u00e9sidentielle de premier plan proposant de l'immobilier de luxe \u00e0 Paris.","breadcrumb":{"@id":"https:\/\/barnes-portugal.com\/fr\/barnes-international-realty-immobilier\/#breadcrumb"},"inLanguage":"fr-FR","potentialAction":[{"@type":"ReadAction","target":["https:\/\/barnes-portugal.com\/fr\/barnes-international-realty-immobilier\/"]}]},{"@type":"ImageObject","inLanguage":"fr-FR","@id":"https:\/\/barnes-portugal.com\/fr\/barnes-international-realty-immobilier\/#primaryimage","url":"https:\/\/barnes-portugal.com\/wp-content\/uploads\/internacional.jpg","contentUrl":"https:\/\/barnes-portugal.com\/wp-content\/uploads\/internacional.jpg","width":1370,"height":500,"caption":"Internacional"},{"@type":"BreadcrumbList","@id":"https:\/\/barnes-portugal.com\/fr\/barnes-international-realty-immobilier\/#breadcrumb","itemListElement":[{"@type":"ListItem","position":1,"name":"In\u00edcio","item":"https:\/\/barnes-portugal.com\/fr\/"},{"@type":"ListItem","position":2,"name":"BARNES International Realty"}]},{"@type":"WebSite","@id":"https:\/\/barnes-portugal.com\/fr\/#website","url":"https:\/\/barnes-portugal.com\/fr\/","name":"BARNES Realty | Portugal","description":"International Luxury Real Estate","publisher":{"@id":"https:\/\/barnes-portugal.com\/fr\/#organization"},"potentialAction":[{"@type":"SearchAction","target":{"@type":"EntryPoint","urlTemplate":"https:\/\/barnes-portugal.com\/fr\/?s={search_term_string}"},"query-input":{"@type":"PropertyValueSpecification","valueRequired":true,"valueName":"search_term_string"}}],"inLanguage":"fr-FR"},{"@type":"Organization","@id":"https:\/\/barnes-portugal.com\/fr\/#organization","name":"BARNES Realty | Portugal","url":"https:\/\/barnes-portugal.com\/fr\/","logo":{"@type":"ImageObject","inLanguage":"fr-FR","@id":"https:\/\/barnes-portugal.com\/fr\/#\/schema\/logo\/image\/","url":"https:\/\/barnes-portugal.com\/wp-content\/uploads\/barnes-logo-inverse.png","contentUrl":"https:\/\/barnes-portugal.com\/wp-content\/uploads\/barnes-logo-inverse.png","width":145,"height":39,"caption":"BARNES Realty | Portugal"},"image":{"@id":"https:\/\/barnes-portugal.com\/fr\/#\/schema\/logo\/image\/"},"sameAs":["https:\/\/www.facebook.com\/barnesportugal","https:\/\/www.instagram.com\/barnes_portugal\/","https:\/\/www.linkedin.com\/company\/729926\/"]}]}},"_links":{"self":[{"href":"https:\/\/barnes-portugal.com\/fr\/wp-json\/wp\/v2\/pages\/11661"}],"collection":[{"href":"https:\/\/barnes-portugal.com\/fr\/wp-json\/wp\/v2\/pages"}],"about":[{"href":"https:\/\/barnes-portugal.com\/fr\/wp-json\/wp\/v2\/types\/page"}],"author":[{"embeddable":true,"href":"https:\/\/barnes-portugal.com\/fr\/wp-json\/wp\/v2\/users\/3"}],"replies":[{"embeddable":true,"href":"https:\/\/barnes-portugal.com\/fr\/wp-json\/wp\/v2\/comments?post=11661"}],"version-history":[{"count":0,"href":"https:\/\/barnes-portugal.com\/fr\/wp-json\/wp\/v2\/pages\/11661\/revisions"}],"wp:featuredmedia":[{"embeddable":true,"href":"https:\/\/barnes-portugal.com\/fr\/wp-json\/wp\/v2\/media\/12070"}],"wp:attachment":[{"href":"https:\/\/barnes-portugal.com\/fr\/wp-json\/wp\/v2\/media?parent=11661"}],"curies":[{"name":"wp","href":"https:\/\/api.w.org\/{rel}","templated":true}]}}