{"id":11700,"date":"2018-03-15T11:10:32","date_gmt":"2018-03-15T11:10:32","guid":{"rendered":"http:\/\/barnes-portugal.test:8888\/?page_id=11700"},"modified":"2022-10-04T12:41:33","modified_gmt":"2022-10-04T11:41:33","slug":"politique-de-confidentialite","status":"publish","type":"page","link":"https:\/\/barnes-portugal.com\/fr\/politique-de-confidentialite\/","title":{"rendered":"Politique de Confidentialit\u00e9"},"content":{"rendered":"<div class=\"text-wrapper\"><p><a href=\"https:\/\/barnes-portugal.com\/fr\/\">Barnes Portugal<\/a> garantit que toutes vos donn\u00e9es seront trait\u00e9es conform\u00e9ment aux normes communautaires pertinentes. Le but de notre politique de confidentialit\u00e9 est de d\u00e9crire en d\u00e9tail les diff\u00e9rents types d&rsquo;informations collect\u00e9es lors de votre interaction avec le site Web et d&rsquo;expliquer comment nous utilisons ces informations.\/<\/p>\n<h4>Informations collect\u00e9es<\/h4>\n<p>Dans le cadre de l&rsquo;utilisation de notre site Web, l&rsquo;utilisateur peut transmettre diverses donn\u00e9es personnelles, telles que le nom, l&rsquo;adresse e-mail, le num\u00e9ro de t\u00e9l\u00e9phone et \/ ou le t\u00e9l\u00e9phone mobile, entre autres. La communication de ces donn\u00e9es est facultative et sous l&rsquo;enti\u00e8re responsabilit\u00e9 de l&rsquo;utilisateur.<\/p>\n<p>Nous collectons des informations vous concernant lorsque vous faites une demande de contact pour un service, lorsque vous appelez ou lorsque vous vous abonnez \u00e0 notre newsletter mensuelle.<\/p>\n<p>Les donn\u00e9es personnelles collect\u00e9es sont celles n\u00e9cessaires aux fins pour lesquelles vous nous avez contact\u00e9s, traitant dans ce domaine des donn\u00e9es telles que nom, adresse, num\u00e9ro de t\u00e9l\u00e9phone, adresse e-mail, sujet, NIF (dans le cas d&rsquo;une transaction commercial) et le document d&rsquo;identification (dans le cas de l&rsquo;exercice d&rsquo;un droit). En fournissant vos donn\u00e9es personnelles, vous autorisez la collecte, l&rsquo;utilisation et la divulgation des donn\u00e9es conform\u00e9ment aux r\u00e8gles d\u00e9finies ici.<\/p>\n<p>Nous vous demandons de ne pas envoyer ou partager avec Barnes Portugal des informations personnelles sensibles telles que l&rsquo;origine raciale ou ethnique, les opinions politiques, les croyances religieuses ou philosophiques ou l&rsquo;appartenance syndicale, ainsi que des donn\u00e9es g\u00e9n\u00e9tiques, des donn\u00e9es biom\u00e9triques, des donn\u00e9es relatifs \u00e0 la sant\u00e9 ou aux donn\u00e9es relatives \u00e0 la vie sexuelle ou \u00e0 l&rsquo;orientation sexuelle.<\/p>\n<p>Dans chaque acc\u00e8s \u00e0 notre site et \u00e0 son contenu, les donn\u00e9es d&rsquo;acc\u00e8s sont \u00e9galement enregistr\u00e9es sous forme de protocole. Chaque enregistrement peut inclure les donn\u00e9es suivantes:<\/p>\n<ul>\n<li>Le site \u00e0 partir duquel notre page est accessible;<\/li>\n<li>L&rsquo;adresse IP;<\/li>\n<li>La date et l&rsquo;heure d&rsquo;acc\u00e8s;<\/li>\n<li>Demande du client;<\/li>\n<li>Le code de r\u00e9ponse http;<\/li>\n<li>La quantit\u00e9 de donn\u00e9es transmises;<\/li>\n<li>Informations sur le navigateur et le syst\u00e8me d&rsquo;exploitation utilis\u00e9s.<\/li>\n<\/ul>\n<p>Les informations recueillies seront utilis\u00e9es pour rendre votre visite sur notre site aussi productive et agr\u00e9able que possible. La garantie de la confidentialit\u00e9 des donn\u00e9es personnelles des utilisateurs de notre site est importante pour Barnes Portugal.<\/p>\n<p>Les informations concernant les clients, membres, abonn\u00e9s ou visiteurs utilisant le site barnes-portugal.com seront trait\u00e9es conform\u00e9ment au R\u00e8glement g\u00e9n\u00e9ral sur la protection des donn\u00e9es du 25 mai 2018, qui a remplac\u00e9 la loi sur la protection des donn\u00e9es de 26 octobre 1998 (loi n \u00b0 67\/98).<\/p>\n<h4>Comment nous utilisons vos informations<\/h4>\n<p>Les informations collect\u00e9es sur notre site Web sont utilis\u00e9es pour traiter votre demande et, si vous acceptez, pour vous envoyer des informations sur des articles concernant le marketing, les produits et les services susceptibles de vous int\u00e9resser.<\/p>\n<p>Nous utilisons les informations collect\u00e9es sur le site pour personnaliser vos prochaines visites sur notre site.<\/p>\n<p>Barnes Portugal ne partage pas vos informations pour des campagnes de marketing avec des soci\u00e9t\u00e9s ext\u00e9rieures ni ne transf\u00e8re vos donn\u00e9es personnelles vers un pays tiers.<\/p>\n<p>Vous avez le droit de vous plaindre aupr\u00e8s d&rsquo;une autorit\u00e9 de surveillance de l&rsquo;Union europ\u00e9enne concernant la protection de vos donn\u00e9es personnelles. Barnes Portugal coop\u00e9rera avec l&rsquo;autorit\u00e9 de contr\u00f4le en lui fournissant toutes les informations demand\u00e9es dans l&rsquo;exercice de ses pouvoirs.<\/p>\n<p>En tant que titulaire de vos donn\u00e9es personnelles, vous disposez d&rsquo;un droit d&rsquo;acc\u00e8s, de rectification, de suppression (droit \u00e0 l&rsquo;oubli), de restriction de traitement et de portabilit\u00e9 et d&rsquo;opposition au traitement des donn\u00e9es personnelles, conform\u00e9ment au r\u00e8glement g\u00e9n\u00e9ral sur la protection de donn\u00e9es.<\/p>\n<p>Si vous souhaitez exercer vos droits, vous devez nous contacter par e-mail ou par courrier \u00e0 l&rsquo;adresse du si\u00e8ge. Pour assurer votre protection, il se peut qu&rsquo;on vous demande de prouver votre identit\u00e9.<\/p>\n<h4>Cookies<\/h4>\n<p>Les cookies sont utilis\u00e9s pour stocker des informations, telles que vos pr\u00e9f\u00e9rences lorsque vous visitez notre site Web. Un cookie est une cha\u00eene d&rsquo;informations textuelles qu&rsquo;un site Web transf\u00e8re au fichier cookie du navigateur sur le disque dur de votre ordinateur, permettant au site de se souvenir de qui vous \u00eates. Les cookies aident un site Web \u00e0 organiser le contenu en fonction de vos int\u00e9r\u00eats plus rapidement &#8211; la plupart des sites majeurs utilisent des cookies. Seuls, les cookies ne peuvent pas \u00eatre utilis\u00e9s pour vous identifier.<\/p>\n<p>Cependant, cela peut changer la fa\u00e7on dont nous interagissons avec notre site Web ou d&rsquo;autres sites Web. Ces actions peuvent affecter la possibilit\u00e9 ou non de vous connecter aux logiciels, aux sites Web de notre r\u00e9seau et \u00e0 d&rsquo;autres r\u00e9seaux.<\/p>\n<ul>\n<li>Cookies personnels: un cookie g\u00e9r\u00e9 par ce domaine \/ site Web.<\/li>\n<li>Cookies tiers: un cookie g\u00e9r\u00e9 par un autre domaine \/ site Web.<\/li>\n<li>Cookies persistants: les informations sur les cookies sont stock\u00e9es de mani\u00e8re permanente sur votre appareil.<\/li>\n<li>Cookies de session: les informations sur les cookies ne sont pas stock\u00e9es de mani\u00e8re permanente sur votre appareil.<\/li>\n<\/ul>\n<p>Barnes Portugal utilise des cookies de session et des \u00abcookies internes\u00bb ainsi que des cookies persistants et des cookies tiers.<\/p>\n<p>Types de cookies en fonction du but de l&rsquo;utilisation:<\/p>\n<ul>\n<li>Cookies techniques: ce sont ceux qui vous permettent de naviguer dans un domaine \/ site Web, en utilisant les diff\u00e9rentes options ou services, tels que l&rsquo;identification de la session, l&rsquo;acc\u00e8s aux zones restreintes et le processus de commande.<\/li>\n<li>Cookies de personnalisation: ceux qui vous permettent d&rsquo;acc\u00e9der au domaine \/ site Web avec certaines caract\u00e9ristiques pr\u00e9d\u00e9finies bas\u00e9es sur un ensemble de d\u00e9cisions prises, telles que la langue utilis\u00e9e.<\/li>\n<li>Cookies d&rsquo;analyse: ce sont ceux qui permettent le suivi et l&rsquo;analyse du comportement des utilisateurs des sites Web auxquels ils sont li\u00e9s. Les informations collect\u00e9es \u00e0 travers ces cookies sont utilis\u00e9es, par exemple, pour mesurer l&rsquo;activit\u00e9 du site et d\u00e9velopper des profils de navigation.<\/li>\n<li>Cookies publicitaires: ils vous permettent de g\u00e9rer plus efficacement les espaces publicitaires en fonction de crit\u00e8res tels que le contenu modifi\u00e9 ou la fr\u00e9quence \u00e0 laquelle les annonces sont diffus\u00e9es.<\/li>\n<li>Cookies de publicit\u00e9 comportementale: ceux qui vous permettent de g\u00e9rer la mani\u00e8re la plus efficace d&rsquo;espace publicitaire. Ces cookies stockent des informations sur le comportement de l&rsquo;utilisateur, obtenues en observant continuellement leurs habitudes de navigation, vous permettant de d\u00e9velopper un profil sp\u00e9cifique pour afficher des publicit\u00e9s bas\u00e9es sur cela.<\/li>\n<\/ul>\n<p>Barnes Portugal (Politique de Confidentialit\u00e9) utilise des cookies techniques, des cookies de personnalisation et des cookies d&rsquo;analyse; n&rsquo;utilise pas de cookies ou de cookies publicitaires comportementaux.<\/p>\n<p>Politique de Confidentialit\u00e9 &#8211; Les informations sur les cookies sont contr\u00f4l\u00e9es et consult\u00e9es par le propri\u00e9taire du site.<\/p>\n<table>\n<thead>\n<tr>\n<th>Nom du cookie<\/th>\n<th>Objectif<\/th>\n<th>Dur\u00e9e<\/th>\n<th>Domaine<\/th>\n<th>Type<\/th>\n<\/tr>\n<\/thead>\n<tbody>\n<tr>\n<td>_ga<\/td>\n<td>Cookie utilis\u00e9 par le logiciel Google Analytics pour distinguer les utilisateurs uniques afin de collecter des donn\u00e9es de base sur eux-m\u00eames et le site Web.<\/td>\n<td>2 ans<\/td>\n<td>barnes-portugal.com<\/td>\n<td>Analyse<\/td>\n<\/tr>\n<tr>\n<td>_gat<\/td>\n<td>Cookie utilis\u00e9 par le logiciel Google Analytics pour limiter le nombre de demandes \u00e0 un site Web; limiter la collecte de donn\u00e9es.<\/td>\n<td>10 minutes<\/td>\n<td>barnes-portugal.com<\/td>\n<td>Performance<\/td>\n<\/tr>\n<tr>\n<td>_gid<\/td>\n<td>Nouveau cookie de printemps de 2017, utilis\u00e9 par l&rsquo;application Google Analytics pour stocker une valeur sp\u00e9ciale pour chaque page visit\u00e9e sur un site Web.<\/td>\n<td>24 heures<\/td>\n<td>barnes-portugal.com<\/td>\n<td>Analyse<\/td>\n<\/tr>\n<tr>\n<td>__cfduid<\/td>\n<td>Cookie utilis\u00e9 par Cloudflare pour identifier les clients individuels \u00e0 utiliser des adresses IP partag\u00e9es et appliquer des m\u00e9thodes de s\u00e9curit\u00e9 \u00e0 chacun d&rsquo;entre eux.<\/td>\n<td>1 an<\/td>\n<td>addtoany.com \/ jquery.com<\/td>\n<td>S\u00e9curit\u00e9<\/td>\n<\/tr>\n<tr>\n<td>uvc<\/td>\n<td>Cookie utilis\u00e9 par le service Ajouter \u00e0 tout. Il sert \u00e0 compter les fois o\u00f9 le service trouve l&rsquo;utilisateur sur le m\u00eame site Web.<\/td>\n<td>1 mois<\/td>\n<td>addtoany.com<\/td>\n<td>Analyse<\/td>\n<\/tr>\n<\/tbody>\n<\/table>\n<p>Outre les cookies, certaines de nos pages Web et les messages HTML engloberait des \u00ab pixel tags \u00bb (tags) qui nous permettent de suivre les traces des utilisateurs sur nos sites et les b\u00e9n\u00e9ficiaires de nos communications. Ces marqueurs sont utilis\u00e9s pour recueillir des donn\u00e9es, pas personnellement identifiables et d&rsquo;autres informations qui peuvent \u00eatre utilis\u00e9es pour am\u00e9liorer les services que nous offrons \u00e0 nos visiteurs.<\/p>\n<h4>Liens vers des sites Web tiers<\/h4>\n<p><a href=\"https:\/\/www.facebook.com\/barnesportugal\">Barnes Portugal<\/a> a des liens externes vers d&rsquo;autres sites qui peuvent contenir des informations utiles ou des outils pour les visiteurs. La politique de confidentialit\u00e9 de barnes-portugal.com ne s&rsquo;applique pas aux sites tiers, donc lorsque vous visitez ces sites de notre devraient lire leurs politiques de confidentialit\u00e9. Nous ne sommes pas responsables des politiques de confidentialit\u00e9 ou du contenu de ces m\u00eames sites Web.<\/p>\n<h4>Campagnes et marketing<\/h4>\n<p>Barnes Portugal utilise le marketing par courriel pour communiquer fr\u00e9quemment avec ses clients et ses clients potentiels. Toutes les campagnes cr\u00e9\u00e9es par nous sont \u00ab opt-in \u00bb ce qui signifie qu&rsquo;il ne sera pas envoy\u00e9 un courriel \u00e0 moins que l&rsquo;utilisateur a confirm\u00e9 leur int\u00e9r\u00eat \u00e0 recevoir ce type de communication.<\/p>\n<h4>Mise \u00e0 jour de la politique de confidentialit\u00e9<\/h4>\n<p>Nos politiques de confidentialit\u00e9 sont r\u00e9vis\u00e9es r\u00e9guli\u00e8rement et tous les changements seront affich\u00e9s sur ce site Web. Si vous avez des questions concernant notre politique de confidentialit\u00e9, n&rsquo;h\u00e9sitez pas \u00e0 nous contacter.<\/p>\n<\/div>","protected":false},"excerpt":{"rendered":"<p class=\"post-excerpt\">Barnes Portugal garantit que toutes vos donn\u00e9es seront trait\u00e9es conform\u00e9ment aux normes communautaires pertinentes. Le but de notre politique de confidentialit\u00e9 est de d\u00e9crire en&#8230;\n<\/p>","protected":false},"author":3,"featured_media":51544,"parent":0,"menu_order":0,"comment_status":"closed","ping_status":"closed","template":"","meta":{"_acf_changed":false,"footnotes":""},"class_list":["page","has-post-thumbnail"],"acf":[],"yoast_head":"<!-- This site is optimized with the Yoast SEO plugin v24.6 - https:\/\/yoast.com\/wordpress\/plugins\/seo\/ -->\n<title>Politique de Confidentialit\u00e9 | Immobilier | BARNES Realty | Portugal<\/title>\n<meta name=\"description\" content=\"La politique de confidentialit\u00e9 d\u00e9crit les diff\u00e9rents types d&#039;informations collect\u00e9es lors de votre interaction avec le site Web.\" \/>\n<meta name=\"robots\" content=\"index, follow, max-snippet:-1, max-image-preview:large, max-video-preview:-1\" \/>\n<link rel=\"canonical\" href=\"https:\/\/barnes-portugal.com\/fr\/politique-de-confidentialite\/\" \/>\n<meta property=\"og:locale\" content=\"fr_FR\" \/>\n<meta property=\"og:type\" content=\"article\" \/>\n<meta property=\"og:title\" content=\"Politique de Confidentialit\u00e9 | Immobilier | BARNES Realty | Portugal\" \/>\n<meta property=\"og:description\" content=\"La politique de confidentialit\u00e9 d\u00e9crit les diff\u00e9rents types d&#039;informations collect\u00e9es lors de votre interaction avec le site Web.\" \/>\n<meta property=\"og:url\" content=\"https:\/\/barnes-portugal.com\/fr\/politique-de-confidentialite\/\" \/>\n<meta property=\"og:site_name\" content=\"BARNES Realty | Portugal\" \/>\n<meta property=\"article:publisher\" content=\"https:\/\/www.facebook.com\/barnesportugal\" \/>\n<meta property=\"article:modified_time\" content=\"2022-10-04T11:41:33+00:00\" \/>\n<meta property=\"og:image\" content=\"https:\/\/barnes-portugal.com\/wp-content\/uploads\/politica-privacidade.jpg\" \/>\n\t<meta property=\"og:image:width\" content=\"1370\" \/>\n\t<meta property=\"og:image:height\" content=\"500\" \/>\n\t<meta property=\"og:image:type\" content=\"image\/jpeg\" \/>\n<meta name=\"twitter:card\" content=\"summary_large_image\" \/>\n<meta name=\"twitter:label1\" content=\"Dur\u00e9e de lecture estim\u00e9e\" \/>\n\t<meta name=\"twitter:data1\" content=\"8 minutes\" \/>\n<script type=\"application\/ld+json\" class=\"yoast-schema-graph\">{\"@context\":\"https:\/\/schema.org\",\"@graph\":[{\"@type\":\"WebPage\",\"@id\":\"https:\/\/barnes-portugal.com\/fr\/politique-de-confidentialite\/\",\"url\":\"https:\/\/barnes-portugal.com\/fr\/politique-de-confidentialite\/\",\"name\":\"Politique de Confidentialit\u00e9 | Immobilier | BARNES Realty | Portugal\",\"isPartOf\":{\"@id\":\"https:\/\/barnes-portugal.com\/fr\/#website\"},\"primaryImageOfPage\":{\"@id\":\"https:\/\/barnes-portugal.com\/fr\/politique-de-confidentialite\/#primaryimage\"},\"image\":{\"@id\":\"https:\/\/barnes-portugal.com\/fr\/politique-de-confidentialite\/#primaryimage\"},\"thumbnailUrl\":\"https:\/\/barnes-portugal.com\/wp-content\/uploads\/politica-privacidade.jpg\",\"datePublished\":\"2018-03-15T11:10:32+00:00\",\"dateModified\":\"2022-10-04T11:41:33+00:00\",\"description\":\"La politique de confidentialit\u00e9 d\u00e9crit les diff\u00e9rents types d'informations collect\u00e9es lors de votre interaction avec le site Web.\",\"breadcrumb\":{\"@id\":\"https:\/\/barnes-portugal.com\/fr\/politique-de-confidentialite\/#breadcrumb\"},\"inLanguage\":\"fr-FR\",\"potentialAction\":[{\"@type\":\"ReadAction\",\"target\":[\"https:\/\/barnes-portugal.com\/fr\/politique-de-confidentialite\/\"]}]},{\"@type\":\"ImageObject\",\"inLanguage\":\"fr-FR\",\"@id\":\"https:\/\/barnes-portugal.com\/fr\/politique-de-confidentialite\/#primaryimage\",\"url\":\"https:\/\/barnes-portugal.com\/wp-content\/uploads\/politica-privacidade.jpg\",\"contentUrl\":\"https:\/\/barnes-portugal.com\/wp-content\/uploads\/politica-privacidade.jpg\",\"width\":1370,\"height\":500,\"caption\":\"Pol\u00edtica de Privacidade\"},{\"@type\":\"BreadcrumbList\",\"@id\":\"https:\/\/barnes-portugal.com\/fr\/politique-de-confidentialite\/#breadcrumb\",\"itemListElement\":[{\"@type\":\"ListItem\",\"position\":1,\"name\":\"In\u00edcio\",\"item\":\"https:\/\/barnes-portugal.com\/fr\/\"},{\"@type\":\"ListItem\",\"position\":2,\"name\":\"Politique de Confidentialit\u00e9\"}]},{\"@type\":\"WebSite\",\"@id\":\"https:\/\/barnes-portugal.com\/fr\/#website\",\"url\":\"https:\/\/barnes-portugal.com\/fr\/\",\"name\":\"BARNES Realty | Portugal\",\"description\":\"International Luxury Real Estate\",\"publisher\":{\"@id\":\"https:\/\/barnes-portugal.com\/fr\/#organization\"},\"potentialAction\":[{\"@type\":\"SearchAction\",\"target\":{\"@type\":\"EntryPoint\",\"urlTemplate\":\"https:\/\/barnes-portugal.com\/fr\/?s={search_term_string}\"},\"query-input\":{\"@type\":\"PropertyValueSpecification\",\"valueRequired\":true,\"valueName\":\"search_term_string\"}}],\"inLanguage\":\"fr-FR\"},{\"@type\":\"Organization\",\"@id\":\"https:\/\/barnes-portugal.com\/fr\/#organization\",\"name\":\"BARNES Realty | Portugal\",\"url\":\"https:\/\/barnes-portugal.com\/fr\/\",\"logo\":{\"@type\":\"ImageObject\",\"inLanguage\":\"fr-FR\",\"@id\":\"https:\/\/barnes-portugal.com\/fr\/#\/schema\/logo\/image\/\",\"url\":\"https:\/\/barnes-portugal.com\/wp-content\/uploads\/barnes-logo-inverse.png\",\"contentUrl\":\"https:\/\/barnes-portugal.com\/wp-content\/uploads\/barnes-logo-inverse.png\",\"width\":145,\"height\":39,\"caption\":\"BARNES Realty | Portugal\"},\"image\":{\"@id\":\"https:\/\/barnes-portugal.com\/fr\/#\/schema\/logo\/image\/\"},\"sameAs\":[\"https:\/\/www.facebook.com\/barnesportugal\",\"https:\/\/www.instagram.com\/barnes_portugal\/\",\"https:\/\/www.linkedin.com\/company\/729926\/\"]}]}<\/script>\n<!-- \/ Yoast SEO plugin. -->","yoast_head_json":{"title":"Politique de Confidentialit\u00e9 | Immobilier | BARNES Realty | Portugal","description":"La politique de confidentialit\u00e9 d\u00e9crit les diff\u00e9rents types d'informations collect\u00e9es lors de votre interaction avec le site Web.","robots":{"index":"index","follow":"follow","max-snippet":"max-snippet:-1","max-image-preview":"max-image-preview:large","max-video-preview":"max-video-preview:-1"},"canonical":"https:\/\/barnes-portugal.com\/fr\/politique-de-confidentialite\/","og_locale":"fr_FR","og_type":"article","og_title":"Politique de Confidentialit\u00e9 | Immobilier | BARNES Realty | Portugal","og_description":"La politique de confidentialit\u00e9 d\u00e9crit les diff\u00e9rents types d'informations collect\u00e9es lors de votre interaction avec le site Web.","og_url":"https:\/\/barnes-portugal.com\/fr\/politique-de-confidentialite\/","og_site_name":"BARNES Realty | Portugal","article_publisher":"https:\/\/www.facebook.com\/barnesportugal","article_modified_time":"2022-10-04T11:41:33+00:00","og_image":[{"width":1370,"height":500,"url":"https:\/\/barnes-portugal.com\/wp-content\/uploads\/politica-privacidade.jpg","type":"image\/jpeg"}],"twitter_card":"summary_large_image","twitter_misc":{"Dur\u00e9e de lecture estim\u00e9e":"8 minutes"},"schema":{"@context":"https:\/\/schema.org","@graph":[{"@type":"WebPage","@id":"https:\/\/barnes-portugal.com\/fr\/politique-de-confidentialite\/","url":"https:\/\/barnes-portugal.com\/fr\/politique-de-confidentialite\/","name":"Politique de Confidentialit\u00e9 | Immobilier | BARNES Realty | Portugal","isPartOf":{"@id":"https:\/\/barnes-portugal.com\/fr\/#website"},"primaryImageOfPage":{"@id":"https:\/\/barnes-portugal.com\/fr\/politique-de-confidentialite\/#primaryimage"},"image":{"@id":"https:\/\/barnes-portugal.com\/fr\/politique-de-confidentialite\/#primaryimage"},"thumbnailUrl":"https:\/\/barnes-portugal.com\/wp-content\/uploads\/politica-privacidade.jpg","datePublished":"2018-03-15T11:10:32+00:00","dateModified":"2022-10-04T11:41:33+00:00","description":"La politique de confidentialit\u00e9 d\u00e9crit les diff\u00e9rents types d'informations collect\u00e9es lors de votre interaction avec le site Web.","breadcrumb":{"@id":"https:\/\/barnes-portugal.com\/fr\/politique-de-confidentialite\/#breadcrumb"},"inLanguage":"fr-FR","potentialAction":[{"@type":"ReadAction","target":["https:\/\/barnes-portugal.com\/fr\/politique-de-confidentialite\/"]}]},{"@type":"ImageObject","inLanguage":"fr-FR","@id":"https:\/\/barnes-portugal.com\/fr\/politique-de-confidentialite\/#primaryimage","url":"https:\/\/barnes-portugal.com\/wp-content\/uploads\/politica-privacidade.jpg","contentUrl":"https:\/\/barnes-portugal.com\/wp-content\/uploads\/politica-privacidade.jpg","width":1370,"height":500,"caption":"Pol\u00edtica de Privacidade"},{"@type":"BreadcrumbList","@id":"https:\/\/barnes-portugal.com\/fr\/politique-de-confidentialite\/#breadcrumb","itemListElement":[{"@type":"ListItem","position":1,"name":"In\u00edcio","item":"https:\/\/barnes-portugal.com\/fr\/"},{"@type":"ListItem","position":2,"name":"Politique de Confidentialit\u00e9"}]},{"@type":"WebSite","@id":"https:\/\/barnes-portugal.com\/fr\/#website","url":"https:\/\/barnes-portugal.com\/fr\/","name":"BARNES Realty | Portugal","description":"International Luxury Real Estate","publisher":{"@id":"https:\/\/barnes-portugal.com\/fr\/#organization"},"potentialAction":[{"@type":"SearchAction","target":{"@type":"EntryPoint","urlTemplate":"https:\/\/barnes-portugal.com\/fr\/?s={search_term_string}"},"query-input":{"@type":"PropertyValueSpecification","valueRequired":true,"valueName":"search_term_string"}}],"inLanguage":"fr-FR"},{"@type":"Organization","@id":"https:\/\/barnes-portugal.com\/fr\/#organization","name":"BARNES Realty | Portugal","url":"https:\/\/barnes-portugal.com\/fr\/","logo":{"@type":"ImageObject","inLanguage":"fr-FR","@id":"https:\/\/barnes-portugal.com\/fr\/#\/schema\/logo\/image\/","url":"https:\/\/barnes-portugal.com\/wp-content\/uploads\/barnes-logo-inverse.png","contentUrl":"https:\/\/barnes-portugal.com\/wp-content\/uploads\/barnes-logo-inverse.png","width":145,"height":39,"caption":"BARNES Realty | Portugal"},"image":{"@id":"https:\/\/barnes-portugal.com\/fr\/#\/schema\/logo\/image\/"},"sameAs":["https:\/\/www.facebook.com\/barnesportugal","https:\/\/www.instagram.com\/barnes_portugal\/","https:\/\/www.linkedin.com\/company\/729926\/"]}]}},"_links":{"self":[{"href":"https:\/\/barnes-portugal.com\/fr\/wp-json\/wp\/v2\/pages\/11700"}],"collection":[{"href":"https:\/\/barnes-portugal.com\/fr\/wp-json\/wp\/v2\/pages"}],"about":[{"href":"https:\/\/barnes-portugal.com\/fr\/wp-json\/wp\/v2\/types\/page"}],"author":[{"embeddable":true,"href":"https:\/\/barnes-portugal.com\/fr\/wp-json\/wp\/v2\/users\/3"}],"replies":[{"embeddable":true,"href":"https:\/\/barnes-portugal.com\/fr\/wp-json\/wp\/v2\/comments?post=11700"}],"version-history":[{"count":0,"href":"https:\/\/barnes-portugal.com\/fr\/wp-json\/wp\/v2\/pages\/11700\/revisions"}],"wp:featuredmedia":[{"embeddable":true,"href":"https:\/\/barnes-portugal.com\/fr\/wp-json\/wp\/v2\/media\/51544"}],"wp:attachment":[{"href":"https:\/\/barnes-portugal.com\/fr\/wp-json\/wp\/v2\/media?parent=11700"}],"curies":[{"name":"wp","href":"https:\/\/api.w.org\/{rel}","templated":true}]}}