{"id":11704,"date":"2018-03-15T11:13:01","date_gmt":"2018-03-15T11:13:01","guid":{"rendered":"http:\/\/barnes-portugal.test:8888\/?page_id=11704"},"modified":"2022-10-04T12:51:45","modified_gmt":"2022-10-04T11:51:45","slug":"termes-et-conditions","status":"publish","type":"page","link":"https:\/\/barnes-portugal.com\/fr\/termes-et-conditions\/","title":{"rendered":"Termes et Conditions"},"content":{"rendered":"<div class=\"text-wrapper\"><p>Merci d&rsquo;avoir visit\u00e9 notre site Web. L&rsquo;utilisation de ce site Web constitue votre acceptation des termes et conditions suivants.<\/p>\n<h4>Exactitude, int\u00e9grit\u00e9 et temporalit\u00e9 de l&rsquo;information<\/h4>\n<p>Bien qu&rsquo;ils soient utilis\u00e9s tous les moyens \u00e0 notre disposition pour assurer l&rsquo;int\u00e9grit\u00e9 de l&rsquo;information, nous supposons, dans tous les cas, la responsabilit\u00e9 si les informations fournies ne sont pas exacts ou complets.<\/p>\n<p>Toute modification qui rend le contenu disponible sur cette page web sera \u00e0 vos propres risques, et donc responsable de ces changements.<\/p>\n<h4>Transmission de donn\u00e9es<\/h4>\n<p>Tout contenu ou la communication de donn\u00e9es non personnelles que vous nous envoyez par e-mail ou tout autre moyen, contenant des donn\u00e9es, des questions, des commentaires, des suggestions ou similaires seront trait\u00e9s comme des donn\u00e9es non confidentielles et sans droits de propri\u00e9t\u00e9.<\/p>\n<p>Toute information que vous nous envoyez ou mis sur notre site devient la propri\u00e9t\u00e9 de barnes-portugal.com et peut \u00eatre utilis\u00e9 en toutes circonstances, y compris, la diffusion, la reproduction, la transmission, la publication, la diffusion et le placement de contenu sur le web. Le barnes-portugal.com est totalement libre d&rsquo;utiliser \u00e0 des fins qu&rsquo;elle juge appropri\u00e9es (y compris, mais sans s&rsquo;y limiter, le d\u00e9veloppement, la production et la commercialisation des produits), des id\u00e9es, des cr\u00e9ations, inventions, d\u00e9veloppement, suggestions et concepts g\u00e9n\u00e9ralement pr\u00e9sents dans toute communication que vous nous envoyez. L&rsquo;utilisation de ces contenus est exempte de compensation mon\u00e9taire \u00e0 la partie qui a mis les informations \u00e0 disposition.<\/p>\n<p>Lorsque vous envoyez des informations sur le site de barnes-portugal.com assure \u00e0 la fois que le contenu de celui-ci sont de votre responsabilit\u00e9 et non diffamatoire, et que l&rsquo;utilisation par le Barnes Portugal ne violent aucun droit de tiers, ni l\u00e9gislation applicable. Barnes Portugal n&rsquo;est pas oblig\u00e9 d&rsquo;utiliser les informations fournies.<\/p>\n<h4>Droits de propri\u00e9t\u00e9 intellectuelle<\/h4>\n<p>Tous les droits d&rsquo;auteur et autres droits de propri\u00e9t\u00e9 intellectuelle inh\u00e9rents aux textes, images et autres contenus g\u00e9n\u00e9ralement partag\u00e9s sur ce site sont la propri\u00e9t\u00e9 de Barnes Portugal ou utilis\u00e9s par Barnes Portugal avec la permission du propri\u00e9taire respectif.<\/p>\n<p>Vous \u00eates autoris\u00e9 \u00e0 naviguer, \u00e0 reproduire des extraits de contenu de ce site Web en les imprimant et \u00e0 les t\u00e9l\u00e9charger sur un disque dur, \u00e0 des fins de divulgation \u00e0 d&rsquo;autres personnes. Cette situation n&rsquo;est permise qu&rsquo;\u00e0 la condition du respect du droit d&rsquo;auteur et des autres droits de propri\u00e9t\u00e9 intellectuelle, et \u00e0 condition qu&rsquo;une r\u00e9f\u00e9rence \u00e0 la marque d\u00e9crite ci-dessus soit faite dans ces reproductions. Toute reproduction totale ou partielle du site \u00e0 des fins commerciales est interdite, de m\u00eame que sa modification et son incorporation dans tout autre article, publication ou site web.<\/p>\n<p>Aucun contenu de ce site Web ne peut \u00eatre interpr\u00e9t\u00e9 comme accordant une licence, une autorisation ou un droit d&rsquo;utilisation d&rsquo;une telle marque. L&rsquo;utilisation ou l&rsquo;utilisation incorrecte ou abusive de la marque ou de tout autre contenu de ce site est express\u00e9ment interdite, sauf dans les cas pr\u00e9vus dans les pr\u00e9sentes Conditions g\u00e9n\u00e9rales. Barnes-portugal.com utilisera \u00e9galement tous les m\u00e9canismes l\u00e9gaux pour prot\u00e9ger et faire respecter ses droits de propri\u00e9t\u00e9 intellectuelle.<\/p>\n<h4>Liens vers d&rsquo;autres sites Web<\/h4>\n<p>Sur le site de Barnes Portugal, vous trouverez des liens d&rsquo;acc\u00e8s \u00e0 d&rsquo;autres sites en dehors de barnes-portugal.com, par cons\u00e9quent, barnes-portugal.com n&rsquo;acceptera aucune responsabilit\u00e9 pour le contenu, l&rsquo;exactitude, la cr\u00e9dibilit\u00e9 et les fonctionnalit\u00e9s des sites tiers. La disponibilit\u00e9 de ces liens est faite de bonne foi, et barnes-portugal.com ne peut \u00eatre tenu responsable des modifications apport\u00e9es aux sites Web.<\/p>\n<p>Nous vous conseillons de lire et de lire les informations l\u00e9gales et la politique de confidentialit\u00e9 de tout site Web que vous visitez.<\/p>\n<h4>Garanties et d\u00e9ni de responsabilit\u00e9<\/h4>\n<p>La fa\u00e7on dont vous utilisez ce site Web et son contenu est \u00e0 vos risques et p\u00e9rils.<\/p>\n<h4>Garanties<\/h4>\n<p>Ce site est mis \u00e0 disposition avec le contenu et les informations qu&rsquo;il contient actuellement. Barnes Portugal n&rsquo;offre aucune garantie de quelque nature que ce soit, y compris des garanties ou des engagements, que le contenu de ce site soit complet, que l&rsquo;acc\u00e8s \u00e0 cette page soit ininterrompu ou sans erreur, et qu&rsquo;il ne contienne aucun virus. Il ne garantit pas que le site est s\u00fbr et que tout conseil ou avis de Barnes Portugal, acquis par le biais de ce site est totalement fiable, raison pour laquelle barnes-portugal.com n&rsquo;assume aucun engagement ou garantie sur les aspects mentionn\u00e9s.<\/p>\n<p>Il est important de noter que dans certaines juridictions, les exclusions de garanties implicites peuvent ne pas \u00eatre autoris\u00e9es, de sorte que certaines de ces exclusions peuvent ne pas s&rsquo;appliquer \u00e0 vous.<\/p>\n<p>Barnes Portugal se r\u00e9serve le droit, \u00e0 tout moment et sans pr\u00e9avis, de restreindre, suspendre et \/ ou annuler l&rsquo;acc\u00e8s au site web ou \u00e0 une partie de celui-ci et \u00e0 toute fonctionnalit\u00e9 sur cette page.<\/p>\n<h4>Responsabilit\u00e9<\/h4>\n<p>Barnes Portugal et \/ ou toute autre entit\u00e9 impliqu\u00e9e dans le processus de cr\u00e9ation, production et d\u00e9veloppement de ce site Web, ne sera en aucun cas responsable des dommages directs et \/ ou indirects, accidentels, de propri\u00e9t\u00e9 et \/ ou non dommages ou urgences et \/ ou manque \u00e0 gagner, ou tout autre dommage et \/ ou co\u00fbt, r\u00e9sultant de votre acc\u00e8s, utilisation ou incapacit\u00e9 \u00e0 utiliser, modifier le contenu de ce site, tout autre site auquel vous acc\u00e9dez via un lien sur ce site, caus\u00e9 par toute action que nous pouvons prendre ou omettre de prendre \u00e0 la suite d&rsquo;un message \u00e9lectronique qui nous a envoy\u00e9.<\/p>\n<p>Barnes Portugal n&rsquo;assume aucune responsabilit\u00e9 pour les pertes et \/ ou les dommages subis par des virus qui pourraient affecter votre ordinateur, en raison de l&rsquo;acc\u00e8s, de l&rsquo;utilisation ou du t\u00e9l\u00e9chargement du contenu de ce site. Si vous choisissez de t\u00e9l\u00e9charger du contenu sur ce site, vous le faites \u00e0 vos risques et p\u00e9rils.<\/p>\n<p>L&rsquo;utilisateur d\u00e9clare express\u00e9ment renoncer \u00e0 toute r\u00e9clamation contre Barnes Portugal et ses fonctionnaires, qui pourrait r\u00e9sulter de l&rsquo;utilisation ou de l&rsquo;acc\u00e8s \u00e0 cette page Web.<\/p>\n<h4>Activit\u00e9s interdites<\/h4>\n<p>Toute activit\u00e9 consid\u00e9r\u00e9e par Barnes Portugal comme inappropri\u00e9e et \/ ou susceptible d&rsquo;\u00eatre ill\u00e9gale en vertu de la loi applicable \u00e0 ce site, y compris, mais sans s&rsquo;y limiter:<\/p>\n<ul>\n<li>Tout acte qui pourrait constituer une violation de la vie priv\u00e9e (y compris l&rsquo;envoi d&rsquo;informations priv\u00e9es sur ce site sans le consentement de la personne concern\u00e9e) ou tout autre droit l\u00e9gal des individus;<\/li>\n<li>Utilisez ce site Web pour diffamer et \/ ou blesser Barnes Portugal, ses employ\u00e9s ou d&rsquo;autres personnes physiques et \/ ou morales, ou pour discr\u00e9diter la r\u00e9putation de barnes-portugal.com;<\/li>\n<li>Envoyez sur ce site des fichiers contenant des virus susceptibles de causer des dommages \u00e0 la propri\u00e9t\u00e9 de Barnes Portugal ou \u00e0 la propri\u00e9t\u00e9 de personnes physiques;<\/li>\n<li>Placer ou transmettre \u00e0 ce site tout contenu non autoris\u00e9, y compris, mais sans s&rsquo;y limiter, le contenu qui entra\u00eene, \u00e0 notre connaissance, des dommages ou la perte ou la violation des syst\u00e8mes de s\u00e9curit\u00e9 de barnes-portugal.com ou de tiers, contenu diffamatoire, raciste, obsc\u00e8ne, mena\u00e7ant, pornographique ou pr\u00e9sentant un contenu pouvant \u00eatre qualifi\u00e9 d&rsquo;illicite en g\u00e9n\u00e9ral.<\/li>\n<\/ul>\n<h4>Juridiction et l\u00e9gislation applicable<\/h4>\n<p>Le contenu et les informations de barnes-portugal.com contenues dans cette page Web sont mis \u00e0 la disposition uniquement des utilisateurs au Portugal. Barnes-portugal.com ne part pas du principe que ce contenu et ces informations sont appropri\u00e9s ou disponibles dans d&rsquo;autres pays.<\/p>\n<p>L&rsquo;utilisateur cette page et barnes-portugal.com accepter sans r\u00e9serve que tout diff\u00e9rend ou litige r\u00e9sultant de l&rsquo;utilisation de ce site sont r\u00e9gies par la loi portugaise, avec la convention comme comp\u00e9tent, renon\u00e7ant express\u00e9ment \u00e0 tout autre forum de r\u00e9gion de Lisbonne, au Portugal.<\/p>\n<p>En cas de litige, conform\u00e9ment \u00e0 la loi n \u00b0 144\/2015 du 8 Septembre, le consommateur peut recourir \u00e0 la r\u00e9solution des litiges des consommateurs entit\u00e9s suivantes (ADR): &#8211; CNIACC &#8211; Centre national d&rsquo;information et d&rsquo;arbitrage des conflits de consommation; &#8211; Centre d&rsquo;Arbitrage des Conflits de Consommation de Lisbonne. Toutes les informations et tous les contacts sont disponibles sur le portail des consommateurs \u00e0 l&rsquo;adresse <a href=\"http:\/\/www.consumidor.pt\" target=\"_blank\" rel=\"noopener noreferrer\"> www.consumidor.pt <\/a>.<\/p>\n<h4>Cookies<\/h4>\n<p>termes et conditions. Barnes Portugal utilise la technologie de recherche via les cookies. La politique de Barnes Portugal en mati\u00e8re d&rsquo;utilisation des cookies est d\u00e9finie dans la Politique de confidentialit\u00e9 accessible via ce <a href=\"https:\/\/barnes-portugal.com\/fr\/politique-de-confidentialite\/\">lien<\/a>.<\/p>\n<h4>Contact<\/h4>\n<p>Pour clarifier tout probl\u00e8me li\u00e9 \u00e0 ces termes et conditions d&rsquo;utilisation du site web de Barnes Portugal, l&rsquo;utilisateur doit contacter l&#8217;email g\u00e9n\u00e9ral de Barnes Portugal: <a href=\"mailto:portugal@barnes-international.com\">portugal@barnes-international.com<\/a><\/p>\n<h4>Mises \u00e0 jour juridiques<\/h4>\n<p>Nous nous r\u00e9servons le droit de modifier cette politique de confidentialit\u00e9. S&rsquo;il vous pla\u00eet visitez cette page r\u00e9guli\u00e8rement pour examiner les informations contenues sur le site et toute nouvelle information.<\/p>\n<p>Ces Termes et Conditions ont \u00e9t\u00e9 r\u00e9vis\u00e9s et mis \u00e0 jour le 24 mai 2018.<\/p>\n<\/div>","protected":false},"excerpt":{"rendered":"<p class=\"post-excerpt\">Merci d&rsquo;avoir visit\u00e9 notre site Web. L&rsquo;utilisation de ce site Web constitue votre acceptation des termes et conditions suivants. Exactitude, int\u00e9grit\u00e9 et temporalit\u00e9 de l&rsquo;information&#8230;\n<\/p>","protected":false},"author":3,"featured_media":51544,"parent":0,"menu_order":0,"comment_status":"closed","ping_status":"closed","template":"","meta":{"_acf_changed":false,"footnotes":""},"class_list":["page","has-post-thumbnail"],"acf":[],"yoast_head":"<!-- This site is optimized with the Yoast SEO plugin v24.6 - https:\/\/yoast.com\/wordpress\/plugins\/seo\/ -->\n<title>Termes et Conditions | Immobilier | BARNES Realty | Portugal<\/title>\n<meta name=\"description\" content=\"Dans les termes et conditions, vous pouvez trouver des informations sur la protection des donn\u00e9es et son utilisation. D\u00e9couvrez-en plus ici!\" \/>\n<meta name=\"robots\" content=\"index, follow, max-snippet:-1, max-image-preview:large, max-video-preview:-1\" \/>\n<link rel=\"canonical\" href=\"https:\/\/barnes-portugal.com\/fr\/termes-et-conditions\/\" \/>\n<meta property=\"og:locale\" content=\"fr_FR\" \/>\n<meta property=\"og:type\" content=\"article\" \/>\n<meta property=\"og:title\" content=\"Termes et Conditions | Immobilier | BARNES Realty | Portugal\" \/>\n<meta property=\"og:description\" content=\"Dans les termes et conditions, vous pouvez trouver des informations sur la protection des donn\u00e9es et son utilisation. D\u00e9couvrez-en plus ici!\" \/>\n<meta property=\"og:url\" content=\"https:\/\/barnes-portugal.com\/fr\/termes-et-conditions\/\" \/>\n<meta property=\"og:site_name\" content=\"BARNES Realty | Portugal\" \/>\n<meta property=\"article:publisher\" content=\"https:\/\/www.facebook.com\/barnesportugal\" \/>\n<meta property=\"article:modified_time\" content=\"2022-10-04T11:51:45+00:00\" \/>\n<meta property=\"og:image\" content=\"https:\/\/barnes-portugal.com\/wp-content\/uploads\/politica-privacidade.jpg\" \/>\n\t<meta property=\"og:image:width\" content=\"1370\" \/>\n\t<meta property=\"og:image:height\" content=\"500\" \/>\n\t<meta property=\"og:image:type\" content=\"image\/jpeg\" \/>\n<meta name=\"twitter:card\" content=\"summary_large_image\" \/>\n<meta name=\"twitter:label1\" content=\"Dur\u00e9e de lecture estim\u00e9e\" \/>\n\t<meta name=\"twitter:data1\" content=\"7 minutes\" \/>\n<script type=\"application\/ld+json\" class=\"yoast-schema-graph\">{\"@context\":\"https:\/\/schema.org\",\"@graph\":[{\"@type\":\"WebPage\",\"@id\":\"https:\/\/barnes-portugal.com\/fr\/termes-et-conditions\/\",\"url\":\"https:\/\/barnes-portugal.com\/fr\/termes-et-conditions\/\",\"name\":\"Termes et Conditions | Immobilier | BARNES Realty | Portugal\",\"isPartOf\":{\"@id\":\"https:\/\/barnes-portugal.com\/fr\/#website\"},\"primaryImageOfPage\":{\"@id\":\"https:\/\/barnes-portugal.com\/fr\/termes-et-conditions\/#primaryimage\"},\"image\":{\"@id\":\"https:\/\/barnes-portugal.com\/fr\/termes-et-conditions\/#primaryimage\"},\"thumbnailUrl\":\"https:\/\/barnes-portugal.com\/wp-content\/uploads\/politica-privacidade.jpg\",\"datePublished\":\"2018-03-15T11:13:01+00:00\",\"dateModified\":\"2022-10-04T11:51:45+00:00\",\"description\":\"Dans les termes et conditions, vous pouvez trouver des informations sur la protection des donn\u00e9es et son utilisation. D\u00e9couvrez-en plus ici!\",\"breadcrumb\":{\"@id\":\"https:\/\/barnes-portugal.com\/fr\/termes-et-conditions\/#breadcrumb\"},\"inLanguage\":\"fr-FR\",\"potentialAction\":[{\"@type\":\"ReadAction\",\"target\":[\"https:\/\/barnes-portugal.com\/fr\/termes-et-conditions\/\"]}]},{\"@type\":\"ImageObject\",\"inLanguage\":\"fr-FR\",\"@id\":\"https:\/\/barnes-portugal.com\/fr\/termes-et-conditions\/#primaryimage\",\"url\":\"https:\/\/barnes-portugal.com\/wp-content\/uploads\/politica-privacidade.jpg\",\"contentUrl\":\"https:\/\/barnes-portugal.com\/wp-content\/uploads\/politica-privacidade.jpg\",\"width\":1370,\"height\":500,\"caption\":\"Pol\u00edtica de Privacidade\"},{\"@type\":\"BreadcrumbList\",\"@id\":\"https:\/\/barnes-portugal.com\/fr\/termes-et-conditions\/#breadcrumb\",\"itemListElement\":[{\"@type\":\"ListItem\",\"position\":1,\"name\":\"In\u00edcio\",\"item\":\"https:\/\/barnes-portugal.com\/fr\/\"},{\"@type\":\"ListItem\",\"position\":2,\"name\":\"Termes et Conditions\"}]},{\"@type\":\"WebSite\",\"@id\":\"https:\/\/barnes-portugal.com\/fr\/#website\",\"url\":\"https:\/\/barnes-portugal.com\/fr\/\",\"name\":\"BARNES Realty | Portugal\",\"description\":\"International Luxury Real Estate\",\"publisher\":{\"@id\":\"https:\/\/barnes-portugal.com\/fr\/#organization\"},\"potentialAction\":[{\"@type\":\"SearchAction\",\"target\":{\"@type\":\"EntryPoint\",\"urlTemplate\":\"https:\/\/barnes-portugal.com\/fr\/?s={search_term_string}\"},\"query-input\":{\"@type\":\"PropertyValueSpecification\",\"valueRequired\":true,\"valueName\":\"search_term_string\"}}],\"inLanguage\":\"fr-FR\"},{\"@type\":\"Organization\",\"@id\":\"https:\/\/barnes-portugal.com\/fr\/#organization\",\"name\":\"BARNES Realty | Portugal\",\"url\":\"https:\/\/barnes-portugal.com\/fr\/\",\"logo\":{\"@type\":\"ImageObject\",\"inLanguage\":\"fr-FR\",\"@id\":\"https:\/\/barnes-portugal.com\/fr\/#\/schema\/logo\/image\/\",\"url\":\"https:\/\/barnes-portugal.com\/wp-content\/uploads\/barnes-logo-inverse.png\",\"contentUrl\":\"https:\/\/barnes-portugal.com\/wp-content\/uploads\/barnes-logo-inverse.png\",\"width\":145,\"height\":39,\"caption\":\"BARNES Realty | Portugal\"},\"image\":{\"@id\":\"https:\/\/barnes-portugal.com\/fr\/#\/schema\/logo\/image\/\"},\"sameAs\":[\"https:\/\/www.facebook.com\/barnesportugal\",\"https:\/\/www.instagram.com\/barnes_portugal\/\",\"https:\/\/www.linkedin.com\/company\/729926\/\"]}]}<\/script>\n<!-- \/ Yoast SEO plugin. -->","yoast_head_json":{"title":"Termes et Conditions | Immobilier | BARNES Realty | Portugal","description":"Dans les termes et conditions, vous pouvez trouver des informations sur la protection des donn\u00e9es et son utilisation. D\u00e9couvrez-en plus ici!","robots":{"index":"index","follow":"follow","max-snippet":"max-snippet:-1","max-image-preview":"max-image-preview:large","max-video-preview":"max-video-preview:-1"},"canonical":"https:\/\/barnes-portugal.com\/fr\/termes-et-conditions\/","og_locale":"fr_FR","og_type":"article","og_title":"Termes et Conditions | Immobilier | BARNES Realty | Portugal","og_description":"Dans les termes et conditions, vous pouvez trouver des informations sur la protection des donn\u00e9es et son utilisation. D\u00e9couvrez-en plus ici!","og_url":"https:\/\/barnes-portugal.com\/fr\/termes-et-conditions\/","og_site_name":"BARNES Realty | Portugal","article_publisher":"https:\/\/www.facebook.com\/barnesportugal","article_modified_time":"2022-10-04T11:51:45+00:00","og_image":[{"width":1370,"height":500,"url":"https:\/\/barnes-portugal.com\/wp-content\/uploads\/politica-privacidade.jpg","type":"image\/jpeg"}],"twitter_card":"summary_large_image","twitter_misc":{"Dur\u00e9e de lecture estim\u00e9e":"7 minutes"},"schema":{"@context":"https:\/\/schema.org","@graph":[{"@type":"WebPage","@id":"https:\/\/barnes-portugal.com\/fr\/termes-et-conditions\/","url":"https:\/\/barnes-portugal.com\/fr\/termes-et-conditions\/","name":"Termes et Conditions | Immobilier | BARNES Realty | Portugal","isPartOf":{"@id":"https:\/\/barnes-portugal.com\/fr\/#website"},"primaryImageOfPage":{"@id":"https:\/\/barnes-portugal.com\/fr\/termes-et-conditions\/#primaryimage"},"image":{"@id":"https:\/\/barnes-portugal.com\/fr\/termes-et-conditions\/#primaryimage"},"thumbnailUrl":"https:\/\/barnes-portugal.com\/wp-content\/uploads\/politica-privacidade.jpg","datePublished":"2018-03-15T11:13:01+00:00","dateModified":"2022-10-04T11:51:45+00:00","description":"Dans les termes et conditions, vous pouvez trouver des informations sur la protection des donn\u00e9es et son utilisation. D\u00e9couvrez-en plus ici!","breadcrumb":{"@id":"https:\/\/barnes-portugal.com\/fr\/termes-et-conditions\/#breadcrumb"},"inLanguage":"fr-FR","potentialAction":[{"@type":"ReadAction","target":["https:\/\/barnes-portugal.com\/fr\/termes-et-conditions\/"]}]},{"@type":"ImageObject","inLanguage":"fr-FR","@id":"https:\/\/barnes-portugal.com\/fr\/termes-et-conditions\/#primaryimage","url":"https:\/\/barnes-portugal.com\/wp-content\/uploads\/politica-privacidade.jpg","contentUrl":"https:\/\/barnes-portugal.com\/wp-content\/uploads\/politica-privacidade.jpg","width":1370,"height":500,"caption":"Pol\u00edtica de Privacidade"},{"@type":"BreadcrumbList","@id":"https:\/\/barnes-portugal.com\/fr\/termes-et-conditions\/#breadcrumb","itemListElement":[{"@type":"ListItem","position":1,"name":"In\u00edcio","item":"https:\/\/barnes-portugal.com\/fr\/"},{"@type":"ListItem","position":2,"name":"Termes et Conditions"}]},{"@type":"WebSite","@id":"https:\/\/barnes-portugal.com\/fr\/#website","url":"https:\/\/barnes-portugal.com\/fr\/","name":"BARNES Realty | Portugal","description":"International Luxury Real Estate","publisher":{"@id":"https:\/\/barnes-portugal.com\/fr\/#organization"},"potentialAction":[{"@type":"SearchAction","target":{"@type":"EntryPoint","urlTemplate":"https:\/\/barnes-portugal.com\/fr\/?s={search_term_string}"},"query-input":{"@type":"PropertyValueSpecification","valueRequired":true,"valueName":"search_term_string"}}],"inLanguage":"fr-FR"},{"@type":"Organization","@id":"https:\/\/barnes-portugal.com\/fr\/#organization","name":"BARNES Realty | Portugal","url":"https:\/\/barnes-portugal.com\/fr\/","logo":{"@type":"ImageObject","inLanguage":"fr-FR","@id":"https:\/\/barnes-portugal.com\/fr\/#\/schema\/logo\/image\/","url":"https:\/\/barnes-portugal.com\/wp-content\/uploads\/barnes-logo-inverse.png","contentUrl":"https:\/\/barnes-portugal.com\/wp-content\/uploads\/barnes-logo-inverse.png","width":145,"height":39,"caption":"BARNES Realty | Portugal"},"image":{"@id":"https:\/\/barnes-portugal.com\/fr\/#\/schema\/logo\/image\/"},"sameAs":["https:\/\/www.facebook.com\/barnesportugal","https:\/\/www.instagram.com\/barnes_portugal\/","https:\/\/www.linkedin.com\/company\/729926\/"]}]}},"_links":{"self":[{"href":"https:\/\/barnes-portugal.com\/fr\/wp-json\/wp\/v2\/pages\/11704"}],"collection":[{"href":"https:\/\/barnes-portugal.com\/fr\/wp-json\/wp\/v2\/pages"}],"about":[{"href":"https:\/\/barnes-portugal.com\/fr\/wp-json\/wp\/v2\/types\/page"}],"author":[{"embeddable":true,"href":"https:\/\/barnes-portugal.com\/fr\/wp-json\/wp\/v2\/users\/3"}],"replies":[{"embeddable":true,"href":"https:\/\/barnes-portugal.com\/fr\/wp-json\/wp\/v2\/comments?post=11704"}],"version-history":[{"count":0,"href":"https:\/\/barnes-portugal.com\/fr\/wp-json\/wp\/v2\/pages\/11704\/revisions"}],"wp:featuredmedia":[{"embeddable":true,"href":"https:\/\/barnes-portugal.com\/fr\/wp-json\/wp\/v2\/media\/51544"}],"wp:attachment":[{"href":"https:\/\/barnes-portugal.com\/fr\/wp-json\/wp\/v2\/media?parent=11704"}],"curies":[{"name":"wp","href":"https:\/\/api.w.org\/{rel}","templated":true}]}}