{"id":12010,"date":"2018-03-16T15:59:18","date_gmt":"2018-03-16T15:59:18","guid":{"rendered":"http:\/\/barnes-portugal.test:8888\/?page_id=12010"},"modified":"2022-10-04T12:45:34","modified_gmt":"2022-10-04T11:45:34","slug":"localisation-au-portugal","status":"publish","type":"page","link":"https:\/\/barnes-portugal.com\/fr\/localisation-au-portugal\/","title":{"rendered":"Pourquoi Portugal"},"content":{"rendered":"<div class=\"text-wrapper\"><p>Un paradis au bord de la mer. Localisation au Portugal. L&rsquo;un des pays les plus attractifs d&rsquo;Europe pour vivre et investir.<\/p>\n<h4>Emplacement G\u00e9ographique Strat\u00e9gique<\/h4>\n<p>Gr\u00e2ce \u00e0 une excellente infrastructure routi\u00e8re, ferroviaire et portuaire, le Portugal se pr\u00e9sente comme une porte d\u2019entr\u00e9e importante pour le march\u00e9 de l\u2019UE, avec un acc\u00e8s \u00e0 500 millions de consommateurs europ\u00e9ens, avec une plate-forme d\u2019affaires privil\u00e9gi\u00e9e et un pont pour de nombreuses routes internationales qui maintient une bonne relation et acc\u00e8s aux pays lusophones d\u2019Afrique et les pays d\u2019Am\u00e9rique. Lisbonne est la capitale europ\u00e9enne la plus proche des \u00c9tats-Unis, Am\u00e9rique latine et Br\u00e9sil.<\/p>\n<h4>Prix<\/h4>\n<p>Le prix de la meilleure ville pour vivre, visiter et faire des affaires a \u00e9t\u00e9 attribu\u00e9 de fa\u00e7on r\u00e9currente aux deux principales villes portugaises, Porto et Lisbonne. Gr\u00e2ce \u00e0 leur situation g\u00e9ographique relative, au climat enviable, \u00e0 un haut niveau de s\u00e9curit\u00e9 et \u00e0 toutes les nouvelles qui arrivent quotidiennement: nouveaux restaurants, nouveaux h\u00f4tels, ouverture de nouveaux mus\u00e9es et lancement d&rsquo;expositions et divers \u00e9v\u00e9nements culturels.<\/p>\n<h4>Climat<\/h4>\n<p>Le Portugal est l\u2019un des pays les plus ensoleill\u00e9es d\u2019Europe, avec un climat m\u00e9diterran\u00e9en qui apporte des \u00e9t\u00e9s chaudes et des hivers doux. B\u00e9n\u00e9ficiant d\u2019un climat tropical m\u00e9diterran\u00e9en, typiquement l\u2019\u00e9t\u00e9 est pr\u00e9sente pendant environ 6 mois, de Mai \u00e0 Octobre. Au Portugal, vous pourrez d\u00e9couvrir les sports d\u2019hiver dans les zones les plus \u00e9lev\u00e9es, mais il est aussi possible d\u2019avoir le privil\u00e8ge d\u2019aller \u00e0 la plage en Octobre et Mars ou profiter d\u2019une terrasse et promenades en plein air presque toute l\u2019ann\u00e9e.<\/p>\n<h4>La R\u00e9habilitation Urbaine<\/h4>\n<p>Afin de r\u00e9nover les b\u00e2timents anciens de <a href=\"https:\/\/barnes-portugal.com\/fr\/zona\/lisbonne\/\">Lisbonne<\/a> et de <a href=\"https:\/\/www.cm-porto.pt\/\">Porto<\/a>, les deux grandes villes, mais aussi dans tout le pays ; des strat\u00e9gies de r\u00e9novation urbaine ont \u00e9t\u00e9 mises en place qui qui montrent d\u00e9j\u00e0 des r\u00e9sultats: les villes portugaises sont plus belles, en particulier sur les zones c\u00f4ti\u00e8res et bord de mer, offrant de de bonnes opportunit\u00e9s pour l\u2019investissement et logement. En plus d\u2019am\u00e9liorer la ville, ce mouvement apporte de nouveaux b\u00e2timents avec un haut niveau de qualit\u00e9 et d\u2019int\u00e9gration dans l\u2019environnement, s\u2019associant aux incitations pour la r\u00e9habilitation avec des r\u00e9ductions d\u2019imp\u00f4t.<\/p>\n<h4>S\u00e9curit\u00e9<\/h4>\n<p>Le Portugal a \u00e9t\u00e9 consid\u00e9r\u00e9 pour plusieurs raisons, l\u2019un des pays les plus accueillants et s\u00e9curis\u00e9s du monde o\u00f9 ses habitants vivent en harmonie avec une ouverture unique pour conna\u00eetre d\u2019autres cultures \u00e9trang\u00e8res.<\/p>\n<h4>Qualit\u00e9 de Vie<\/h4>\n<p>S\u00e9curit\u00e9, faible co\u00fbt de vie et un climat agr\u00e9able ne sont que quelques facteurs qui contribuent \u00e0 une qualit\u00e9 de vie \u00e9lev\u00e9e. La libert\u00e9, les droits de l\u2019homme, une d\u00e9mocratie stable, un bon syst\u00e8me \u00e9ducatif d\u00e9velopp\u00e9 et moderne font aussi le Portugal l\u2019un des meilleurs endroits pout y habiter en Europe. Avec d\u2019excellentes plages et les meilleurs terrains de golf, le Portugal offre une qualit\u00e9 de vie exceptionnelle.<\/p>\n<\/div>","protected":false},"excerpt":{"rendered":"<p class=\"post-excerpt\">Un paradis au bord de la mer. Localisation au Portugal. L&rsquo;un des pays les plus attractifs d&rsquo;Europe pour vivre et investir. Emplacement G\u00e9ographique Strat\u00e9gique Gr\u00e2ce&#8230;\n<\/p>","protected":false},"author":3,"featured_media":62692,"parent":0,"menu_order":0,"comment_status":"closed","ping_status":"closed","template":"","meta":{"_acf_changed":false,"footnotes":""},"class_list":["page","has-post-thumbnail"],"acf":[],"yoast_head":"<!-- This site is optimized with the Yoast SEO plugin v24.6 - https:\/\/yoast.com\/wordpress\/plugins\/seo\/ -->\n<title>Localisation au Portugal: Pourquoi? | Immobilier | BARNES Realty | Portugal<\/title>\n<meta name=\"description\" content=\"Un paradis au bord de la mer. Localisation au Portugal. L&#039;un des pays les plus attractifs d&#039;Europe pour vivre et investir.\" \/>\n<meta name=\"robots\" content=\"index, follow, max-snippet:-1, max-image-preview:large, max-video-preview:-1\" \/>\n<link rel=\"canonical\" href=\"https:\/\/barnes-portugal.com\/fr\/localisation-au-portugal\/\" \/>\n<meta property=\"og:locale\" content=\"fr_FR\" \/>\n<meta property=\"og:type\" content=\"article\" \/>\n<meta property=\"og:title\" content=\"Localisation au Portugal: Pourquoi? | Immobilier | BARNES Realty | Portugal\" \/>\n<meta property=\"og:description\" content=\"Un paradis au bord de la mer. Localisation au Portugal. L&#039;un des pays les plus attractifs d&#039;Europe pour vivre et investir.\" \/>\n<meta property=\"og:url\" content=\"https:\/\/barnes-portugal.com\/fr\/localisation-au-portugal\/\" \/>\n<meta property=\"og:site_name\" content=\"BARNES Realty | Portugal\" \/>\n<meta property=\"article:publisher\" content=\"https:\/\/www.facebook.com\/barnesportugal\" \/>\n<meta property=\"article:modified_time\" content=\"2022-10-04T11:45:34+00:00\" \/>\n<meta property=\"og:image\" content=\"https:\/\/barnes-portugal.com\/wp-content\/uploads\/banner-portugal-min.jpg\" \/>\n\t<meta property=\"og:image:width\" content=\"1370\" \/>\n\t<meta property=\"og:image:height\" content=\"500\" \/>\n\t<meta property=\"og:image:type\" content=\"image\/jpeg\" \/>\n<meta name=\"twitter:card\" content=\"summary_large_image\" \/>\n<meta name=\"twitter:label1\" content=\"Dur\u00e9e de lecture estim\u00e9e\" \/>\n\t<meta name=\"twitter:data1\" content=\"3 minutes\" \/>\n<script type=\"application\/ld+json\" class=\"yoast-schema-graph\">{\"@context\":\"https:\/\/schema.org\",\"@graph\":[{\"@type\":\"WebPage\",\"@id\":\"https:\/\/barnes-portugal.com\/fr\/localisation-au-portugal\/\",\"url\":\"https:\/\/barnes-portugal.com\/fr\/localisation-au-portugal\/\",\"name\":\"Localisation au Portugal: Pourquoi? | Immobilier | BARNES Realty | Portugal\",\"isPartOf\":{\"@id\":\"https:\/\/barnes-portugal.com\/fr\/#website\"},\"primaryImageOfPage\":{\"@id\":\"https:\/\/barnes-portugal.com\/fr\/localisation-au-portugal\/#primaryimage\"},\"image\":{\"@id\":\"https:\/\/barnes-portugal.com\/fr\/localisation-au-portugal\/#primaryimage\"},\"thumbnailUrl\":\"https:\/\/barnes-portugal.com\/wp-content\/uploads\/banner-portugal-min.jpg\",\"datePublished\":\"2018-03-16T15:59:18+00:00\",\"dateModified\":\"2022-10-04T11:45:34+00:00\",\"description\":\"Un paradis au bord de la mer. Localisation au Portugal. L'un des pays les plus attractifs d'Europe pour vivre et investir.\",\"breadcrumb\":{\"@id\":\"https:\/\/barnes-portugal.com\/fr\/localisation-au-portugal\/#breadcrumb\"},\"inLanguage\":\"fr-FR\",\"potentialAction\":[{\"@type\":\"ReadAction\",\"target\":[\"https:\/\/barnes-portugal.com\/fr\/localisation-au-portugal\/\"]}]},{\"@type\":\"ImageObject\",\"inLanguage\":\"fr-FR\",\"@id\":\"https:\/\/barnes-portugal.com\/fr\/localisation-au-portugal\/#primaryimage\",\"url\":\"https:\/\/barnes-portugal.com\/wp-content\/uploads\/banner-portugal-min.jpg\",\"contentUrl\":\"https:\/\/barnes-portugal.com\/wp-content\/uploads\/banner-portugal-min.jpg\",\"width\":1370,\"height\":500,\"caption\":\"Pourquoi Portugal?\"},{\"@type\":\"BreadcrumbList\",\"@id\":\"https:\/\/barnes-portugal.com\/fr\/localisation-au-portugal\/#breadcrumb\",\"itemListElement\":[{\"@type\":\"ListItem\",\"position\":1,\"name\":\"In\u00edcio\",\"item\":\"https:\/\/barnes-portugal.com\/fr\/\"},{\"@type\":\"ListItem\",\"position\":2,\"name\":\"Pourquoi Portugal\"}]},{\"@type\":\"WebSite\",\"@id\":\"https:\/\/barnes-portugal.com\/fr\/#website\",\"url\":\"https:\/\/barnes-portugal.com\/fr\/\",\"name\":\"BARNES Realty | Portugal\",\"description\":\"International Luxury Real Estate\",\"publisher\":{\"@id\":\"https:\/\/barnes-portugal.com\/fr\/#organization\"},\"potentialAction\":[{\"@type\":\"SearchAction\",\"target\":{\"@type\":\"EntryPoint\",\"urlTemplate\":\"https:\/\/barnes-portugal.com\/fr\/?s={search_term_string}\"},\"query-input\":{\"@type\":\"PropertyValueSpecification\",\"valueRequired\":true,\"valueName\":\"search_term_string\"}}],\"inLanguage\":\"fr-FR\"},{\"@type\":\"Organization\",\"@id\":\"https:\/\/barnes-portugal.com\/fr\/#organization\",\"name\":\"BARNES Realty | Portugal\",\"url\":\"https:\/\/barnes-portugal.com\/fr\/\",\"logo\":{\"@type\":\"ImageObject\",\"inLanguage\":\"fr-FR\",\"@id\":\"https:\/\/barnes-portugal.com\/fr\/#\/schema\/logo\/image\/\",\"url\":\"https:\/\/barnes-portugal.com\/wp-content\/uploads\/barnes-logo-inverse.png\",\"contentUrl\":\"https:\/\/barnes-portugal.com\/wp-content\/uploads\/barnes-logo-inverse.png\",\"width\":145,\"height\":39,\"caption\":\"BARNES Realty | Portugal\"},\"image\":{\"@id\":\"https:\/\/barnes-portugal.com\/fr\/#\/schema\/logo\/image\/\"},\"sameAs\":[\"https:\/\/www.facebook.com\/barnesportugal\",\"https:\/\/www.instagram.com\/barnes_portugal\/\",\"https:\/\/www.linkedin.com\/company\/729926\/\"]}]}<\/script>\n<!-- \/ Yoast SEO plugin. -->","yoast_head_json":{"title":"Localisation au Portugal: Pourquoi? | Immobilier | BARNES Realty | Portugal","description":"Un paradis au bord de la mer. Localisation au Portugal. L'un des pays les plus attractifs d'Europe pour vivre et investir.","robots":{"index":"index","follow":"follow","max-snippet":"max-snippet:-1","max-image-preview":"max-image-preview:large","max-video-preview":"max-video-preview:-1"},"canonical":"https:\/\/barnes-portugal.com\/fr\/localisation-au-portugal\/","og_locale":"fr_FR","og_type":"article","og_title":"Localisation au Portugal: Pourquoi? | Immobilier | BARNES Realty | Portugal","og_description":"Un paradis au bord de la mer. Localisation au Portugal. L'un des pays les plus attractifs d'Europe pour vivre et investir.","og_url":"https:\/\/barnes-portugal.com\/fr\/localisation-au-portugal\/","og_site_name":"BARNES Realty | Portugal","article_publisher":"https:\/\/www.facebook.com\/barnesportugal","article_modified_time":"2022-10-04T11:45:34+00:00","og_image":[{"width":1370,"height":500,"url":"https:\/\/barnes-portugal.com\/wp-content\/uploads\/banner-portugal-min.jpg","type":"image\/jpeg"}],"twitter_card":"summary_large_image","twitter_misc":{"Dur\u00e9e de lecture estim\u00e9e":"3 minutes"},"schema":{"@context":"https:\/\/schema.org","@graph":[{"@type":"WebPage","@id":"https:\/\/barnes-portugal.com\/fr\/localisation-au-portugal\/","url":"https:\/\/barnes-portugal.com\/fr\/localisation-au-portugal\/","name":"Localisation au Portugal: Pourquoi? | Immobilier | BARNES Realty | Portugal","isPartOf":{"@id":"https:\/\/barnes-portugal.com\/fr\/#website"},"primaryImageOfPage":{"@id":"https:\/\/barnes-portugal.com\/fr\/localisation-au-portugal\/#primaryimage"},"image":{"@id":"https:\/\/barnes-portugal.com\/fr\/localisation-au-portugal\/#primaryimage"},"thumbnailUrl":"https:\/\/barnes-portugal.com\/wp-content\/uploads\/banner-portugal-min.jpg","datePublished":"2018-03-16T15:59:18+00:00","dateModified":"2022-10-04T11:45:34+00:00","description":"Un paradis au bord de la mer. Localisation au Portugal. L'un des pays les plus attractifs d'Europe pour vivre et investir.","breadcrumb":{"@id":"https:\/\/barnes-portugal.com\/fr\/localisation-au-portugal\/#breadcrumb"},"inLanguage":"fr-FR","potentialAction":[{"@type":"ReadAction","target":["https:\/\/barnes-portugal.com\/fr\/localisation-au-portugal\/"]}]},{"@type":"ImageObject","inLanguage":"fr-FR","@id":"https:\/\/barnes-portugal.com\/fr\/localisation-au-portugal\/#primaryimage","url":"https:\/\/barnes-portugal.com\/wp-content\/uploads\/banner-portugal-min.jpg","contentUrl":"https:\/\/barnes-portugal.com\/wp-content\/uploads\/banner-portugal-min.jpg","width":1370,"height":500,"caption":"Pourquoi Portugal?"},{"@type":"BreadcrumbList","@id":"https:\/\/barnes-portugal.com\/fr\/localisation-au-portugal\/#breadcrumb","itemListElement":[{"@type":"ListItem","position":1,"name":"In\u00edcio","item":"https:\/\/barnes-portugal.com\/fr\/"},{"@type":"ListItem","position":2,"name":"Pourquoi Portugal"}]},{"@type":"WebSite","@id":"https:\/\/barnes-portugal.com\/fr\/#website","url":"https:\/\/barnes-portugal.com\/fr\/","name":"BARNES Realty | Portugal","description":"International Luxury Real Estate","publisher":{"@id":"https:\/\/barnes-portugal.com\/fr\/#organization"},"potentialAction":[{"@type":"SearchAction","target":{"@type":"EntryPoint","urlTemplate":"https:\/\/barnes-portugal.com\/fr\/?s={search_term_string}"},"query-input":{"@type":"PropertyValueSpecification","valueRequired":true,"valueName":"search_term_string"}}],"inLanguage":"fr-FR"},{"@type":"Organization","@id":"https:\/\/barnes-portugal.com\/fr\/#organization","name":"BARNES Realty | Portugal","url":"https:\/\/barnes-portugal.com\/fr\/","logo":{"@type":"ImageObject","inLanguage":"fr-FR","@id":"https:\/\/barnes-portugal.com\/fr\/#\/schema\/logo\/image\/","url":"https:\/\/barnes-portugal.com\/wp-content\/uploads\/barnes-logo-inverse.png","contentUrl":"https:\/\/barnes-portugal.com\/wp-content\/uploads\/barnes-logo-inverse.png","width":145,"height":39,"caption":"BARNES Realty | Portugal"},"image":{"@id":"https:\/\/barnes-portugal.com\/fr\/#\/schema\/logo\/image\/"},"sameAs":["https:\/\/www.facebook.com\/barnesportugal","https:\/\/www.instagram.com\/barnes_portugal\/","https:\/\/www.linkedin.com\/company\/729926\/"]}]}},"_links":{"self":[{"href":"https:\/\/barnes-portugal.com\/fr\/wp-json\/wp\/v2\/pages\/12010"}],"collection":[{"href":"https:\/\/barnes-portugal.com\/fr\/wp-json\/wp\/v2\/pages"}],"about":[{"href":"https:\/\/barnes-portugal.com\/fr\/wp-json\/wp\/v2\/types\/page"}],"author":[{"embeddable":true,"href":"https:\/\/barnes-portugal.com\/fr\/wp-json\/wp\/v2\/users\/3"}],"replies":[{"embeddable":true,"href":"https:\/\/barnes-portugal.com\/fr\/wp-json\/wp\/v2\/comments?post=12010"}],"version-history":[{"count":0,"href":"https:\/\/barnes-portugal.com\/fr\/wp-json\/wp\/v2\/pages\/12010\/revisions"}],"wp:featuredmedia":[{"embeddable":true,"href":"https:\/\/barnes-portugal.com\/fr\/wp-json\/wp\/v2\/media\/62692"}],"wp:attachment":[{"href":"https:\/\/barnes-portugal.com\/fr\/wp-json\/wp\/v2\/media?parent=12010"}],"curies":[{"name":"wp","href":"https:\/\/api.w.org\/{rel}","templated":true}]}}