{"id":12026,"date":"2018-03-16T16:16:57","date_gmt":"2018-03-16T16:16:57","guid":{"rendered":"http:\/\/barnes-portugal.test:8888\/?page_id=12026"},"modified":"2025-01-21T16:19:51","modified_gmt":"2025-01-21T16:19:51","slug":"avantages-fiscaux","status":"publish","type":"page","link":"https:\/\/barnes-portugal.com\/fr\/avantages-fiscaux\/","title":{"rendered":"Avantages Fiscaux"},"content":{"rendered":"<div class=\"text-wrapper\"><p>Le Budget de l\u2019\u00c9tat pour 2024 a abrog\u00e9 le r\u00e9gime des R\u00e9sidents Non Habituels (RNH) et introduit un nouveau cadre, appel\u00e9 <strong>Incitation Fiscale \u00e0 la Recherche Scientifique et \u00e0 l\u2019Innovation (RNH 2.0)<\/strong>. Ce changement repr\u00e9sente une nouvelle approche pour attirer des professionnels hautement qualifi\u00e9s et promouvoir la recherche et l\u2019innovation au Portugal, dans le but de renforcer la comp\u00e9titivit\u00e9 et de r\u00e9duire les disparit\u00e9s r\u00e9gionales.<\/p>\n<p>Selon le d\u00e9cret gouvernemental entr\u00e9 en vigueur le 24 d\u00e9cembre 2024, les crit\u00e8res d\u2019\u00e9ligibilit\u00e9 \u00e0 ce r\u00e9gime sont les suivants :<\/p>\n<p>\u2022Les contribuables ne doivent pas avoir r\u00e9sid\u00e9 au Portugal au cours des cinq derni\u00e8res ann\u00e9es.<\/p>\n<p>\u2022Les contribuables doivent devenir r\u00e9sidents fiscaux au Portugal et exercer l\u2019une des activit\u00e9s suivantes :<\/p>\n<p>a) Enseignants de l\u2019enseignement sup\u00e9rieur et chercheurs scientifiques, y compris des postes dans des entit\u00e9s scientifiques, des r\u00e9seaux et des structures du syst\u00e8me scientifique et technologique national, ainsi que des employ\u00e9s et membres des organes de direction d\u2019entit\u00e9s reconnues comme centres d\u2019innovation et technologiques.<\/p>\n<p>b) Professionnels qualifi\u00e9s et membres des organes de direction d\u2019entit\u00e9s b\u00e9n\u00e9ficiant d\u2019avantages contractuels li\u00e9s \u00e0 l\u2019investissement productif (conform\u00e9ment au Code Fiscal de l\u2019Investissement du Portugal).<\/p>\n<p>c) Professionnels hautement qualifi\u00e9s dans des entreprises ayant r\u00e9alis\u00e9 des investissements significatifs l\u2019ann\u00e9e de leur cr\u00e9ation ou au cours des cinq ann\u00e9es pr\u00e9c\u00e9dentes, et b\u00e9n\u00e9ficiant du R\u00e9gime Fiscal d\u2019Incitation \u00e0 l\u2019Investissement (RFAI), entreprises industrielles et prestataires de services exportant au moins 50 % de leur chiffre d\u2019affaires au cours de l\u2019ann\u00e9e de leur cr\u00e9ation ou des deux ann\u00e9es pr\u00e9c\u00e9dentes. Cela inclut les industries extractives, manufacturi\u00e8res, les activit\u00e9s de communication et d\u2019information, la R&amp;D dans les sciences physiques et naturelles, l\u2019enseignement sup\u00e9rieur et les services de sant\u00e9.<\/p>\n<p>d) Autres professionnels qualifi\u00e9s et membres des organes de direction d\u2019entit\u00e9s reconnues par l\u2019AICEP ou l\u2019IAPMEI comme exer\u00e7ant des activit\u00e9s \u00e9conomiques pertinentes pour l\u2019\u00e9conomie nationale, notamment en attirant des investissements productifs et en r\u00e9duisant les asym\u00e9tries r\u00e9gionales.<\/p>\n<p>e) Travailleurs impliqu\u00e9s dans des projets de recherche et d\u00e9veloppement dont les d\u00e9penses sont \u00e9ligibles au syst\u00e8me d\u2019incitations fiscales \u00e0 la R&amp;D (SIFIDE), conform\u00e9ment au Code Fiscal de l\u2019Investissement.<\/p>\n<p>f) Employ\u00e9s et membres des organes de direction de start-ups et scale-ups certifi\u00e9es.<\/p>\n<p>g) Emplois ou autres activit\u00e9s dans les r\u00e9gions autonomes des A\u00e7ores et de Mad\u00e8re, avec des d\u00e9tails d\u00e9finis par d\u00e9cret r\u00e9gional.<\/p>\n<p>Le nouveau r\u00e8glement pr\u00e9cise \u00e9galement la liste des professions hautement qualifi\u00e9es, qui a \u00e9t\u00e9 restreinte par rapport au r\u00e9gime pr\u00e9c\u00e9dent. Les professions \u00e9ligibles sont d\u00e9sormais :<\/p>\n<p>\u2022Directeurs g\u00e9n\u00e9raux et cadres dirigeants ;<\/p>\n<p>\u2022Directeurs des services administratifs et commerciaux ;<\/p>\n<p>\u2022Directeurs de production et des services sp\u00e9cialis\u00e9s ;<\/p>\n<p>\u2022Sp\u00e9cialistes dans les sciences physiques, math\u00e9matiques, ing\u00e9nierie et domaines connexes ;<\/p>\n<p>\u2022Concepteurs de produits ou d\u2019\u00e9quipements industriels ;<\/p>\n<p>\u2022M\u00e9decins ;<\/p>\n<p>\u2022Professeurs d\u2019universit\u00e9 et d\u2019enseignement sup\u00e9rieur ;<\/p>\n<p>\u2022Sp\u00e9cialistes en Technologies de l\u2019Information et de la Communication (TIC).<\/p>\n<p>Les contribuables exer\u00e7ant ces professions doivent prouver leurs qualifications, soit :<\/p>\n<p>\u2022Niveau 8 du Cadre Europ\u00e9en des Certifications (ou son \u00e9quivalent dans la Classification Internationale Type de l\u2019\u00c9ducation), correspondant \u00e0 un doctorat ; ou<\/p>\n<p>\u2022Niveau 6 du Cadre Europ\u00e9en des Certifications (ou son \u00e9quivalent dans la Classification Internationale Type de l\u2019\u00c9ducation), correspondant \u00e0 une licence, avec au moins trois ans d\u2019exp\u00e9rience professionnelle prouv\u00e9e.<\/p>\n<p>Les contribuables doivent soumettre leur demande aux autorit\u00e9s comp\u00e9tentes avant le 15 janvier de l\u2019ann\u00e9e suivante. Ces autorit\u00e9s transmettront les demandes \u00e0 l\u2019Administration Fiscale avant le 15 f\u00e9vrier, qui devra r\u00e9pondre avant le 31 mars de la m\u00eame ann\u00e9e.<\/p>\n<p>Ce r\u00e9gime ne s\u2019applique pas aux personnes ayant d\u00e9j\u00e0 b\u00e9n\u00e9fici\u00e9 du r\u00e9gime des R\u00e9sidents Non Habituels (RNH) ou ayant opt\u00e9 pour la taxation selon le r\u00e9gime des Ex-R\u00e9sidents (Programme Retour).<\/p>\n<p>Veuillez consulter votre avocat pour plus d\u2019informations.<\/p>\n<\/div>","protected":false},"excerpt":{"rendered":"<p class=\"post-excerpt\">Le Budget de l\u2019\u00c9tat pour 2024 a abrog\u00e9 le r\u00e9gime des R\u00e9sidents Non Habituels (RNH) et introduit un nouveau cadre, appel\u00e9 Incitation Fiscale \u00e0 la&#8230;\n<\/p>","protected":false},"author":3,"featured_media":62697,"parent":0,"menu_order":0,"comment_status":"closed","ping_status":"closed","template":"","meta":{"_acf_changed":false,"footnotes":""},"class_list":["page","has-post-thumbnail"],"acf":[],"yoast_head":"<!-- This site is optimized with the Yoast SEO plugin v24.6 - https:\/\/yoast.com\/wordpress\/plugins\/seo\/ -->\n<title>Avantages Fiscaux | Immobilier | BARNES Realty | Portugal<\/title>\n<meta name=\"description\" content=\"Le Budget de l\u2019\u00c9tat pour 2024 a abrog\u00e9 le r\u00e9gime des R\u00e9sidents Non Habituels (RNH) et introduit un nouveau cadre, appel\u00e9 Incitation Fiscale \u00e0 la Recherche Scientifique et \u00e0 l\u2019Innovation (RNH 2.0). Ce changement repr\u00e9sente une nouvelle approche pour attirer des professionnels hautement qualifi\u00e9s et promouvoir la recherche et l\u2019innovation au Portugal, dans le but de renforcer la comp\u00e9titivit\u00e9 et de r\u00e9duire les disparit\u00e9s r\u00e9gionales.\" \/>\n<meta name=\"robots\" content=\"index, follow, max-snippet:-1, max-image-preview:large, max-video-preview:-1\" \/>\n<link rel=\"canonical\" href=\"https:\/\/barnes-portugal.com\/fr\/avantages-fiscaux\/\" \/>\n<meta property=\"og:locale\" content=\"fr_FR\" \/>\n<meta property=\"og:type\" content=\"article\" \/>\n<meta property=\"og:title\" content=\"Avantages Fiscaux | Immobilier | BARNES Realty | Portugal\" \/>\n<meta property=\"og:description\" content=\"Le Budget de l\u2019\u00c9tat pour 2024 a abrog\u00e9 le r\u00e9gime des R\u00e9sidents Non Habituels (RNH) et introduit un nouveau cadre, appel\u00e9 Incitation Fiscale \u00e0 la Recherche Scientifique et \u00e0 l\u2019Innovation (RNH 2.0). Ce changement repr\u00e9sente une nouvelle approche pour attirer des professionnels hautement qualifi\u00e9s et promouvoir la recherche et l\u2019innovation au Portugal, dans le but de renforcer la comp\u00e9titivit\u00e9 et de r\u00e9duire les disparit\u00e9s r\u00e9gionales.\" \/>\n<meta property=\"og:url\" content=\"https:\/\/barnes-portugal.com\/fr\/avantages-fiscaux\/\" \/>\n<meta property=\"og:site_name\" content=\"BARNES Realty | Portugal\" \/>\n<meta property=\"article:publisher\" content=\"https:\/\/www.facebook.com\/barnesportugal\" \/>\n<meta property=\"article:modified_time\" content=\"2025-01-21T16:19:51+00:00\" \/>\n<meta property=\"og:image\" content=\"https:\/\/barnes-portugal.com\/wp-content\/uploads\/banner-rnh-min.jpg\" \/>\n\t<meta property=\"og:image:width\" content=\"1370\" \/>\n\t<meta property=\"og:image:height\" content=\"500\" \/>\n\t<meta property=\"og:image:type\" content=\"image\/jpeg\" \/>\n<meta name=\"twitter:card\" content=\"summary_large_image\" \/>\n<meta name=\"twitter:label1\" content=\"Dur\u00e9e de lecture estim\u00e9e\" \/>\n\t<meta name=\"twitter:data1\" content=\"4 minutes\" \/>\n<script type=\"application\/ld+json\" class=\"yoast-schema-graph\">{\"@context\":\"https:\/\/schema.org\",\"@graph\":[{\"@type\":\"WebPage\",\"@id\":\"https:\/\/barnes-portugal.com\/fr\/avantages-fiscaux\/\",\"url\":\"https:\/\/barnes-portugal.com\/fr\/avantages-fiscaux\/\",\"name\":\"Avantages Fiscaux | Immobilier | BARNES Realty | Portugal\",\"isPartOf\":{\"@id\":\"https:\/\/barnes-portugal.com\/fr\/#website\"},\"primaryImageOfPage\":{\"@id\":\"https:\/\/barnes-portugal.com\/fr\/avantages-fiscaux\/#primaryimage\"},\"image\":{\"@id\":\"https:\/\/barnes-portugal.com\/fr\/avantages-fiscaux\/#primaryimage\"},\"thumbnailUrl\":\"https:\/\/barnes-portugal.com\/wp-content\/uploads\/banner-rnh-min.jpg\",\"datePublished\":\"2018-03-16T16:16:57+00:00\",\"dateModified\":\"2025-01-21T16:19:51+00:00\",\"description\":\"Le Budget de l\u2019\u00c9tat pour 2024 a abrog\u00e9 le r\u00e9gime des R\u00e9sidents Non Habituels (RNH) et introduit un nouveau cadre, appel\u00e9 Incitation Fiscale \u00e0 la Recherche Scientifique et \u00e0 l\u2019Innovation (RNH 2.0). Ce changement repr\u00e9sente une nouvelle approche pour attirer des professionnels hautement qualifi\u00e9s et promouvoir la recherche et l\u2019innovation au Portugal, dans le but de renforcer la comp\u00e9titivit\u00e9 et de r\u00e9duire les disparit\u00e9s r\u00e9gionales.\",\"breadcrumb\":{\"@id\":\"https:\/\/barnes-portugal.com\/fr\/avantages-fiscaux\/#breadcrumb\"},\"inLanguage\":\"fr-FR\",\"potentialAction\":[{\"@type\":\"ReadAction\",\"target\":[\"https:\/\/barnes-portugal.com\/fr\/avantages-fiscaux\/\"]}]},{\"@type\":\"ImageObject\",\"inLanguage\":\"fr-FR\",\"@id\":\"https:\/\/barnes-portugal.com\/fr\/avantages-fiscaux\/#primaryimage\",\"url\":\"https:\/\/barnes-portugal.com\/wp-content\/uploads\/banner-rnh-min.jpg\",\"contentUrl\":\"https:\/\/barnes-portugal.com\/wp-content\/uploads\/banner-rnh-min.jpg\",\"width\":1370,\"height\":500,\"caption\":\"R\u00e9sident Non-Habituel\"},{\"@type\":\"BreadcrumbList\",\"@id\":\"https:\/\/barnes-portugal.com\/fr\/avantages-fiscaux\/#breadcrumb\",\"itemListElement\":[{\"@type\":\"ListItem\",\"position\":1,\"name\":\"In\u00edcio\",\"item\":\"https:\/\/barnes-portugal.com\/fr\/\"},{\"@type\":\"ListItem\",\"position\":2,\"name\":\"Avantages Fiscaux\"}]},{\"@type\":\"WebSite\",\"@id\":\"https:\/\/barnes-portugal.com\/fr\/#website\",\"url\":\"https:\/\/barnes-portugal.com\/fr\/\",\"name\":\"BARNES Realty | Portugal\",\"description\":\"International Luxury Real Estate\",\"publisher\":{\"@id\":\"https:\/\/barnes-portugal.com\/fr\/#organization\"},\"potentialAction\":[{\"@type\":\"SearchAction\",\"target\":{\"@type\":\"EntryPoint\",\"urlTemplate\":\"https:\/\/barnes-portugal.com\/fr\/?s={search_term_string}\"},\"query-input\":{\"@type\":\"PropertyValueSpecification\",\"valueRequired\":true,\"valueName\":\"search_term_string\"}}],\"inLanguage\":\"fr-FR\"},{\"@type\":\"Organization\",\"@id\":\"https:\/\/barnes-portugal.com\/fr\/#organization\",\"name\":\"BARNES Realty | Portugal\",\"url\":\"https:\/\/barnes-portugal.com\/fr\/\",\"logo\":{\"@type\":\"ImageObject\",\"inLanguage\":\"fr-FR\",\"@id\":\"https:\/\/barnes-portugal.com\/fr\/#\/schema\/logo\/image\/\",\"url\":\"https:\/\/barnes-portugal.com\/wp-content\/uploads\/barnes-logo-inverse.png\",\"contentUrl\":\"https:\/\/barnes-portugal.com\/wp-content\/uploads\/barnes-logo-inverse.png\",\"width\":145,\"height\":39,\"caption\":\"BARNES Realty | Portugal\"},\"image\":{\"@id\":\"https:\/\/barnes-portugal.com\/fr\/#\/schema\/logo\/image\/\"},\"sameAs\":[\"https:\/\/www.facebook.com\/barnesportugal\",\"https:\/\/www.instagram.com\/barnes_portugal\/\",\"https:\/\/www.linkedin.com\/company\/729926\/\"]}]}<\/script>\n<!-- \/ Yoast SEO plugin. -->","yoast_head_json":{"title":"Avantages Fiscaux | Immobilier | BARNES Realty | Portugal","description":"Le Budget de l\u2019\u00c9tat pour 2024 a abrog\u00e9 le r\u00e9gime des R\u00e9sidents Non Habituels (RNH) et introduit un nouveau cadre, appel\u00e9 Incitation Fiscale \u00e0 la Recherche Scientifique et \u00e0 l\u2019Innovation (RNH 2.0). Ce changement repr\u00e9sente une nouvelle approche pour attirer des professionnels hautement qualifi\u00e9s et promouvoir la recherche et l\u2019innovation au Portugal, dans le but de renforcer la comp\u00e9titivit\u00e9 et de r\u00e9duire les disparit\u00e9s r\u00e9gionales.","robots":{"index":"index","follow":"follow","max-snippet":"max-snippet:-1","max-image-preview":"max-image-preview:large","max-video-preview":"max-video-preview:-1"},"canonical":"https:\/\/barnes-portugal.com\/fr\/avantages-fiscaux\/","og_locale":"fr_FR","og_type":"article","og_title":"Avantages Fiscaux | Immobilier | BARNES Realty | Portugal","og_description":"Le Budget de l\u2019\u00c9tat pour 2024 a abrog\u00e9 le r\u00e9gime des R\u00e9sidents Non Habituels (RNH) et introduit un nouveau cadre, appel\u00e9 Incitation Fiscale \u00e0 la Recherche Scientifique et \u00e0 l\u2019Innovation (RNH 2.0). Ce changement repr\u00e9sente une nouvelle approche pour attirer des professionnels hautement qualifi\u00e9s et promouvoir la recherche et l\u2019innovation au Portugal, dans le but de renforcer la comp\u00e9titivit\u00e9 et de r\u00e9duire les disparit\u00e9s r\u00e9gionales.","og_url":"https:\/\/barnes-portugal.com\/fr\/avantages-fiscaux\/","og_site_name":"BARNES Realty | Portugal","article_publisher":"https:\/\/www.facebook.com\/barnesportugal","article_modified_time":"2025-01-21T16:19:51+00:00","og_image":[{"width":1370,"height":500,"url":"https:\/\/barnes-portugal.com\/wp-content\/uploads\/banner-rnh-min.jpg","type":"image\/jpeg"}],"twitter_card":"summary_large_image","twitter_misc":{"Dur\u00e9e de lecture estim\u00e9e":"4 minutes"},"schema":{"@context":"https:\/\/schema.org","@graph":[{"@type":"WebPage","@id":"https:\/\/barnes-portugal.com\/fr\/avantages-fiscaux\/","url":"https:\/\/barnes-portugal.com\/fr\/avantages-fiscaux\/","name":"Avantages Fiscaux | Immobilier | BARNES Realty | Portugal","isPartOf":{"@id":"https:\/\/barnes-portugal.com\/fr\/#website"},"primaryImageOfPage":{"@id":"https:\/\/barnes-portugal.com\/fr\/avantages-fiscaux\/#primaryimage"},"image":{"@id":"https:\/\/barnes-portugal.com\/fr\/avantages-fiscaux\/#primaryimage"},"thumbnailUrl":"https:\/\/barnes-portugal.com\/wp-content\/uploads\/banner-rnh-min.jpg","datePublished":"2018-03-16T16:16:57+00:00","dateModified":"2025-01-21T16:19:51+00:00","description":"Le Budget de l\u2019\u00c9tat pour 2024 a abrog\u00e9 le r\u00e9gime des R\u00e9sidents Non Habituels (RNH) et introduit un nouveau cadre, appel\u00e9 Incitation Fiscale \u00e0 la Recherche Scientifique et \u00e0 l\u2019Innovation (RNH 2.0). Ce changement repr\u00e9sente une nouvelle approche pour attirer des professionnels hautement qualifi\u00e9s et promouvoir la recherche et l\u2019innovation au Portugal, dans le but de renforcer la comp\u00e9titivit\u00e9 et de r\u00e9duire les disparit\u00e9s r\u00e9gionales.","breadcrumb":{"@id":"https:\/\/barnes-portugal.com\/fr\/avantages-fiscaux\/#breadcrumb"},"inLanguage":"fr-FR","potentialAction":[{"@type":"ReadAction","target":["https:\/\/barnes-portugal.com\/fr\/avantages-fiscaux\/"]}]},{"@type":"ImageObject","inLanguage":"fr-FR","@id":"https:\/\/barnes-portugal.com\/fr\/avantages-fiscaux\/#primaryimage","url":"https:\/\/barnes-portugal.com\/wp-content\/uploads\/banner-rnh-min.jpg","contentUrl":"https:\/\/barnes-portugal.com\/wp-content\/uploads\/banner-rnh-min.jpg","width":1370,"height":500,"caption":"R\u00e9sident Non-Habituel"},{"@type":"BreadcrumbList","@id":"https:\/\/barnes-portugal.com\/fr\/avantages-fiscaux\/#breadcrumb","itemListElement":[{"@type":"ListItem","position":1,"name":"In\u00edcio","item":"https:\/\/barnes-portugal.com\/fr\/"},{"@type":"ListItem","position":2,"name":"Avantages Fiscaux"}]},{"@type":"WebSite","@id":"https:\/\/barnes-portugal.com\/fr\/#website","url":"https:\/\/barnes-portugal.com\/fr\/","name":"BARNES Realty | Portugal","description":"International Luxury Real Estate","publisher":{"@id":"https:\/\/barnes-portugal.com\/fr\/#organization"},"potentialAction":[{"@type":"SearchAction","target":{"@type":"EntryPoint","urlTemplate":"https:\/\/barnes-portugal.com\/fr\/?s={search_term_string}"},"query-input":{"@type":"PropertyValueSpecification","valueRequired":true,"valueName":"search_term_string"}}],"inLanguage":"fr-FR"},{"@type":"Organization","@id":"https:\/\/barnes-portugal.com\/fr\/#organization","name":"BARNES Realty | Portugal","url":"https:\/\/barnes-portugal.com\/fr\/","logo":{"@type":"ImageObject","inLanguage":"fr-FR","@id":"https:\/\/barnes-portugal.com\/fr\/#\/schema\/logo\/image\/","url":"https:\/\/barnes-portugal.com\/wp-content\/uploads\/barnes-logo-inverse.png","contentUrl":"https:\/\/barnes-portugal.com\/wp-content\/uploads\/barnes-logo-inverse.png","width":145,"height":39,"caption":"BARNES Realty | Portugal"},"image":{"@id":"https:\/\/barnes-portugal.com\/fr\/#\/schema\/logo\/image\/"},"sameAs":["https:\/\/www.facebook.com\/barnesportugal","https:\/\/www.instagram.com\/barnes_portugal\/","https:\/\/www.linkedin.com\/company\/729926\/"]}]}},"_links":{"self":[{"href":"https:\/\/barnes-portugal.com\/fr\/wp-json\/wp\/v2\/pages\/12026"}],"collection":[{"href":"https:\/\/barnes-portugal.com\/fr\/wp-json\/wp\/v2\/pages"}],"about":[{"href":"https:\/\/barnes-portugal.com\/fr\/wp-json\/wp\/v2\/types\/page"}],"author":[{"embeddable":true,"href":"https:\/\/barnes-portugal.com\/fr\/wp-json\/wp\/v2\/users\/3"}],"replies":[{"embeddable":true,"href":"https:\/\/barnes-portugal.com\/fr\/wp-json\/wp\/v2\/comments?post=12026"}],"version-history":[{"count":5,"href":"https:\/\/barnes-portugal.com\/fr\/wp-json\/wp\/v2\/pages\/12026\/revisions"}],"predecessor-version":[{"id":96148,"href":"https:\/\/barnes-portugal.com\/fr\/wp-json\/wp\/v2\/pages\/12026\/revisions\/96148"}],"wp:featuredmedia":[{"embeddable":true,"href":"https:\/\/barnes-portugal.com\/fr\/wp-json\/wp\/v2\/media\/62697"}],"wp:attachment":[{"href":"https:\/\/barnes-portugal.com\/fr\/wp-json\/wp\/v2\/media?parent=12026"}],"curies":[{"name":"wp","href":"https:\/\/api.w.org\/{rel}","templated":true}]}}