{"id":62628,"date":"2022-05-13T15:01:04","date_gmt":"2022-05-13T15:01:04","guid":{"rendered":"https:\/\/barnes-portugal.com\/?page_id=62628"},"modified":"2025-09-01T17:07:02","modified_gmt":"2025-09-01T16:07:02","slug":"ecoles-internationales-a-lisbonne-cascais-et-sintra","status":"publish","type":"page","link":"https:\/\/barnes-portugal.com\/fr\/ecoles-internationales-a-lisbonne-cascais-et-sintra\/","title":{"rendered":"\u00c9coles Internationales \u00e0 Lisbonne, Cascais et Sintra"},"content":{"rendered":"<div class=\"text-wrapper\"><p><strong>St Julian&rsquo;s School<\/strong> &#8211; Carcavelos, 3-18 ans, 1 200 \u00e9l\u00e8ves<\/p>\n<p>Programme national anglais ou programme bilingue avec dipl\u00f4me du baccalaur\u00e9at international pour les deux derni\u00e8res ann\u00e9es.<\/p>\n<p>Adresse : Quinta Nova, Avenida Jorge V 374, 2775-588 Carcavelos<\/p>\n<p>Site Internet : <a href=\"https:\/\/www.stjulians.com\/\">www.stjulians.com<\/a> | Courriel : <a href=\"mailto:info@stjulians.com\">info@stjulians.com<\/a><\/p>\n<p>&nbsp;<\/p>\n<p><strong>The British School of Lisbon<\/strong> &#8211; Lisbonne, 3-12 ans, 200 \u00e9tudiants<\/p>\n<p>Programme national anglais.<\/p>\n<p>Adresse : Rua de S\u00e3o Paulo 89, 1200-427 Lisbonne<\/p>\n<p>Site web : <a href=\"https:\/\/www.britishschool.pt\/\">www.britishschool.pt<\/a> | Courriel : <a href=\"mailto:info@britishschool.pt\">info@britishschool.pt<\/a><\/p>\n<p>&nbsp;<\/p>\n<p><strong>The Lisboan International School<\/strong> &#8211; Alc\u00e2ntara, Lisbonne, 3-18 ans<\/p>\n<p>Programme national anglais, suivi de l&rsquo;IGCSE de Cambridge et du baccalaur\u00e9at international.<\/p>\n<p>Adresse : Rua Maria Lu\u00edsa Holstein, 1300-388 Lisboa<\/p>\n<p>Site web : <a href=\"https:\/\/the-lisboan.school\/\">the-lisboan.school<\/a> | Courriel : <a href=\"mailto:info@the-lisboan.school\">info@the-lisboan.school<\/a><\/p>\n<p>&nbsp;<\/p>\n<p><strong>IPS International Preparatory School<\/strong> &#8211; Alcabideche, 3-12 ans, environ 18 \u00e9l\u00e8ves par classe.<\/p>\n<p>Programme national anglais.<\/p>\n<p>Adresse : Rua da Lagoa 171, 2645-344 Alcabideche<\/p>\n<p>Site Internet : <a href=\"https:\/\/www.ipsschool.org\/\">www.ipsschool.org<\/a> | Courriel : <a href=\"mailto:info@ipsschool.org\">info@ipsschool.org<\/a><\/p>\n<p>&nbsp;<\/p>\n<p><strong>Greene&rsquo;s College Oxford<\/strong> &#8211; Lisbonne, 11-18 ans, cours particuliers<\/p>\n<p>Programme d&rsquo;anglais (IGCSE et A-Levels).<\/p>\n<p>Adresse : Rua da Escola Polit\u00e9cnica 38, 1250-102 Lisbonne<\/p>\n<p>Site web : <a href=\"https:\/\/pt.greenesoxford.com\/\">en.greenesoxford.com<\/a> | Courriel : <a href=\"mailto:enquiries@greenes.pt\">enquiries@greenes.pt<\/a><\/p>\n<p>&nbsp;<\/p>\n<p><strong>Carlucci American International School of Lisbon (CAISL)<\/strong> &#8211; Sintra, 3-18 ans, 700 \u00e9tudiants<\/p>\n<p>Pr\u00e9paration au dipl\u00f4me am\u00e9ricain avec option baccalaur\u00e9at international.<\/p>\n<p>Adresse : Rua Ant\u00f3nio dos Reis 95, Linh\u00f3, 2710-301 Sintra<\/p>\n<p>Site Internet : <a href=\"https:\/\/www.caislisbon.org\/\">www.caislisbon.org<\/a> | Courriel : <a href=\"mailto:info@caislisbon.org\">info@caislisbon.org<\/a><\/p>\n<p>&nbsp;<\/p>\n<p><strong>United Lisbon International School<\/strong> &#8211; Lisbonne, 3-18 ans, 300 \u00e9tudiants<\/p>\n<p>Programme am\u00e9ricain (NEASC) avec dipl\u00f4me de l&rsquo;IB.<\/p>\n<p>Adresse : Avenida Mar. Gomes da Costa 9, 1800-255 Lisbonne<\/p>\n<p>Site Internet : <a href=\"https:\/\/www.unitedlisbon.school\/\">www.unitedlisbon.school<\/a> | Courriel : <a href=\"mailto:info@unitedlisbon.school\">info@unitedlisbon.school<\/a><\/p>\n<p>&nbsp;<\/p>\n<p><strong>Lyc\u00e9e Fran\u00e7ais Charles Lepierre<\/strong> &#8211; Lisbonne, 3-18 ans, 2 000 \u00e9l\u00e8ves<\/p>\n<p>Programme g\u00e9r\u00e9 par le minist\u00e8re fran\u00e7ais de l&rsquo;\u00e9ducation.<\/p>\n<p>Adresse : Avenida Eng. Duarte Pacheco 32, 1070-112 Lisbonne<\/p>\n<p>Site Internet : <a href=\"https:\/\/www.lfcl-lisbonne.eu\/\">www.lfcl-lisbonne.eu<\/a> | Courriel : <a href=\"mailto:contact@lfcl.pt\">contact@lfcl.pt<\/a><\/p>\n<p>&nbsp;<\/p>\n<p><strong>Redbridge International School<\/strong> &#8211; Lisbonne, 3-18 ans, environ 20 \u00e9l\u00e8ves par classe<\/p>\n<p>Enseignement bilingue fran\u00e7ais-anglais ou portugais-anglais avec Cambridge et IB.<\/p>\n<p>Adresse : Rua Francisco Metrass 97, 1350-164 Lisbonne<\/p>\n<p>Site Internet : <a href=\"https:\/\/www.redbridgeschool.com\/?lang=pt-pt\">www.redbridgeschool.com<\/a> | Courriel : <a href=\"mailto:admissions@redbridgeschool.com\">admissions@redbridgeschool.com<\/a><\/p>\n<p>&nbsp;<\/p>\n<p><strong>Deutsche Schule Lissabon<\/strong> &#8211; Telheiras, Lisbonne, 3-18 ans, 1 100 \u00e9l\u00e8ves<\/p>\n<p>Programme d&rsquo;\u00e9tudes allemand avec acc\u00e8s \u00e0 l&rsquo;Abitur.<\/p>\n<p>Adresse : Largo Willy Brandt, 1600-891 Lisbonne<\/p>\n<p>Site Internet : <a href=\"https:\/\/www.dslissabon.com\/\">www.dslissabon.com<\/a> | Courriel : <a href=\"mailto:direccao@dslissabon.com\">direccao@dslissabon.com<\/a><\/p>\n<p>&nbsp;<\/p>\n<p><strong>Instituto Espa\u00f1ol Giner de los R\u00edos<\/strong> &#8211; Dafundo, Lisbonne, 3-18 ans, environ 500 \u00e9tudiants<\/p>\n<p>Programme d&rsquo;\u00e9tudes en espagnol, sanctionn\u00e9 par un dipl\u00f4me de licence. Enseignement bilingue espagnol-portugais avec renforcement en anglais.<\/p>\n<p>Adresse : Rua Direita do Dafundo, 31, 1495-739 Cruz Quebrada-Dafundo<\/p>\n<p>Site Internet: <a href=\"https:\/\/ginerdelosrios.educacion.es\/\">https:\/\/ginerdelosrios.educacion.es\/<\/a> | Courriel : <a href=\"mailto:secretaria.lisboa@educacion.gob.es\">secretaria.lisboa@educacion.gob.es<\/a><\/p>\n<p>&nbsp;<\/p>\n<p><strong>Oeiras International School<\/strong> &#8211; Oeiras, 5-18 ans, 450 \u00e9tudiants<\/p>\n<p>Programmes du baccalaur\u00e9at international &#8211; PP, PPCS et dipl\u00f4me.<\/p>\n<p>Adresse : Rua Antero de Quental 7, 2730-013 Barcarena<\/p>\n<p>Site web : <a href=\"https:\/\/www.ois.pt\/\">www.ois.pt<\/a> | Courriel : <a href=\"mailto:info@ois.pt\">info@ois.pt<\/a><\/p>\n<p>&nbsp;<\/p>\n<p><strong>St Dominic&rsquo;s International School<\/strong> &#8211; S\u00e3o Domingos de Rana, 3-18 ans, 530 \u00e9tudiants<\/p>\n<p>Programme complet de baccalaur\u00e9at international.<\/p>\n<p>Adresse : Rua Maria Brown 311A, 2785-816 S\u00e3o Domingos de Rana<\/p>\n<p>Site web : <a href=\"https:\/\/www.dominics-int.org\/\">www.dominics-int.org<\/a> | Courriel : <a href=\"mailto:school@dominics-int.org\">school@dominics-int.org<\/a><\/p>\n<p>&nbsp;<\/p>\n<p><strong>Park International School<\/strong> &#8211; Cascais, Alfragide, Restelo, Pra\u00e7a de Espanha, 1-18 ans, 1 100 \u00e9tudiants<\/p>\n<p>Enseignement bilingue avec les programmes de Cambridge et de l&rsquo;IB.<\/p>\n<p>Site web : <a href=\"https:\/\/www.park-is.com\/\">www.park-is.com<\/a> | Courriel : <a href=\"mailto:all@park-is.com\">all@park-is.com<\/a><\/p>\n<p>&nbsp;<\/p>\n<p><strong>TASIS Portugal<\/strong> &#8211; Beloura, 3-18 ans, 520 \u00e9l\u00e8ves<\/p>\n<p>Programmes Core Knowledge, IGCSE et IB.<\/p>\n<p>Adresse : Avenida Mar. Gomes da Costa 9, 1800-255 Lisboa<\/p>\n<p>Site Web : <a href=\"https:\/\/www.tasisportugal.org\/\">www.tasisportugal.org<\/a> | Courriel : <a href=\"mailto:admissions@tasisportugal.org\">admissions@tasisportugal.org<\/a><\/p>\n<p>&nbsp;<\/p>\n<p><strong>King&rsquo;s College School<\/strong> &#8211; Cascais, 1-13 ans, 1 200 \u00e9l\u00e8ves<\/p>\n<p>Programme international, Cambridge et IB.<\/p>\n<p>Adresse : Rua Ces\u00e1rio Verde 395, 2750-657 Cascais<\/p>\n<p>Site web : <a href=\"https:\/\/www.cascais.kingscollegeschool.pt\/\">www.cascais.kingscollegeschool.pt<\/a> | Courriel : <a href=\"mailto:admissions@kingscollegeschool.pt\">admissions@kingscollegeschool.pt<\/a><\/p>\n<p>&nbsp;<\/p>\n<p><strong>International Sharing School<\/strong> &#8211; Porto Salvo, 4 mois &#8211; 18 ans, 525 \u00e9l\u00e8ves<\/p>\n<p>Programme d&rsquo;\u00e9tudes de l&rsquo;IB &#8211; PP, PPCS et dipl\u00f4me.<\/p>\n<p>Adresse : Avenida Dr M\u00e1rio Soares 14, 2740-119 Porto Salvo<\/p>\n<p>Site Web : <a href=\"https:\/\/www.sharingschool.org\/\">www.sharingschool.org<\/a> | Courriel : <a href=\"mailto:office@taguspark.sharingschool.org\">office@taguspark.sharingschool.org<\/a><\/p>\n<p>&nbsp;<\/p>\n<p><strong>Kairos Montessori<\/strong> &#8211; Cascais, 3-15 ans, 100 \u00e9l\u00e8ves<\/p>\n<p>Programme d&rsquo;\u00e9tudes de Cambridge.<\/p>\n<p>Adresse : Casa 25 &#8211; Eira, 2750-004 Cascais<\/p>\n<p>Site Internet : <a href=\"https:\/\/www.kairosmontessori.com\/\">www.kairosmontessori.com<\/a> | Courriel : <a href=\"mailto:office@kairosmontessori.com\">office@kairosmontessori.com<\/a><\/p>\n<p>&nbsp;<\/p>\n<p><strong>St George School<\/strong> &#8211; Cascais, 5-18 ans, petites classes<\/p>\n<p>Programme d&rsquo;\u00e9tudes portugais et de Cambridge.<\/p>\n<p>Adresse : Dep\u00f3sitos da \u00c1gua 339, 1.\u00ba, 2750-561 Cascais<\/p>\n<p>Site Internet : <a href=\"https:\/\/www.stgeorgesschool.pt\/\">www.stgeorgesschool.pt<\/a> | Courriel : <a href=\"mailto:office@stgeorgesschool.pt\">office@stgeorgesschool.pt<\/a><\/p>\n<p>&nbsp;<\/p>\n<p class=\"p1\"><b>Prime School Lisbon &#8211; <\/b>Lisbonne, de 3 \u00e0 18 ans<\/p>\n<p class=\"p1\">Programe d\u00b4Etudes Cambridge + International Vocational Courses<\/p>\n<p>Rua Carlos Lobo de \u00c1vila n\u00ba 4 &#8211; 1700-099 Lisboa, Portugal<\/p>\n<p>Website: <u><a href=\"http:\/\/www.primeschool.pt\/\" data-outlook-id=\"b8bd2883-a90c-4417-a203-81c3cb650766\">www.primeschool.pt<\/a><\/u>\u00a0| Email: <u><a href=\"mailto:info@primeschool.pt\" data-outlook-id=\"3f9fcfe9-94b6-4891-a681-09d2bf53b8e4\">info@primeschool.pt<\/a><\/u><\/p>\n<p>&nbsp;<\/p>\n<p>&nbsp;<\/p>\n<p><strong>Brave Generation Academy<\/strong> &#8211; Cascais, 12-18 ans, 281 \u00e9l\u00e8ves<\/p>\n<p>Programme international britannique avec plateforme num\u00e9rique.<\/p>\n<p>Adresse : Avenida 25 de Abril 901 Esq, 2750-642 Cascais<\/p>\n<p>Site web : <a href=\"https:\/\/www.bravegenerationacademy.com\/\">www.bravegenerationacademy.com<\/a> | Courriel : <a href=\"mailto:contact@bravegenerationacademy.com\">contact@bravegenerationacademy.com<\/a><\/p>\n<p>&nbsp;<\/p>\n<p><strong>Boa Ventura Montessori School<\/strong> &#8211; Estoril, 2-6 ans, environ 13 \u00e9l\u00e8ves par classe<\/p>\n<p>M\u00e9thode Montessori dans un environnement bilingue.<\/p>\n<p>Adresse : Rua Nunes dos Santos 5, 2765-546 Estoril<\/p>\n<p>Site Internet : <a href=\"https:\/\/www.boaventuramontessori.com\/\">www.boaventuramontessori.com<\/a> | Courriel : <a href=\"mailto:info@boaventuramontessori.com\">info@boaventuramontessori.com<\/a><\/p>\n<\/div>","protected":false},"excerpt":{"rendered":"<p class=\"post-excerpt\">St Julian&rsquo;s School &#8211; Carcavelos, 3-18 ans, 1 200 \u00e9l\u00e8ves Programme national anglais ou programme bilingue avec dipl\u00f4me du baccalaur\u00e9at international pour les deux derni\u00e8res&#8230;\n<\/p>","protected":false},"author":3,"featured_media":62707,"parent":0,"menu_order":0,"comment_status":"closed","ping_status":"closed","template":"","meta":{"_acf_changed":false,"footnotes":""},"class_list":["page","has-post-thumbnail"],"acf":[],"yoast_head":"<!-- This site is optimized with the Yoast SEO plugin v24.6 - https:\/\/yoast.com\/wordpress\/plugins\/seo\/ -->\n<title>\u00c9coles Internationales \u00e0 Lisbonne | BARNES Realty | Portugal<\/title>\n<meta name=\"description\" content=\"Lisbonne, ainsi que d&#039;autres r\u00e9gions du pays, compte de nombreuses \u00e9coles internationales pour accueillir les \u00e9tudiants de diff\u00e9rents pays.\" \/>\n<meta name=\"robots\" content=\"index, follow, max-snippet:-1, max-image-preview:large, max-video-preview:-1\" \/>\n<link rel=\"canonical\" href=\"https:\/\/barnes-portugal.com\/fr\/ecoles-internationales-a-lisbonne-cascais-et-sintra\/\" \/>\n<meta property=\"og:locale\" content=\"fr_FR\" \/>\n<meta property=\"og:type\" content=\"article\" \/>\n<meta property=\"og:title\" content=\"\u00c9coles Internationales \u00e0 Lisbonne | BARNES Realty | Portugal\" \/>\n<meta property=\"og:description\" content=\"Lisbonne, ainsi que d&#039;autres r\u00e9gions du pays, compte de nombreuses \u00e9coles internationales pour accueillir les \u00e9tudiants de diff\u00e9rents pays.\" \/>\n<meta property=\"og:url\" content=\"https:\/\/barnes-portugal.com\/fr\/ecoles-internationales-a-lisbonne-cascais-et-sintra\/\" \/>\n<meta property=\"og:site_name\" content=\"BARNES Realty | Portugal\" \/>\n<meta property=\"article:publisher\" content=\"https:\/\/www.facebook.com\/barnesportugal\" \/>\n<meta property=\"article:modified_time\" content=\"2025-09-01T16:07:02+00:00\" \/>\n<meta property=\"og:image\" content=\"https:\/\/barnes-portugal.com\/wp-content\/uploads\/banner-escolas-internacionais-lisboa-min.jpg\" \/>\n\t<meta property=\"og:image:width\" content=\"1370\" \/>\n\t<meta property=\"og:image:height\" content=\"500\" \/>\n\t<meta property=\"og:image:type\" content=\"image\/jpeg\" \/>\n<meta name=\"twitter:card\" content=\"summary_large_image\" \/>\n<meta name=\"twitter:label1\" content=\"Dur\u00e9e de lecture estim\u00e9e\" \/>\n\t<meta name=\"twitter:data1\" content=\"4 minutes\" \/>\n<script type=\"application\/ld+json\" class=\"yoast-schema-graph\">{\"@context\":\"https:\/\/schema.org\",\"@graph\":[{\"@type\":\"WebPage\",\"@id\":\"https:\/\/barnes-portugal.com\/fr\/ecoles-internationales-a-lisbonne-cascais-et-sintra\/\",\"url\":\"https:\/\/barnes-portugal.com\/fr\/ecoles-internationales-a-lisbonne-cascais-et-sintra\/\",\"name\":\"\u00c9coles Internationales \u00e0 Lisbonne | BARNES Realty | Portugal\",\"isPartOf\":{\"@id\":\"https:\/\/barnes-portugal.com\/fr\/#website\"},\"primaryImageOfPage\":{\"@id\":\"https:\/\/barnes-portugal.com\/fr\/ecoles-internationales-a-lisbonne-cascais-et-sintra\/#primaryimage\"},\"image\":{\"@id\":\"https:\/\/barnes-portugal.com\/fr\/ecoles-internationales-a-lisbonne-cascais-et-sintra\/#primaryimage\"},\"thumbnailUrl\":\"https:\/\/barnes-portugal.com\/wp-content\/uploads\/banner-escolas-internacionais-lisboa-min.jpg\",\"datePublished\":\"2022-05-13T15:01:04+00:00\",\"dateModified\":\"2025-09-01T16:07:02+00:00\",\"description\":\"Lisbonne, ainsi que d'autres r\u00e9gions du pays, compte de nombreuses \u00e9coles internationales pour accueillir les \u00e9tudiants de diff\u00e9rents pays.\",\"breadcrumb\":{\"@id\":\"https:\/\/barnes-portugal.com\/fr\/ecoles-internationales-a-lisbonne-cascais-et-sintra\/#breadcrumb\"},\"inLanguage\":\"fr-FR\",\"potentialAction\":[{\"@type\":\"ReadAction\",\"target\":[\"https:\/\/barnes-portugal.com\/fr\/ecoles-internationales-a-lisbonne-cascais-et-sintra\/\"]}]},{\"@type\":\"ImageObject\",\"inLanguage\":\"fr-FR\",\"@id\":\"https:\/\/barnes-portugal.com\/fr\/ecoles-internationales-a-lisbonne-cascais-et-sintra\/#primaryimage\",\"url\":\"https:\/\/barnes-portugal.com\/wp-content\/uploads\/banner-escolas-internacionais-lisboa-min.jpg\",\"contentUrl\":\"https:\/\/barnes-portugal.com\/wp-content\/uploads\/banner-escolas-internacionais-lisboa-min.jpg\",\"width\":1370,\"height\":500,\"caption\":\"\u00c9coles Internationales\"},{\"@type\":\"BreadcrumbList\",\"@id\":\"https:\/\/barnes-portugal.com\/fr\/ecoles-internationales-a-lisbonne-cascais-et-sintra\/#breadcrumb\",\"itemListElement\":[{\"@type\":\"ListItem\",\"position\":1,\"name\":\"In\u00edcio\",\"item\":\"https:\/\/barnes-portugal.com\/fr\/\"},{\"@type\":\"ListItem\",\"position\":2,\"name\":\"\u00c9coles Internationales \u00e0 Lisbonne, Cascais et Sintra\"}]},{\"@type\":\"WebSite\",\"@id\":\"https:\/\/barnes-portugal.com\/fr\/#website\",\"url\":\"https:\/\/barnes-portugal.com\/fr\/\",\"name\":\"BARNES Realty | Portugal\",\"description\":\"International Luxury Real Estate\",\"publisher\":{\"@id\":\"https:\/\/barnes-portugal.com\/fr\/#organization\"},\"potentialAction\":[{\"@type\":\"SearchAction\",\"target\":{\"@type\":\"EntryPoint\",\"urlTemplate\":\"https:\/\/barnes-portugal.com\/fr\/?s={search_term_string}\"},\"query-input\":{\"@type\":\"PropertyValueSpecification\",\"valueRequired\":true,\"valueName\":\"search_term_string\"}}],\"inLanguage\":\"fr-FR\"},{\"@type\":\"Organization\",\"@id\":\"https:\/\/barnes-portugal.com\/fr\/#organization\",\"name\":\"BARNES Realty | Portugal\",\"url\":\"https:\/\/barnes-portugal.com\/fr\/\",\"logo\":{\"@type\":\"ImageObject\",\"inLanguage\":\"fr-FR\",\"@id\":\"https:\/\/barnes-portugal.com\/fr\/#\/schema\/logo\/image\/\",\"url\":\"https:\/\/barnes-portugal.com\/wp-content\/uploads\/barnes-logo-inverse.png\",\"contentUrl\":\"https:\/\/barnes-portugal.com\/wp-content\/uploads\/barnes-logo-inverse.png\",\"width\":145,\"height\":39,\"caption\":\"BARNES Realty | Portugal\"},\"image\":{\"@id\":\"https:\/\/barnes-portugal.com\/fr\/#\/schema\/logo\/image\/\"},\"sameAs\":[\"https:\/\/www.facebook.com\/barnesportugal\",\"https:\/\/www.instagram.com\/barnes_portugal\/\",\"https:\/\/www.linkedin.com\/company\/729926\/\"]}]}<\/script>\n<!-- \/ Yoast SEO plugin. -->","yoast_head_json":{"title":"\u00c9coles Internationales \u00e0 Lisbonne | BARNES Realty | Portugal","description":"Lisbonne, ainsi que d'autres r\u00e9gions du pays, compte de nombreuses \u00e9coles internationales pour accueillir les \u00e9tudiants de diff\u00e9rents pays.","robots":{"index":"index","follow":"follow","max-snippet":"max-snippet:-1","max-image-preview":"max-image-preview:large","max-video-preview":"max-video-preview:-1"},"canonical":"https:\/\/barnes-portugal.com\/fr\/ecoles-internationales-a-lisbonne-cascais-et-sintra\/","og_locale":"fr_FR","og_type":"article","og_title":"\u00c9coles Internationales \u00e0 Lisbonne | BARNES Realty | Portugal","og_description":"Lisbonne, ainsi que d'autres r\u00e9gions du pays, compte de nombreuses \u00e9coles internationales pour accueillir les \u00e9tudiants de diff\u00e9rents pays.","og_url":"https:\/\/barnes-portugal.com\/fr\/ecoles-internationales-a-lisbonne-cascais-et-sintra\/","og_site_name":"BARNES Realty | Portugal","article_publisher":"https:\/\/www.facebook.com\/barnesportugal","article_modified_time":"2025-09-01T16:07:02+00:00","og_image":[{"width":1370,"height":500,"url":"https:\/\/barnes-portugal.com\/wp-content\/uploads\/banner-escolas-internacionais-lisboa-min.jpg","type":"image\/jpeg"}],"twitter_card":"summary_large_image","twitter_misc":{"Dur\u00e9e de lecture estim\u00e9e":"4 minutes"},"schema":{"@context":"https:\/\/schema.org","@graph":[{"@type":"WebPage","@id":"https:\/\/barnes-portugal.com\/fr\/ecoles-internationales-a-lisbonne-cascais-et-sintra\/","url":"https:\/\/barnes-portugal.com\/fr\/ecoles-internationales-a-lisbonne-cascais-et-sintra\/","name":"\u00c9coles Internationales \u00e0 Lisbonne | BARNES Realty | Portugal","isPartOf":{"@id":"https:\/\/barnes-portugal.com\/fr\/#website"},"primaryImageOfPage":{"@id":"https:\/\/barnes-portugal.com\/fr\/ecoles-internationales-a-lisbonne-cascais-et-sintra\/#primaryimage"},"image":{"@id":"https:\/\/barnes-portugal.com\/fr\/ecoles-internationales-a-lisbonne-cascais-et-sintra\/#primaryimage"},"thumbnailUrl":"https:\/\/barnes-portugal.com\/wp-content\/uploads\/banner-escolas-internacionais-lisboa-min.jpg","datePublished":"2022-05-13T15:01:04+00:00","dateModified":"2025-09-01T16:07:02+00:00","description":"Lisbonne, ainsi que d'autres r\u00e9gions du pays, compte de nombreuses \u00e9coles internationales pour accueillir les \u00e9tudiants de diff\u00e9rents pays.","breadcrumb":{"@id":"https:\/\/barnes-portugal.com\/fr\/ecoles-internationales-a-lisbonne-cascais-et-sintra\/#breadcrumb"},"inLanguage":"fr-FR","potentialAction":[{"@type":"ReadAction","target":["https:\/\/barnes-portugal.com\/fr\/ecoles-internationales-a-lisbonne-cascais-et-sintra\/"]}]},{"@type":"ImageObject","inLanguage":"fr-FR","@id":"https:\/\/barnes-portugal.com\/fr\/ecoles-internationales-a-lisbonne-cascais-et-sintra\/#primaryimage","url":"https:\/\/barnes-portugal.com\/wp-content\/uploads\/banner-escolas-internacionais-lisboa-min.jpg","contentUrl":"https:\/\/barnes-portugal.com\/wp-content\/uploads\/banner-escolas-internacionais-lisboa-min.jpg","width":1370,"height":500,"caption":"\u00c9coles Internationales"},{"@type":"BreadcrumbList","@id":"https:\/\/barnes-portugal.com\/fr\/ecoles-internationales-a-lisbonne-cascais-et-sintra\/#breadcrumb","itemListElement":[{"@type":"ListItem","position":1,"name":"In\u00edcio","item":"https:\/\/barnes-portugal.com\/fr\/"},{"@type":"ListItem","position":2,"name":"\u00c9coles Internationales \u00e0 Lisbonne, Cascais et Sintra"}]},{"@type":"WebSite","@id":"https:\/\/barnes-portugal.com\/fr\/#website","url":"https:\/\/barnes-portugal.com\/fr\/","name":"BARNES Realty | Portugal","description":"International Luxury Real Estate","publisher":{"@id":"https:\/\/barnes-portugal.com\/fr\/#organization"},"potentialAction":[{"@type":"SearchAction","target":{"@type":"EntryPoint","urlTemplate":"https:\/\/barnes-portugal.com\/fr\/?s={search_term_string}"},"query-input":{"@type":"PropertyValueSpecification","valueRequired":true,"valueName":"search_term_string"}}],"inLanguage":"fr-FR"},{"@type":"Organization","@id":"https:\/\/barnes-portugal.com\/fr\/#organization","name":"BARNES Realty | Portugal","url":"https:\/\/barnes-portugal.com\/fr\/","logo":{"@type":"ImageObject","inLanguage":"fr-FR","@id":"https:\/\/barnes-portugal.com\/fr\/#\/schema\/logo\/image\/","url":"https:\/\/barnes-portugal.com\/wp-content\/uploads\/barnes-logo-inverse.png","contentUrl":"https:\/\/barnes-portugal.com\/wp-content\/uploads\/barnes-logo-inverse.png","width":145,"height":39,"caption":"BARNES Realty | Portugal"},"image":{"@id":"https:\/\/barnes-portugal.com\/fr\/#\/schema\/logo\/image\/"},"sameAs":["https:\/\/www.facebook.com\/barnesportugal","https:\/\/www.instagram.com\/barnes_portugal\/","https:\/\/www.linkedin.com\/company\/729926\/"]}]}},"_links":{"self":[{"href":"https:\/\/barnes-portugal.com\/fr\/wp-json\/wp\/v2\/pages\/62628"}],"collection":[{"href":"https:\/\/barnes-portugal.com\/fr\/wp-json\/wp\/v2\/pages"}],"about":[{"href":"https:\/\/barnes-portugal.com\/fr\/wp-json\/wp\/v2\/types\/page"}],"author":[{"embeddable":true,"href":"https:\/\/barnes-portugal.com\/fr\/wp-json\/wp\/v2\/users\/3"}],"replies":[{"embeddable":true,"href":"https:\/\/barnes-portugal.com\/fr\/wp-json\/wp\/v2\/comments?post=62628"}],"version-history":[{"count":9,"href":"https:\/\/barnes-portugal.com\/fr\/wp-json\/wp\/v2\/pages\/62628\/revisions"}],"predecessor-version":[{"id":99265,"href":"https:\/\/barnes-portugal.com\/fr\/wp-json\/wp\/v2\/pages\/62628\/revisions\/99265"}],"wp:featuredmedia":[{"embeddable":true,"href":"https:\/\/barnes-portugal.com\/fr\/wp-json\/wp\/v2\/media\/62707"}],"wp:attachment":[{"href":"https:\/\/barnes-portugal.com\/fr\/wp-json\/wp\/v2\/media?parent=62628"}],"curies":[{"name":"wp","href":"https:\/\/api.w.org\/{rel}","templated":true}]}}