{"id":73315,"date":"2022-12-19T17:18:24","date_gmt":"2022-12-19T17:18:24","guid":{"rendered":"https:\/\/barnes-portugal.com\/?page_id=73315"},"modified":"2022-12-22T13:20:11","modified_gmt":"2022-12-22T13:20:11","slug":"visa-pour-les-nomades-numeriques","status":"publish","type":"page","link":"https:\/\/barnes-portugal.com\/fr\/visa-pour-les-nomades-numeriques\/","title":{"rendered":"Visa Pour Digital Nomades"},"content":{"rendered":"<div class=\"text-wrapper\"><p>Le nouveau visa pour digital nomades, approuv\u00e9 dans la loi 18\/2022 du 25 ao\u00fbt, qui modifie le r\u00e9gime juridique d&rsquo;entr\u00e9e, de s\u00e9jour, de sortie et d&rsquo;expulsion des \u00e9trangers sur le territoire national, est entr\u00e9 en vigueur le 30 octobre 2022.<\/p>\n<p>Avec les diff\u00e9rents changements pr\u00e9vus, ce nouveau visa permet \u00e0 son titulaire de r\u00e9sider au Portugal afin d&rsquo;y travailler, m\u00eame \u00e0 distance, pour un individu ou une entreprise ayant sa r\u00e9sidence ou son si\u00e8ge social en dehors du territoire national.<\/p>\n<p>Il s&rsquo;agit d&rsquo;une \u00e9volution du visa D7, destin\u00e9 aux retrait\u00e9s et aux titulaires de revenus passifs, qui \u00e9tait largement utilis\u00e9 par les consulats portugais du monde entier pour permettre la r\u00e9sidence l\u00e9gale au Portugal des travailleurs \u00e0 distance et des prestataires de services.<\/p>\n<p>En plus d&rsquo;exiger la pr\u00e9sentation des documents g\u00e9n\u00e9raux pour tout type de visa de s\u00e9jour, la demande devra \u00eatre accompagn\u00e9e de quelques documents plus sp\u00e9cifiques:<\/p>\n<ul>\n<li>Dans les situations de travail subordonn\u00e9, il faudra pr\u00e9senter le contrat de travail ou la promesse de contrat de travail et la d\u00e9claration de l&#8217;employeur prouvant la relation de travail.<\/li>\n<li>Dans les situations d&rsquo;activit\u00e9 professionnelle ind\u00e9pendante, l&rsquo;un des documents suivants doit \u00eatre pr\u00e9sent\u00e9 : contrat d&rsquo;entreprise, contrat de prestation de services, proposition \u00e9crite de contrat de prestation de services ou document d\u00e9montrant les services fournis \u00e0 une ou plusieurs entit\u00e9s.<\/li>\n<\/ul>\n<p>En outre, il est \u00e9galement exig\u00e9 une preuve du revenu mensuel moyen, gagn\u00e9 dans l&rsquo;exercice de l&rsquo;activit\u00e9 professionnelle subordonn\u00e9e, ou ind\u00e9pendante dans les trois derniers mois, qui doit \u00eatre d&rsquo;une valeur minimale \u00e9quivalente \u00e0 quatre r\u00e9mun\u00e9rations mensuelles minimales garanties, ainsi que, le document attestant la r\u00e9sidence fiscale.<\/p>\n<p>Pour plus d&rsquo;informations, consultez la loi: <a href=\"https:\/\/dre.pt\/dre\/detalhe\/lei\/18-2022-200268064\" target=\"_blank\" rel=\"noopener\">https:\/\/dre.pt\/dre\/detalhe\/lei\/18-2022-200268064<\/a> ou votre avocat.<\/p>\n<\/div>","protected":false},"excerpt":{"rendered":"<p class=\"post-excerpt\">Le nouveau visa pour digital nomades, approuv\u00e9 dans la loi 18\/2022 du 25 ao\u00fbt, qui modifie le r\u00e9gime juridique d&rsquo;entr\u00e9e, de s\u00e9jour, de sortie et&#8230;\n<\/p>","protected":false},"author":1,"featured_media":73446,"parent":0,"menu_order":0,"comment_status":"closed","ping_status":"closed","template":"","meta":{"_acf_changed":false,"footnotes":""},"class_list":["page","has-post-thumbnail"],"acf":[],"yoast_head":"<!-- This site is optimized with the Yoast SEO plugin v24.6 - https:\/\/yoast.com\/wordpress\/plugins\/seo\/ -->\n<title>Visa Pour Digital Nomades | BARNES Realty | Portugal<\/title>\n<meta name=\"description\" content=\"Le nouveau visa de r\u00e9sidence pour les nomades num\u00e9riques qui modifie le r\u00e9gime juridique d&#039;entr\u00e9e, de s\u00e9jour, de sortie et d&#039;expulsion des \u00e9trangers, est entr\u00e9 en vigueur.\" \/>\n<meta name=\"robots\" content=\"index, follow, max-snippet:-1, max-image-preview:large, max-video-preview:-1\" \/>\n<link rel=\"canonical\" href=\"https:\/\/barnes-portugal.com\/fr\/visa-pour-les-nomades-numeriques\/\" \/>\n<meta property=\"og:locale\" content=\"fr_FR\" \/>\n<meta property=\"og:type\" content=\"article\" \/>\n<meta property=\"og:title\" content=\"Visa Pour Digital Nomades | BARNES Realty | Portugal\" \/>\n<meta property=\"og:description\" content=\"Le nouveau visa de r\u00e9sidence pour les nomades num\u00e9riques qui modifie le r\u00e9gime juridique d&#039;entr\u00e9e, de s\u00e9jour, de sortie et d&#039;expulsion des \u00e9trangers, est entr\u00e9 en vigueur.\" \/>\n<meta property=\"og:url\" content=\"https:\/\/barnes-portugal.com\/fr\/visa-pour-les-nomades-numeriques\/\" \/>\n<meta property=\"og:site_name\" content=\"BARNES Realty | Portugal\" \/>\n<meta property=\"article:publisher\" content=\"https:\/\/www.facebook.com\/barnesportugal\" \/>\n<meta property=\"article:modified_time\" content=\"2022-12-22T13:20:11+00:00\" \/>\n<meta property=\"og:image\" content=\"https:\/\/barnes-portugal.com\/wp-content\/uploads\/visto-para-nomadas-digitais-portugal-2-min.jpg\" \/>\n\t<meta property=\"og:image:width\" content=\"1370\" \/>\n\t<meta property=\"og:image:height\" content=\"500\" \/>\n\t<meta property=\"og:image:type\" content=\"image\/jpeg\" \/>\n<meta name=\"twitter:card\" content=\"summary_large_image\" \/>\n<meta name=\"twitter:label1\" content=\"Dur\u00e9e de lecture estim\u00e9e\" \/>\n\t<meta name=\"twitter:data1\" content=\"2 minutes\" \/>\n<script type=\"application\/ld+json\" class=\"yoast-schema-graph\">{\"@context\":\"https:\/\/schema.org\",\"@graph\":[{\"@type\":\"WebPage\",\"@id\":\"https:\/\/barnes-portugal.com\/fr\/visa-pour-les-nomades-numeriques\/\",\"url\":\"https:\/\/barnes-portugal.com\/fr\/visa-pour-les-nomades-numeriques\/\",\"name\":\"Visa Pour Digital Nomades | BARNES Realty | Portugal\",\"isPartOf\":{\"@id\":\"https:\/\/barnes-portugal.com\/fr\/#website\"},\"primaryImageOfPage\":{\"@id\":\"https:\/\/barnes-portugal.com\/fr\/visa-pour-les-nomades-numeriques\/#primaryimage\"},\"image\":{\"@id\":\"https:\/\/barnes-portugal.com\/fr\/visa-pour-les-nomades-numeriques\/#primaryimage\"},\"thumbnailUrl\":\"https:\/\/barnes-portugal.com\/wp-content\/uploads\/visto-para-nomadas-digitais-portugal-2-min.jpg\",\"datePublished\":\"2022-12-19T17:18:24+00:00\",\"dateModified\":\"2022-12-22T13:20:11+00:00\",\"description\":\"Le nouveau visa de r\u00e9sidence pour les nomades num\u00e9riques qui modifie le r\u00e9gime juridique d'entr\u00e9e, de s\u00e9jour, de sortie et d'expulsion des \u00e9trangers, est entr\u00e9 en vigueur.\",\"breadcrumb\":{\"@id\":\"https:\/\/barnes-portugal.com\/fr\/visa-pour-les-nomades-numeriques\/#breadcrumb\"},\"inLanguage\":\"fr-FR\",\"potentialAction\":[{\"@type\":\"ReadAction\",\"target\":[\"https:\/\/barnes-portugal.com\/fr\/visa-pour-les-nomades-numeriques\/\"]}]},{\"@type\":\"ImageObject\",\"inLanguage\":\"fr-FR\",\"@id\":\"https:\/\/barnes-portugal.com\/fr\/visa-pour-les-nomades-numeriques\/#primaryimage\",\"url\":\"https:\/\/barnes-portugal.com\/wp-content\/uploads\/visto-para-nomadas-digitais-portugal-2-min.jpg\",\"contentUrl\":\"https:\/\/barnes-portugal.com\/wp-content\/uploads\/visto-para-nomadas-digitais-portugal-2-min.jpg\",\"width\":1370,\"height\":500,\"caption\":\"Visto para N\u00f3madas Digitais\"},{\"@type\":\"BreadcrumbList\",\"@id\":\"https:\/\/barnes-portugal.com\/fr\/visa-pour-les-nomades-numeriques\/#breadcrumb\",\"itemListElement\":[{\"@type\":\"ListItem\",\"position\":1,\"name\":\"In\u00edcio\",\"item\":\"https:\/\/barnes-portugal.com\/fr\/\"},{\"@type\":\"ListItem\",\"position\":2,\"name\":\"Visa Pour Digital Nomades\"}]},{\"@type\":\"WebSite\",\"@id\":\"https:\/\/barnes-portugal.com\/fr\/#website\",\"url\":\"https:\/\/barnes-portugal.com\/fr\/\",\"name\":\"BARNES Realty | Portugal\",\"description\":\"International Luxury Real Estate\",\"publisher\":{\"@id\":\"https:\/\/barnes-portugal.com\/fr\/#organization\"},\"potentialAction\":[{\"@type\":\"SearchAction\",\"target\":{\"@type\":\"EntryPoint\",\"urlTemplate\":\"https:\/\/barnes-portugal.com\/fr\/?s={search_term_string}\"},\"query-input\":{\"@type\":\"PropertyValueSpecification\",\"valueRequired\":true,\"valueName\":\"search_term_string\"}}],\"inLanguage\":\"fr-FR\"},{\"@type\":\"Organization\",\"@id\":\"https:\/\/barnes-portugal.com\/fr\/#organization\",\"name\":\"BARNES Realty | Portugal\",\"url\":\"https:\/\/barnes-portugal.com\/fr\/\",\"logo\":{\"@type\":\"ImageObject\",\"inLanguage\":\"fr-FR\",\"@id\":\"https:\/\/barnes-portugal.com\/fr\/#\/schema\/logo\/image\/\",\"url\":\"https:\/\/barnes-portugal.com\/wp-content\/uploads\/barnes-logo-inverse.png\",\"contentUrl\":\"https:\/\/barnes-portugal.com\/wp-content\/uploads\/barnes-logo-inverse.png\",\"width\":145,\"height\":39,\"caption\":\"BARNES Realty | Portugal\"},\"image\":{\"@id\":\"https:\/\/barnes-portugal.com\/fr\/#\/schema\/logo\/image\/\"},\"sameAs\":[\"https:\/\/www.facebook.com\/barnesportugal\",\"https:\/\/www.instagram.com\/barnes_portugal\/\",\"https:\/\/www.linkedin.com\/company\/729926\/\"]}]}<\/script>\n<!-- \/ Yoast SEO plugin. -->","yoast_head_json":{"title":"Visa Pour Digital Nomades | BARNES Realty | Portugal","description":"Le nouveau visa de r\u00e9sidence pour les nomades num\u00e9riques qui modifie le r\u00e9gime juridique d'entr\u00e9e, de s\u00e9jour, de sortie et d'expulsion des \u00e9trangers, est entr\u00e9 en vigueur.","robots":{"index":"index","follow":"follow","max-snippet":"max-snippet:-1","max-image-preview":"max-image-preview:large","max-video-preview":"max-video-preview:-1"},"canonical":"https:\/\/barnes-portugal.com\/fr\/visa-pour-les-nomades-numeriques\/","og_locale":"fr_FR","og_type":"article","og_title":"Visa Pour Digital Nomades | BARNES Realty | Portugal","og_description":"Le nouveau visa de r\u00e9sidence pour les nomades num\u00e9riques qui modifie le r\u00e9gime juridique d'entr\u00e9e, de s\u00e9jour, de sortie et d'expulsion des \u00e9trangers, est entr\u00e9 en vigueur.","og_url":"https:\/\/barnes-portugal.com\/fr\/visa-pour-les-nomades-numeriques\/","og_site_name":"BARNES Realty | Portugal","article_publisher":"https:\/\/www.facebook.com\/barnesportugal","article_modified_time":"2022-12-22T13:20:11+00:00","og_image":[{"width":1370,"height":500,"url":"https:\/\/barnes-portugal.com\/wp-content\/uploads\/visto-para-nomadas-digitais-portugal-2-min.jpg","type":"image\/jpeg"}],"twitter_card":"summary_large_image","twitter_misc":{"Dur\u00e9e de lecture estim\u00e9e":"2 minutes"},"schema":{"@context":"https:\/\/schema.org","@graph":[{"@type":"WebPage","@id":"https:\/\/barnes-portugal.com\/fr\/visa-pour-les-nomades-numeriques\/","url":"https:\/\/barnes-portugal.com\/fr\/visa-pour-les-nomades-numeriques\/","name":"Visa Pour Digital Nomades | BARNES Realty | Portugal","isPartOf":{"@id":"https:\/\/barnes-portugal.com\/fr\/#website"},"primaryImageOfPage":{"@id":"https:\/\/barnes-portugal.com\/fr\/visa-pour-les-nomades-numeriques\/#primaryimage"},"image":{"@id":"https:\/\/barnes-portugal.com\/fr\/visa-pour-les-nomades-numeriques\/#primaryimage"},"thumbnailUrl":"https:\/\/barnes-portugal.com\/wp-content\/uploads\/visto-para-nomadas-digitais-portugal-2-min.jpg","datePublished":"2022-12-19T17:18:24+00:00","dateModified":"2022-12-22T13:20:11+00:00","description":"Le nouveau visa de r\u00e9sidence pour les nomades num\u00e9riques qui modifie le r\u00e9gime juridique d'entr\u00e9e, de s\u00e9jour, de sortie et d'expulsion des \u00e9trangers, est entr\u00e9 en vigueur.","breadcrumb":{"@id":"https:\/\/barnes-portugal.com\/fr\/visa-pour-les-nomades-numeriques\/#breadcrumb"},"inLanguage":"fr-FR","potentialAction":[{"@type":"ReadAction","target":["https:\/\/barnes-portugal.com\/fr\/visa-pour-les-nomades-numeriques\/"]}]},{"@type":"ImageObject","inLanguage":"fr-FR","@id":"https:\/\/barnes-portugal.com\/fr\/visa-pour-les-nomades-numeriques\/#primaryimage","url":"https:\/\/barnes-portugal.com\/wp-content\/uploads\/visto-para-nomadas-digitais-portugal-2-min.jpg","contentUrl":"https:\/\/barnes-portugal.com\/wp-content\/uploads\/visto-para-nomadas-digitais-portugal-2-min.jpg","width":1370,"height":500,"caption":"Visto para N\u00f3madas Digitais"},{"@type":"BreadcrumbList","@id":"https:\/\/barnes-portugal.com\/fr\/visa-pour-les-nomades-numeriques\/#breadcrumb","itemListElement":[{"@type":"ListItem","position":1,"name":"In\u00edcio","item":"https:\/\/barnes-portugal.com\/fr\/"},{"@type":"ListItem","position":2,"name":"Visa Pour Digital Nomades"}]},{"@type":"WebSite","@id":"https:\/\/barnes-portugal.com\/fr\/#website","url":"https:\/\/barnes-portugal.com\/fr\/","name":"BARNES Realty | Portugal","description":"International Luxury Real Estate","publisher":{"@id":"https:\/\/barnes-portugal.com\/fr\/#organization"},"potentialAction":[{"@type":"SearchAction","target":{"@type":"EntryPoint","urlTemplate":"https:\/\/barnes-portugal.com\/fr\/?s={search_term_string}"},"query-input":{"@type":"PropertyValueSpecification","valueRequired":true,"valueName":"search_term_string"}}],"inLanguage":"fr-FR"},{"@type":"Organization","@id":"https:\/\/barnes-portugal.com\/fr\/#organization","name":"BARNES Realty | Portugal","url":"https:\/\/barnes-portugal.com\/fr\/","logo":{"@type":"ImageObject","inLanguage":"fr-FR","@id":"https:\/\/barnes-portugal.com\/fr\/#\/schema\/logo\/image\/","url":"https:\/\/barnes-portugal.com\/wp-content\/uploads\/barnes-logo-inverse.png","contentUrl":"https:\/\/barnes-portugal.com\/wp-content\/uploads\/barnes-logo-inverse.png","width":145,"height":39,"caption":"BARNES Realty | Portugal"},"image":{"@id":"https:\/\/barnes-portugal.com\/fr\/#\/schema\/logo\/image\/"},"sameAs":["https:\/\/www.facebook.com\/barnesportugal","https:\/\/www.instagram.com\/barnes_portugal\/","https:\/\/www.linkedin.com\/company\/729926\/"]}]}},"_links":{"self":[{"href":"https:\/\/barnes-portugal.com\/fr\/wp-json\/wp\/v2\/pages\/73315"}],"collection":[{"href":"https:\/\/barnes-portugal.com\/fr\/wp-json\/wp\/v2\/pages"}],"about":[{"href":"https:\/\/barnes-portugal.com\/fr\/wp-json\/wp\/v2\/types\/page"}],"author":[{"embeddable":true,"href":"https:\/\/barnes-portugal.com\/fr\/wp-json\/wp\/v2\/users\/1"}],"replies":[{"embeddable":true,"href":"https:\/\/barnes-portugal.com\/fr\/wp-json\/wp\/v2\/comments?post=73315"}],"version-history":[{"count":0,"href":"https:\/\/barnes-portugal.com\/fr\/wp-json\/wp\/v2\/pages\/73315\/revisions"}],"wp:featuredmedia":[{"embeddable":true,"href":"https:\/\/barnes-portugal.com\/fr\/wp-json\/wp\/v2\/media\/73446"}],"wp:attachment":[{"href":"https:\/\/barnes-portugal.com\/fr\/wp-json\/wp\/v2\/media?parent=73315"}],"curies":[{"name":"wp","href":"https:\/\/api.w.org\/{rel}","templated":true}]}}